{"id":956,"date":"2021-03-15T15:01:43","date_gmt":"2021-03-15T13:01:43","guid":{"rendered":"https:\/\/solicom-verisafe.com\/?page_id=956"},"modified":"2025-05-15T18:34:42","modified_gmt":"2025-05-15T16:34:42","slug":"schrumpffolie-transport-schrumpffolie","status":"publish","type":"page","link":"https:\/\/solicom-verisafe.com\/de\/schrumpffolie\/transport-schrumpffolie\/","title":{"rendered":"Transport-Schrumpffolie"},"content":{"rendered":"<h1>Transport-Schrumpffolie<\/h1>\n<p>Der Transport von Waren ist mit einer <strong>enormen Verantwortung<\/strong> verbunden. Ihre Kunden verlassen sich darauf, dass Sie Waren \u00fcber lange Strecken transportieren <strong>, ohne dass diese besch\u00e4digt werden<\/strong>. Bei einigen gro\u00dfen Objekten mit seltsamen Formen kann dies eine entmutigende Aufgabe sein. <a href=\"https:\/\/solicom-verisafe.com\/en\/products\/\"><strong>Schrumpffolie<\/strong><\/a> hat im Transportsektor eine wichtige Anwendung gefunden. Unsere <strong>Verisafe Transport-<\/strong> und <strong>Ladungsschrumpffolie<\/strong> sch\u00fctzt Gegenst\u00e4nde aller Gr\u00f6\u00dfen vor Staub und Witterungseinfl\u00fcssen.   <\/p>\n<p>Manche Transportauftr\u00e4ge bringen <strong>einzigartige Herausforderungen<\/strong> mit sich. Manchmal passen Objekte nicht in einen Standard-Anh\u00e4nger. Dadurch ist es sch\u00e4dlichen Faktoren von au\u00dfen ausgesetzt und <strong>anf\u00e4llig f\u00fcr Sch\u00e4den<\/strong>. Unabh\u00e4ngig von der Gr\u00f6\u00dfe Ihrer Fracht ist die <strong>Transportverpackung<\/strong> die L\u00f6sung der Wahl f\u00fcr jedes Transportunternehmen, das mit diesen Problemen konfrontiert ist. Mit <strong>einer Transportverpackung<\/strong> k\u00f6nnen Sie sogar einen Hubschrauber verpacken. Es gibt keinen besseren Weg, die G\u00fcter, die Sie transportieren, zu sch\u00fctzen.    <\/p>\n","protected":false},"excerpt":{"rendered":"<p>Transport-Schrumpffolie Der Transport von Waren ist mit einer enormen Verantwortung verbunden. Ihre Kunden verlassen sich darauf, dass Sie Waren \u00fcber&#8230;<\/p>\n","protected":false},"author":2,"featured_media":0,"parent":816,"menu_order":0,"comment_status":"closed","ping_status":"closed","template":"","meta":{"_acf_changed":false,"inline_featured_image":false,"footnotes":""},"class_list":["post-956","page","type-page","status-publish","hentry"],"acf":[],"yoast_head":"<!-- This site is optimized with the Yoast SEO plugin v27.0 - https:\/\/yoast.com\/product\/yoast-seo-wordpress\/ -->\n<title>Transport-Schrumpffolie | Solicom Verisafe - W\u00e4rmeschrumpffolien<\/title>\n<meta name=\"description\" content=\"Verisafe Transport-Schrumpfverpackungen und Frachtverpackungen sind der ideale Schutz. Sch\u00fctzen Sie wertvolle Fracht und verhindern Sie, dass Waren besch\u00e4digt werden.\" \/>\n<meta name=\"robots\" content=\"index, follow, max-snippet:-1, max-image-preview:large, max-video-preview:-1\" \/>\n<link rel=\"canonical\" href=\"https:\/\/solicom-verisafe.com\/de\/schrumpffolie\/transport-schrumpffolie\/\" \/>\n<meta property=\"og:locale\" content=\"de_DE\" \/>\n<meta property=\"og:type\" content=\"article\" \/>\n<meta property=\"og:title\" content=\"Transport-Schrumpffolie | Solicom Verisafe - W\u00e4rmeschrumpffolien\" \/>\n<meta property=\"og:description\" content=\"Verisafe Transport-Schrumpfverpackungen und Frachtverpackungen sind der ideale Schutz. Sch\u00fctzen Sie wertvolle Fracht und verhindern Sie, dass Waren besch\u00e4digt werden.\" \/>\n<meta property=\"og:url\" content=\"https:\/\/solicom-verisafe.com\/de\/schrumpffolie\/transport-schrumpffolie\/\" \/>\n<meta property=\"og:site_name\" content=\"Solicom Verisafe\" \/>\n<meta property=\"article:publisher\" content=\"https:\/\/www.facebook.com\/solicomverisafe\/\" \/>\n<meta property=\"article:modified_time\" content=\"2025-05-15T16:34:42+00:00\" \/>\n<meta name=\"twitter:card\" content=\"summary_large_image\" \/>\n<meta name=\"twitter:label1\" content=\"Gesch\u00e4tzte Lesezeit\" \/>\n\t<meta name=\"twitter:data1\" content=\"7\u00a0Minuten\" \/>\n<script type=\"application\/ld+json\" class=\"yoast-schema-graph\">{\"@context\":\"https:\/\/schema.org\",\"@graph\":[{\"@type\":\"WebPage\",\"@id\":\"https:\/\/solicom-verisafe.com\/de\/schrumpffolie\/transport-schrumpffolie\/\",\"url\":\"https:\/\/solicom-verisafe.com\/de\/schrumpffolie\/transport-schrumpffolie\/\",\"name\":\"Transport-Schrumpffolie | Solicom Verisafe - W\u00e4rmeschrumpffolien\",\"isPartOf\":{\"@id\":\"https:\/\/solicom-verisafe.com\/de\/#website\"},\"datePublished\":\"2021-03-15T13:01:43+00:00\",\"dateModified\":\"2025-05-15T16:34:42+00:00\",\"description\":\"Verisafe Transport-Schrumpfverpackungen und Frachtverpackungen sind der ideale Schutz. Sch\u00fctzen Sie wertvolle Fracht und verhindern Sie, dass Waren besch\u00e4digt werden.\",\"breadcrumb\":{\"@id\":\"https:\/\/solicom-verisafe.com\/de\/schrumpffolie\/transport-schrumpffolie\/#breadcrumb\"},\"inLanguage\":\"de\",\"potentialAction\":[{\"@type\":\"ReadAction\",\"target\":[\"https:\/\/solicom-verisafe.com\/de\/schrumpffolie\/transport-schrumpffolie\/\"]}]},{\"@type\":\"BreadcrumbList\",\"@id\":\"https:\/\/solicom-verisafe.com\/de\/schrumpffolie\/transport-schrumpffolie\/#breadcrumb\",\"itemListElement\":[{\"@type\":\"ListItem\",\"position\":1,\"name\":\"Home\",\"item\":\"https:\/\/solicom-verisafe.com\/de\/\"},{\"@type\":\"ListItem\",\"position\":2,\"name\":\"Anwendungen f\u00fcr Schrumpffolie\",\"item\":\"https:\/\/solicom-verisafe.com\/de\/schrumpffolie-2\/\"},{\"@type\":\"ListItem\",\"position\":3,\"name\":\"Transport-Schrumpffolie\"}]},{\"@type\":\"WebSite\",\"@id\":\"https:\/\/solicom-verisafe.com\/de\/#website\",\"url\":\"https:\/\/solicom-verisafe.com\/de\/\",\"name\":\"Solicom Verisafe\",\"description\":\"\",\"publisher\":{\"@id\":\"https:\/\/solicom-verisafe.com\/de\/#organization\"},\"potentialAction\":[{\"@type\":\"SearchAction\",\"target\":{\"@type\":\"EntryPoint\",\"urlTemplate\":\"https:\/\/solicom-verisafe.com\/de\/?s={search_term_string}\"},\"query-input\":{\"@type\":\"PropertyValueSpecification\",\"valueRequired\":true,\"valueName\":\"search_term_string\"}}],\"inLanguage\":\"de\"},{\"@type\":\"Organization\",\"@id\":\"https:\/\/solicom-verisafe.com\/de\/#organization\",\"name\":\"Solicom Verisafe\",\"url\":\"https:\/\/solicom-verisafe.com\/de\/\",\"logo\":{\"@type\":\"ImageObject\",\"inLanguage\":\"de\",\"@id\":\"https:\/\/solicom-verisafe.com\/de\/#\/schema\/logo\/image\/\",\"url\":\"https:\/\/solicom-verisafe.com\/wp-content\/uploads\/2020\/01\/home_banner.jpg\",\"contentUrl\":\"https:\/\/solicom-verisafe.com\/wp-content\/uploads\/2020\/01\/home_banner.jpg\",\"width\":1920,\"height\":832,\"caption\":\"Solicom Verisafe\"},\"image\":{\"@id\":\"https:\/\/solicom-verisafe.com\/de\/#\/schema\/logo\/image\/\"},\"sameAs\":[\"https:\/\/www.facebook.com\/solicomverisafe\/\"]}]}<\/script>\n<!-- \/ Yoast SEO plugin. -->","yoast_head_json":{"title":"Transport-Schrumpffolie | Solicom Verisafe - W\u00e4rmeschrumpffolien","description":"Verisafe Transport-Schrumpfverpackungen und Frachtverpackungen sind der ideale Schutz. Sch\u00fctzen Sie wertvolle Fracht und verhindern Sie, dass Waren besch\u00e4digt werden.","robots":{"index":"index","follow":"follow","max-snippet":"max-snippet:-1","max-image-preview":"max-image-preview:large","max-video-preview":"max-video-preview:-1"},"canonical":"https:\/\/solicom-verisafe.com\/de\/schrumpffolie\/transport-schrumpffolie\/","og_locale":"de_DE","og_type":"article","og_title":"Transport-Schrumpffolie | Solicom Verisafe - W\u00e4rmeschrumpffolien","og_description":"Verisafe Transport-Schrumpfverpackungen und Frachtverpackungen sind der ideale Schutz. Sch\u00fctzen Sie wertvolle Fracht und verhindern Sie, dass Waren besch\u00e4digt werden.","og_url":"https:\/\/solicom-verisafe.com\/de\/schrumpffolie\/transport-schrumpffolie\/","og_site_name":"Solicom Verisafe","article_publisher":"https:\/\/www.facebook.com\/solicomverisafe\/","article_modified_time":"2025-05-15T16:34:42+00:00","twitter_card":"summary_large_image","twitter_misc":{"Gesch\u00e4tzte Lesezeit":"7\u00a0Minuten"},"schema":{"@context":"https:\/\/schema.org","@graph":[{"@type":"WebPage","@id":"https:\/\/solicom-verisafe.com\/de\/schrumpffolie\/transport-schrumpffolie\/","url":"https:\/\/solicom-verisafe.com\/de\/schrumpffolie\/transport-schrumpffolie\/","name":"Transport-Schrumpffolie | Solicom Verisafe - W\u00e4rmeschrumpffolien","isPartOf":{"@id":"https:\/\/solicom-verisafe.com\/de\/#website"},"datePublished":"2021-03-15T13:01:43+00:00","dateModified":"2025-05-15T16:34:42+00:00","description":"Verisafe Transport-Schrumpfverpackungen und Frachtverpackungen sind der ideale Schutz. Sch\u00fctzen Sie wertvolle Fracht und verhindern Sie, dass Waren besch\u00e4digt werden.","breadcrumb":{"@id":"https:\/\/solicom-verisafe.com\/de\/schrumpffolie\/transport-schrumpffolie\/#breadcrumb"},"inLanguage":"de","potentialAction":[{"@type":"ReadAction","target":["https:\/\/solicom-verisafe.com\/de\/schrumpffolie\/transport-schrumpffolie\/"]}]},{"@type":"BreadcrumbList","@id":"https:\/\/solicom-verisafe.com\/de\/schrumpffolie\/transport-schrumpffolie\/#breadcrumb","itemListElement":[{"@type":"ListItem","position":1,"name":"Home","item":"https:\/\/solicom-verisafe.com\/de\/"},{"@type":"ListItem","position":2,"name":"Anwendungen f\u00fcr Schrumpffolie","item":"https:\/\/solicom-verisafe.com\/de\/schrumpffolie-2\/"},{"@type":"ListItem","position":3,"name":"Transport-Schrumpffolie"}]},{"@type":"WebSite","@id":"https:\/\/solicom-verisafe.com\/de\/#website","url":"https:\/\/solicom-verisafe.com\/de\/","name":"Solicom Verisafe","description":"","publisher":{"@id":"https:\/\/solicom-verisafe.com\/de\/#organization"},"potentialAction":[{"@type":"SearchAction","target":{"@type":"EntryPoint","urlTemplate":"https:\/\/solicom-verisafe.com\/de\/?s={search_term_string}"},"query-input":{"@type":"PropertyValueSpecification","valueRequired":true,"valueName":"search_term_string"}}],"inLanguage":"de"},{"@type":"Organization","@id":"https:\/\/solicom-verisafe.com\/de\/#organization","name":"Solicom Verisafe","url":"https:\/\/solicom-verisafe.com\/de\/","logo":{"@type":"ImageObject","inLanguage":"de","@id":"https:\/\/solicom-verisafe.com\/de\/#\/schema\/logo\/image\/","url":"https:\/\/solicom-verisafe.com\/wp-content\/uploads\/2020\/01\/home_banner.jpg","contentUrl":"https:\/\/solicom-verisafe.com\/wp-content\/uploads\/2020\/01\/home_banner.jpg","width":1920,"height":832,"caption":"Solicom Verisafe"},"image":{"@id":"https:\/\/solicom-verisafe.com\/de\/#\/schema\/logo\/image\/"},"sameAs":["https:\/\/www.facebook.com\/solicomverisafe\/"]}]}},"_links":{"self":[{"href":"https:\/\/solicom-verisafe.com\/de\/wp-json\/wp\/v2\/pages\/956","targetHints":{"allow":["GET"]}}],"collection":[{"href":"https:\/\/solicom-verisafe.com\/de\/wp-json\/wp\/v2\/pages"}],"about":[{"href":"https:\/\/solicom-verisafe.com\/de\/wp-json\/wp\/v2\/types\/page"}],"author":[{"embeddable":true,"href":"https:\/\/solicom-verisafe.com\/de\/wp-json\/wp\/v2\/users\/2"}],"replies":[{"embeddable":true,"href":"https:\/\/solicom-verisafe.com\/de\/wp-json\/wp\/v2\/comments?post=956"}],"version-history":[{"count":7,"href":"https:\/\/solicom-verisafe.com\/de\/wp-json\/wp\/v2\/pages\/956\/revisions"}],"predecessor-version":[{"id":3719,"href":"https:\/\/solicom-verisafe.com\/de\/wp-json\/wp\/v2\/pages\/956\/revisions\/3719"}],"up":[{"embeddable":true,"href":"https:\/\/solicom-verisafe.com\/de\/wp-json\/wp\/v2\/pages\/816"}],"wp:attachment":[{"href":"https:\/\/solicom-verisafe.com\/de\/wp-json\/wp\/v2\/media?parent=956"}],"curies":[{"name":"wp","href":"https:\/\/api.w.org\/{rel}","templated":true}]}}