{"id":950,"date":"2021-03-15T15:01:43","date_gmt":"2021-03-15T13:01:43","guid":{"rendered":"https:\/\/solicom-verisafe.com\/?page_id=950"},"modified":"2025-05-15T18:35:24","modified_gmt":"2025-05-15T16:35:24","slug":"schrumpffolie-werft-schrumpffolie","status":"publish","type":"page","link":"https:\/\/solicom-verisafe.com\/de\/schrumpffolie\/werft-schrumpffolie\/","title":{"rendered":"Schrumpffolie f\u00fcr Werften"},"content":{"rendered":"<h1>Schrumpffolie f\u00fcr Werften<\/h1>\n<p>Schiffswerften sind Umgebungen, die mit <strong>vielen Herausforderungen<\/strong> konfrontiert sind. Solicom bietet f\u00fcr jede Situation die richtige L\u00f6sung. Probleme k\u00f6nnen beim <strong>Offshore-Bau, bei der Reparatur oder Renovierung von Booten und Schiffen<\/strong> auftreten. Schirmen Sie Ihren Arbeitsplatz w\u00e4hrend der Wartungsarbeiten ab. Schirmen Sie die Elemente ab und halten Sie Schwei\u00dfr\u00fcckst\u00e4nde drinnen. <strong>Verisafe <a href=\"https:\/\/solicom-verisafe.com\/en\/products\/\">Werft-Schrumpfverpackungen<\/a><\/strong> zeichnen sich durch ihre <strong>gro\u00dfe Breite<\/strong> (bis zu 16 m), ihre <strong>Schrumpfkraft<\/strong> und ihre <strong>UV-Best\u00e4ndigkeit<\/strong> aus.    <\/p>\n","protected":false},"excerpt":{"rendered":"<p>Schrumpffolie f\u00fcr Werften Schiffswerften sind Umgebungen, die mit vielen Herausforderungen konfrontiert sind. Solicom bietet f\u00fcr jede Situation die richtige L\u00f6sung&#8230;.<\/p>\n","protected":false},"author":2,"featured_media":0,"parent":816,"menu_order":0,"comment_status":"closed","ping_status":"closed","template":"","meta":{"_acf_changed":false,"inline_featured_image":false,"footnotes":""},"class_list":["post-950","page","type-page","status-publish","hentry"],"acf":[],"yoast_head":"<!-- This site is optimized with the Yoast SEO plugin v27.0 - https:\/\/yoast.com\/product\/yoast-seo-wordpress\/ -->\n<title>Schrumpffolie f\u00fcr Werften | Solicom Verisafe - W\u00e4rmeschrumpffolien<\/title>\n<meta name=\"description\" content=\"Verkapseln Sie Ihren Arbeitsbereich beim Bau, bei der Reparatur oder Renovierung von Booten mit strapazierf\u00e4higer Werftschrumpffolie.\" \/>\n<meta name=\"robots\" content=\"index, follow, max-snippet:-1, max-image-preview:large, max-video-preview:-1\" \/>\n<link rel=\"canonical\" href=\"https:\/\/solicom-verisafe.com\/de\/schrumpffolie\/werft-schrumpffolie\/\" \/>\n<meta property=\"og:locale\" content=\"de_DE\" \/>\n<meta property=\"og:type\" content=\"article\" \/>\n<meta property=\"og:title\" content=\"Schrumpffolie f\u00fcr Werften | Solicom Verisafe - W\u00e4rmeschrumpffolien\" \/>\n<meta property=\"og:description\" content=\"Verkapseln Sie Ihren Arbeitsbereich beim Bau, bei der Reparatur oder Renovierung von Booten mit strapazierf\u00e4higer Werftschrumpffolie.\" \/>\n<meta property=\"og:url\" content=\"https:\/\/solicom-verisafe.com\/de\/schrumpffolie\/werft-schrumpffolie\/\" \/>\n<meta property=\"og:site_name\" content=\"Solicom Verisafe\" \/>\n<meta property=\"article:publisher\" content=\"https:\/\/www.facebook.com\/solicomverisafe\/\" \/>\n<meta property=\"article:modified_time\" content=\"2025-05-15T16:35:24+00:00\" \/>\n<meta name=\"twitter:card\" content=\"summary_large_image\" \/>\n<meta name=\"twitter:label1\" content=\"Gesch\u00e4tzte Lesezeit\" \/>\n\t<meta name=\"twitter:data1\" content=\"2\u00a0Minuten\" \/>\n<script type=\"application\/ld+json\" class=\"yoast-schema-graph\">{\"@context\":\"https:\/\/schema.org\",\"@graph\":[{\"@type\":\"WebPage\",\"@id\":\"https:\/\/solicom-verisafe.com\/de\/schrumpffolie\/werft-schrumpffolie\/\",\"url\":\"https:\/\/solicom-verisafe.com\/de\/schrumpffolie\/werft-schrumpffolie\/\",\"name\":\"Schrumpffolie f\u00fcr Werften | Solicom Verisafe - W\u00e4rmeschrumpffolien\",\"isPartOf\":{\"@id\":\"https:\/\/solicom-verisafe.com\/de\/#website\"},\"datePublished\":\"2021-03-15T13:01:43+00:00\",\"dateModified\":\"2025-05-15T16:35:24+00:00\",\"description\":\"Verkapseln Sie Ihren Arbeitsbereich beim Bau, bei der Reparatur oder Renovierung von Booten mit strapazierf\u00e4higer Werftschrumpffolie.\",\"breadcrumb\":{\"@id\":\"https:\/\/solicom-verisafe.com\/de\/schrumpffolie\/werft-schrumpffolie\/#breadcrumb\"},\"inLanguage\":\"de\",\"potentialAction\":[{\"@type\":\"ReadAction\",\"target\":[\"https:\/\/solicom-verisafe.com\/de\/schrumpffolie\/werft-schrumpffolie\/\"]}]},{\"@type\":\"BreadcrumbList\",\"@id\":\"https:\/\/solicom-verisafe.com\/de\/schrumpffolie\/werft-schrumpffolie\/#breadcrumb\",\"itemListElement\":[{\"@type\":\"ListItem\",\"position\":1,\"name\":\"Home\",\"item\":\"https:\/\/solicom-verisafe.com\/de\/\"},{\"@type\":\"ListItem\",\"position\":2,\"name\":\"Anwendungen f\u00fcr Schrumpffolie\",\"item\":\"https:\/\/solicom-verisafe.com\/de\/schrumpffolie-2\/\"},{\"@type\":\"ListItem\",\"position\":3,\"name\":\"Schrumpffolie f\u00fcr Werften\"}]},{\"@type\":\"WebSite\",\"@id\":\"https:\/\/solicom-verisafe.com\/de\/#website\",\"url\":\"https:\/\/solicom-verisafe.com\/de\/\",\"name\":\"Solicom Verisafe\",\"description\":\"\",\"publisher\":{\"@id\":\"https:\/\/solicom-verisafe.com\/de\/#organization\"},\"potentialAction\":[{\"@type\":\"SearchAction\",\"target\":{\"@type\":\"EntryPoint\",\"urlTemplate\":\"https:\/\/solicom-verisafe.com\/de\/?s={search_term_string}\"},\"query-input\":{\"@type\":\"PropertyValueSpecification\",\"valueRequired\":true,\"valueName\":\"search_term_string\"}}],\"inLanguage\":\"de\"},{\"@type\":\"Organization\",\"@id\":\"https:\/\/solicom-verisafe.com\/de\/#organization\",\"name\":\"Solicom Verisafe\",\"url\":\"https:\/\/solicom-verisafe.com\/de\/\",\"logo\":{\"@type\":\"ImageObject\",\"inLanguage\":\"de\",\"@id\":\"https:\/\/solicom-verisafe.com\/de\/#\/schema\/logo\/image\/\",\"url\":\"https:\/\/solicom-verisafe.com\/wp-content\/uploads\/2020\/01\/home_banner.jpg\",\"contentUrl\":\"https:\/\/solicom-verisafe.com\/wp-content\/uploads\/2020\/01\/home_banner.jpg\",\"width\":1920,\"height\":832,\"caption\":\"Solicom Verisafe\"},\"image\":{\"@id\":\"https:\/\/solicom-verisafe.com\/de\/#\/schema\/logo\/image\/\"},\"sameAs\":[\"https:\/\/www.facebook.com\/solicomverisafe\/\"]}]}<\/script>\n<!-- \/ Yoast SEO plugin. -->","yoast_head_json":{"title":"Schrumpffolie f\u00fcr Werften | Solicom Verisafe - W\u00e4rmeschrumpffolien","description":"Verkapseln Sie Ihren Arbeitsbereich beim Bau, bei der Reparatur oder Renovierung von Booten mit strapazierf\u00e4higer Werftschrumpffolie.","robots":{"index":"index","follow":"follow","max-snippet":"max-snippet:-1","max-image-preview":"max-image-preview:large","max-video-preview":"max-video-preview:-1"},"canonical":"https:\/\/solicom-verisafe.com\/de\/schrumpffolie\/werft-schrumpffolie\/","og_locale":"de_DE","og_type":"article","og_title":"Schrumpffolie f\u00fcr Werften | Solicom Verisafe - W\u00e4rmeschrumpffolien","og_description":"Verkapseln Sie Ihren Arbeitsbereich beim Bau, bei der Reparatur oder Renovierung von Booten mit strapazierf\u00e4higer Werftschrumpffolie.","og_url":"https:\/\/solicom-verisafe.com\/de\/schrumpffolie\/werft-schrumpffolie\/","og_site_name":"Solicom Verisafe","article_publisher":"https:\/\/www.facebook.com\/solicomverisafe\/","article_modified_time":"2025-05-15T16:35:24+00:00","twitter_card":"summary_large_image","twitter_misc":{"Gesch\u00e4tzte Lesezeit":"2\u00a0Minuten"},"schema":{"@context":"https:\/\/schema.org","@graph":[{"@type":"WebPage","@id":"https:\/\/solicom-verisafe.com\/de\/schrumpffolie\/werft-schrumpffolie\/","url":"https:\/\/solicom-verisafe.com\/de\/schrumpffolie\/werft-schrumpffolie\/","name":"Schrumpffolie f\u00fcr Werften | Solicom Verisafe - W\u00e4rmeschrumpffolien","isPartOf":{"@id":"https:\/\/solicom-verisafe.com\/de\/#website"},"datePublished":"2021-03-15T13:01:43+00:00","dateModified":"2025-05-15T16:35:24+00:00","description":"Verkapseln Sie Ihren Arbeitsbereich beim Bau, bei der Reparatur oder Renovierung von Booten mit strapazierf\u00e4higer Werftschrumpffolie.","breadcrumb":{"@id":"https:\/\/solicom-verisafe.com\/de\/schrumpffolie\/werft-schrumpffolie\/#breadcrumb"},"inLanguage":"de","potentialAction":[{"@type":"ReadAction","target":["https:\/\/solicom-verisafe.com\/de\/schrumpffolie\/werft-schrumpffolie\/"]}]},{"@type":"BreadcrumbList","@id":"https:\/\/solicom-verisafe.com\/de\/schrumpffolie\/werft-schrumpffolie\/#breadcrumb","itemListElement":[{"@type":"ListItem","position":1,"name":"Home","item":"https:\/\/solicom-verisafe.com\/de\/"},{"@type":"ListItem","position":2,"name":"Anwendungen f\u00fcr Schrumpffolie","item":"https:\/\/solicom-verisafe.com\/de\/schrumpffolie-2\/"},{"@type":"ListItem","position":3,"name":"Schrumpffolie f\u00fcr Werften"}]},{"@type":"WebSite","@id":"https:\/\/solicom-verisafe.com\/de\/#website","url":"https:\/\/solicom-verisafe.com\/de\/","name":"Solicom Verisafe","description":"","publisher":{"@id":"https:\/\/solicom-verisafe.com\/de\/#organization"},"potentialAction":[{"@type":"SearchAction","target":{"@type":"EntryPoint","urlTemplate":"https:\/\/solicom-verisafe.com\/de\/?s={search_term_string}"},"query-input":{"@type":"PropertyValueSpecification","valueRequired":true,"valueName":"search_term_string"}}],"inLanguage":"de"},{"@type":"Organization","@id":"https:\/\/solicom-verisafe.com\/de\/#organization","name":"Solicom Verisafe","url":"https:\/\/solicom-verisafe.com\/de\/","logo":{"@type":"ImageObject","inLanguage":"de","@id":"https:\/\/solicom-verisafe.com\/de\/#\/schema\/logo\/image\/","url":"https:\/\/solicom-verisafe.com\/wp-content\/uploads\/2020\/01\/home_banner.jpg","contentUrl":"https:\/\/solicom-verisafe.com\/wp-content\/uploads\/2020\/01\/home_banner.jpg","width":1920,"height":832,"caption":"Solicom Verisafe"},"image":{"@id":"https:\/\/solicom-verisafe.com\/de\/#\/schema\/logo\/image\/"},"sameAs":["https:\/\/www.facebook.com\/solicomverisafe\/"]}]}},"_links":{"self":[{"href":"https:\/\/solicom-verisafe.com\/de\/wp-json\/wp\/v2\/pages\/950","targetHints":{"allow":["GET"]}}],"collection":[{"href":"https:\/\/solicom-verisafe.com\/de\/wp-json\/wp\/v2\/pages"}],"about":[{"href":"https:\/\/solicom-verisafe.com\/de\/wp-json\/wp\/v2\/types\/page"}],"author":[{"embeddable":true,"href":"https:\/\/solicom-verisafe.com\/de\/wp-json\/wp\/v2\/users\/2"}],"replies":[{"embeddable":true,"href":"https:\/\/solicom-verisafe.com\/de\/wp-json\/wp\/v2\/comments?post=950"}],"version-history":[{"count":6,"href":"https:\/\/solicom-verisafe.com\/de\/wp-json\/wp\/v2\/pages\/950\/revisions"}],"predecessor-version":[{"id":2759,"href":"https:\/\/solicom-verisafe.com\/de\/wp-json\/wp\/v2\/pages\/950\/revisions\/2759"}],"up":[{"embeddable":true,"href":"https:\/\/solicom-verisafe.com\/de\/wp-json\/wp\/v2\/pages\/816"}],"wp:attachment":[{"href":"https:\/\/solicom-verisafe.com\/de\/wp-json\/wp\/v2\/media?parent=950"}],"curies":[{"name":"wp","href":"https:\/\/api.w.org\/{rel}","templated":true}]}}