{"id":944,"date":"2021-03-15T15:01:43","date_gmt":"2021-03-15T13:01:43","guid":{"rendered":"https:\/\/solicom-verisafe.com\/?page_id=944"},"modified":"2025-05-15T18:35:15","modified_gmt":"2025-05-15T16:35:15","slug":"schrumpffolie-boot-schrumpffolie","status":"publish","type":"page","link":"https:\/\/solicom-verisafe.com\/de\/schrumpffolie-2\/schrumpffolie-boot-schrumpffolie\/","title":{"rendered":"Boot einlaufen lassen"},"content":{"rendered":"<h1>Boot Schrumpffolie<\/h1>\n<p>Suchen Sie nach einer soliden L\u00f6sung, um <strong>Ihr Boot oder Ihre Yacht<\/strong> w\u00e4hrend der Wintermonate vor Unwetter oder Sch\u00e4den <strong>zu sch\u00fctzen<\/strong>? Eine <strong>sch\u00fctzende Bootspackung<\/strong> mit einer <a href=\"https:\/\/solicom-verisafe.com\/en\/products\/\"><strong>hochwertigen Schrumpffolie<\/strong><\/a> bietet eine zuverl\u00e4ssige L\u00f6sung. <\/p>\n<p>W\u00e4hrend des Winters halten unz\u00e4hlige Bootsbesitzer ihre Boote vom Wasser fern. In dieser Zeit ist es wichtig, dass Ihr Boot in einwandfreiem Zustand bleibt. <strong>W\u00e4rmeschrumpfende Bootsfolien<\/strong> sch\u00fctzen Ihre Yacht oder Ihr Segelboot vor Sch\u00e4den. <\/p>\n<p>Solicom ist auf den Schutz von industriellen Anwendungen spezialisiert. Die <strong>Verisafe Schrumpffolie f\u00fcr Boote bietet optimalen Schutz<\/strong><strong> vor Sonne, Wind, rauem Wetter, Staub und anderen sch\u00e4dlichen Einfl\u00fcssen<\/strong>. Die hautenge H\u00fclle erm\u00f6glicht es Ihnen, ein Boot gesch\u00fctzt vor Witterungseinfl\u00fcssen und anderen sch\u00e4dlichen Faktoren zu transportieren. Aus diesem Grund ist Verisafe Schrumpfschlauch ein Favorit unter Bootsliebhabern geworden.<br \/>\n<script type=\"application\/ld+json\">\n{\n  \"@context\": \"https:\/\/schema.org\",\n  \"@type\": \"Article\",\n  \"mainEntityOfPage\": {\n    \"@type\": \"WebPage\",\n    \"@id\": \"https:\/\/solicom-verisafe.com\/en\/applications\/boat\"\n  },\n  \"headline\": \"Shrink wrap for boats\",\n  \"description\": \"The page focuses on Solicom's Verisafe shrink wrap for boats, an ideal solution for protecting boats and yachts from harsh weather, particularly during winter storage and transport. Verisafe offers exceptional protection against UV rays, moisture, and dust, while maintaining the vivid colors of the boat. Its high-grade puncture resistance, fire retardant properties, and bidirectional shrinking capability make it suitable for boats with irregular shapes. The product has been fine-tuned for easy application, with lower welding temperatures and reduced puncturing risk. This eco-friendly solution, made from recyclable polyethylene, refutes misconceptions about environmental harm. Catering to both individual boat owners and shipyards, Verisafe's boat wrap ensures long-term preservation and maintains the vessel's condition, making it a preferred choice for marine industry professionals and enthusiasts alike. Solicom maintains a large stock for prompt delivery, ensuring availability for a range of boat sizes and custom requirements.\",\n  \"image\": \"\",  \n  \"author\": {\n    \"@type\": \"Organization\",\n    \"name\": \"Solicom Verisafe\"\n  },  \n  \"publisher\": {\n    \"@type\": \"Organization\",\n    \"name\": \"Solicom Verisafe\",\n    \"logo\": {\n      \"@type\": \"ImageObject\",\n      \"url\": \"\"\n    }\n  },\n  \"datePublished\": \"\"\n}\n<\/script><\/p>\n","protected":false},"excerpt":{"rendered":"<p>Boot Schrumpffolie Suchen Sie nach einer soliden L\u00f6sung, um Ihr Boot oder Ihre Yacht w\u00e4hrend der Wintermonate vor Unwetter oder&#8230;<\/p>\n","protected":false},"author":2,"featured_media":0,"parent":816,"menu_order":0,"comment_status":"closed","ping_status":"closed","template":"","meta":{"_acf_changed":false,"inline_featured_image":false,"footnotes":""},"class_list":["post-944","page","type-page","status-publish","hentry"],"acf":[],"yoast_head":"<!-- This site is optimized with the Yoast SEO plugin v27.0 - https:\/\/yoast.com\/product\/yoast-seo-wordpress\/ -->\n<title>Schrumpffolie f\u00fcr Boote | Solicom Verisafe - W\u00e4rmeschrumpfverpackungen<\/title>\n<meta name=\"description\" content=\"Die Verisafe Schrumpffolie f\u00fcr Boote ist der beste Weg, um Ihre Investition zu sch\u00fctzen. Sch\u00fctzen Sie Ihr Boot oder Ihre Yacht und halten Sie es in hervorragendem Zustand.\" \/>\n<meta name=\"robots\" content=\"index, follow, max-snippet:-1, max-image-preview:large, max-video-preview:-1\" \/>\n<link rel=\"canonical\" href=\"https:\/\/solicom-verisafe.com\/de\/schrumpffolie-2\/schrumpffolie-boot-schrumpffolie\/\" \/>\n<meta property=\"og:locale\" content=\"de_DE\" \/>\n<meta property=\"og:type\" content=\"article\" \/>\n<meta property=\"og:title\" content=\"Schrumpffolie f\u00fcr Boote | Solicom Verisafe - W\u00e4rmeschrumpfverpackungen\" \/>\n<meta property=\"og:description\" content=\"Die Verisafe Schrumpffolie f\u00fcr Boote ist der beste Weg, um Ihre Investition zu sch\u00fctzen. Sch\u00fctzen Sie Ihr Boot oder Ihre Yacht und halten Sie es in hervorragendem Zustand.\" \/>\n<meta property=\"og:url\" content=\"https:\/\/solicom-verisafe.com\/de\/schrumpffolie-2\/schrumpffolie-boot-schrumpffolie\/\" \/>\n<meta property=\"og:site_name\" content=\"Solicom Verisafe\" \/>\n<meta property=\"article:publisher\" content=\"https:\/\/www.facebook.com\/solicomverisafe\/\" \/>\n<meta property=\"article:modified_time\" content=\"2025-05-15T16:35:15+00:00\" \/>\n<meta name=\"twitter:card\" content=\"summary_large_image\" \/>\n<meta name=\"twitter:label1\" content=\"Gesch\u00e4tzte Lesezeit\" \/>\n\t<meta name=\"twitter:data1\" content=\"8\u00a0Minuten\" \/>\n<script type=\"application\/ld+json\" class=\"yoast-schema-graph\">{\"@context\":\"https:\/\/schema.org\",\"@graph\":[{\"@type\":\"WebPage\",\"@id\":\"https:\/\/solicom-verisafe.com\/de\/schrumpffolie-2\/schrumpffolie-boot-schrumpffolie\/\",\"url\":\"https:\/\/solicom-verisafe.com\/de\/schrumpffolie-2\/schrumpffolie-boot-schrumpffolie\/\",\"name\":\"Schrumpffolie f\u00fcr Boote | Solicom Verisafe - W\u00e4rmeschrumpfverpackungen\",\"isPartOf\":{\"@id\":\"https:\/\/solicom-verisafe.com\/de\/#website\"},\"datePublished\":\"2021-03-15T13:01:43+00:00\",\"dateModified\":\"2025-05-15T16:35:15+00:00\",\"description\":\"Die Verisafe Schrumpffolie f\u00fcr Boote ist der beste Weg, um Ihre Investition zu sch\u00fctzen. Sch\u00fctzen Sie Ihr Boot oder Ihre Yacht und halten Sie es in hervorragendem Zustand.\",\"breadcrumb\":{\"@id\":\"https:\/\/solicom-verisafe.com\/de\/schrumpffolie-2\/schrumpffolie-boot-schrumpffolie\/#breadcrumb\"},\"inLanguage\":\"de\",\"potentialAction\":[{\"@type\":\"ReadAction\",\"target\":[\"https:\/\/solicom-verisafe.com\/de\/schrumpffolie-2\/schrumpffolie-boot-schrumpffolie\/\"]}]},{\"@type\":\"BreadcrumbList\",\"@id\":\"https:\/\/solicom-verisafe.com\/de\/schrumpffolie-2\/schrumpffolie-boot-schrumpffolie\/#breadcrumb\",\"itemListElement\":[{\"@type\":\"ListItem\",\"position\":1,\"name\":\"Home\",\"item\":\"https:\/\/solicom-verisafe.com\/de\/\"},{\"@type\":\"ListItem\",\"position\":2,\"name\":\"Anwendungen f\u00fcr Schrumpffolie\",\"item\":\"https:\/\/solicom-verisafe.com\/de\/schrumpffolie-2\/\"},{\"@type\":\"ListItem\",\"position\":3,\"name\":\"Boot einlaufen lassen\"}]},{\"@type\":\"WebSite\",\"@id\":\"https:\/\/solicom-verisafe.com\/de\/#website\",\"url\":\"https:\/\/solicom-verisafe.com\/de\/\",\"name\":\"Solicom Verisafe\",\"description\":\"\",\"publisher\":{\"@id\":\"https:\/\/solicom-verisafe.com\/de\/#organization\"},\"potentialAction\":[{\"@type\":\"SearchAction\",\"target\":{\"@type\":\"EntryPoint\",\"urlTemplate\":\"https:\/\/solicom-verisafe.com\/de\/?s={search_term_string}\"},\"query-input\":{\"@type\":\"PropertyValueSpecification\",\"valueRequired\":true,\"valueName\":\"search_term_string\"}}],\"inLanguage\":\"de\"},{\"@type\":\"Organization\",\"@id\":\"https:\/\/solicom-verisafe.com\/de\/#organization\",\"name\":\"Solicom Verisafe\",\"url\":\"https:\/\/solicom-verisafe.com\/de\/\",\"logo\":{\"@type\":\"ImageObject\",\"inLanguage\":\"de\",\"@id\":\"https:\/\/solicom-verisafe.com\/de\/#\/schema\/logo\/image\/\",\"url\":\"https:\/\/solicom-verisafe.com\/wp-content\/uploads\/2020\/01\/home_banner.jpg\",\"contentUrl\":\"https:\/\/solicom-verisafe.com\/wp-content\/uploads\/2020\/01\/home_banner.jpg\",\"width\":1920,\"height\":832,\"caption\":\"Solicom Verisafe\"},\"image\":{\"@id\":\"https:\/\/solicom-verisafe.com\/de\/#\/schema\/logo\/image\/\"},\"sameAs\":[\"https:\/\/www.facebook.com\/solicomverisafe\/\"]}]}<\/script>\n<!-- \/ Yoast SEO plugin. -->","yoast_head_json":{"title":"Schrumpffolie f\u00fcr Boote | Solicom Verisafe - W\u00e4rmeschrumpfverpackungen","description":"Die Verisafe Schrumpffolie f\u00fcr Boote ist der beste Weg, um Ihre Investition zu sch\u00fctzen. Sch\u00fctzen Sie Ihr Boot oder Ihre Yacht und halten Sie es in hervorragendem Zustand.","robots":{"index":"index","follow":"follow","max-snippet":"max-snippet:-1","max-image-preview":"max-image-preview:large","max-video-preview":"max-video-preview:-1"},"canonical":"https:\/\/solicom-verisafe.com\/de\/schrumpffolie-2\/schrumpffolie-boot-schrumpffolie\/","og_locale":"de_DE","og_type":"article","og_title":"Schrumpffolie f\u00fcr Boote | Solicom Verisafe - W\u00e4rmeschrumpfverpackungen","og_description":"Die Verisafe Schrumpffolie f\u00fcr Boote ist der beste Weg, um Ihre Investition zu sch\u00fctzen. Sch\u00fctzen Sie Ihr Boot oder Ihre Yacht und halten Sie es in hervorragendem Zustand.","og_url":"https:\/\/solicom-verisafe.com\/de\/schrumpffolie-2\/schrumpffolie-boot-schrumpffolie\/","og_site_name":"Solicom Verisafe","article_publisher":"https:\/\/www.facebook.com\/solicomverisafe\/","article_modified_time":"2025-05-15T16:35:15+00:00","twitter_card":"summary_large_image","twitter_misc":{"Gesch\u00e4tzte Lesezeit":"8\u00a0Minuten"},"schema":{"@context":"https:\/\/schema.org","@graph":[{"@type":"WebPage","@id":"https:\/\/solicom-verisafe.com\/de\/schrumpffolie-2\/schrumpffolie-boot-schrumpffolie\/","url":"https:\/\/solicom-verisafe.com\/de\/schrumpffolie-2\/schrumpffolie-boot-schrumpffolie\/","name":"Schrumpffolie f\u00fcr Boote | Solicom Verisafe - W\u00e4rmeschrumpfverpackungen","isPartOf":{"@id":"https:\/\/solicom-verisafe.com\/de\/#website"},"datePublished":"2021-03-15T13:01:43+00:00","dateModified":"2025-05-15T16:35:15+00:00","description":"Die Verisafe Schrumpffolie f\u00fcr Boote ist der beste Weg, um Ihre Investition zu sch\u00fctzen. Sch\u00fctzen Sie Ihr Boot oder Ihre Yacht und halten Sie es in hervorragendem Zustand.","breadcrumb":{"@id":"https:\/\/solicom-verisafe.com\/de\/schrumpffolie-2\/schrumpffolie-boot-schrumpffolie\/#breadcrumb"},"inLanguage":"de","potentialAction":[{"@type":"ReadAction","target":["https:\/\/solicom-verisafe.com\/de\/schrumpffolie-2\/schrumpffolie-boot-schrumpffolie\/"]}]},{"@type":"BreadcrumbList","@id":"https:\/\/solicom-verisafe.com\/de\/schrumpffolie-2\/schrumpffolie-boot-schrumpffolie\/#breadcrumb","itemListElement":[{"@type":"ListItem","position":1,"name":"Home","item":"https:\/\/solicom-verisafe.com\/de\/"},{"@type":"ListItem","position":2,"name":"Anwendungen f\u00fcr Schrumpffolie","item":"https:\/\/solicom-verisafe.com\/de\/schrumpffolie-2\/"},{"@type":"ListItem","position":3,"name":"Boot einlaufen lassen"}]},{"@type":"WebSite","@id":"https:\/\/solicom-verisafe.com\/de\/#website","url":"https:\/\/solicom-verisafe.com\/de\/","name":"Solicom Verisafe","description":"","publisher":{"@id":"https:\/\/solicom-verisafe.com\/de\/#organization"},"potentialAction":[{"@type":"SearchAction","target":{"@type":"EntryPoint","urlTemplate":"https:\/\/solicom-verisafe.com\/de\/?s={search_term_string}"},"query-input":{"@type":"PropertyValueSpecification","valueRequired":true,"valueName":"search_term_string"}}],"inLanguage":"de"},{"@type":"Organization","@id":"https:\/\/solicom-verisafe.com\/de\/#organization","name":"Solicom Verisafe","url":"https:\/\/solicom-verisafe.com\/de\/","logo":{"@type":"ImageObject","inLanguage":"de","@id":"https:\/\/solicom-verisafe.com\/de\/#\/schema\/logo\/image\/","url":"https:\/\/solicom-verisafe.com\/wp-content\/uploads\/2020\/01\/home_banner.jpg","contentUrl":"https:\/\/solicom-verisafe.com\/wp-content\/uploads\/2020\/01\/home_banner.jpg","width":1920,"height":832,"caption":"Solicom Verisafe"},"image":{"@id":"https:\/\/solicom-verisafe.com\/de\/#\/schema\/logo\/image\/"},"sameAs":["https:\/\/www.facebook.com\/solicomverisafe\/"]}]}},"_links":{"self":[{"href":"https:\/\/solicom-verisafe.com\/de\/wp-json\/wp\/v2\/pages\/944","targetHints":{"allow":["GET"]}}],"collection":[{"href":"https:\/\/solicom-verisafe.com\/de\/wp-json\/wp\/v2\/pages"}],"about":[{"href":"https:\/\/solicom-verisafe.com\/de\/wp-json\/wp\/v2\/types\/page"}],"author":[{"embeddable":true,"href":"https:\/\/solicom-verisafe.com\/de\/wp-json\/wp\/v2\/users\/2"}],"replies":[{"embeddable":true,"href":"https:\/\/solicom-verisafe.com\/de\/wp-json\/wp\/v2\/comments?post=944"}],"version-history":[{"count":12,"href":"https:\/\/solicom-verisafe.com\/de\/wp-json\/wp\/v2\/pages\/944\/revisions"}],"predecessor-version":[{"id":3725,"href":"https:\/\/solicom-verisafe.com\/de\/wp-json\/wp\/v2\/pages\/944\/revisions\/3725"}],"up":[{"embeddable":true,"href":"https:\/\/solicom-verisafe.com\/de\/wp-json\/wp\/v2\/pages\/816"}],"wp:attachment":[{"href":"https:\/\/solicom-verisafe.com\/de\/wp-json\/wp\/v2\/media?parent=944"}],"curies":[{"name":"wp","href":"https:\/\/api.w.org\/{rel}","templated":true}]}}