{"id":938,"date":"2021-03-15T15:01:42","date_gmt":"2021-03-15T13:01:42","guid":{"rendered":"https:\/\/solicom-verisafe.com\/?page_id=938"},"modified":"2025-05-15T18:36:13","modified_gmt":"2025-05-15T16:36:13","slug":"schrumpffolie-marine-schrumpffolie","status":"publish","type":"page","link":"https:\/\/solicom-verisafe.com\/de\/schrumpffolie\/marine-schrumpffolie\/","title":{"rendered":"Marine Schrumpffolie"},"content":{"rendered":"<h1>Marine Schrumpffolie<\/h1>\n<p>Die Schifffahrtsindustrie setzt hohe Standards f\u00fcr Schrumpfverpackungen. Verisafe liefert Qualit\u00e4tsl\u00f6sungen f\u00fcr die \u00dcberwinterung, den Transport, den Schiffsbau, die Lagerung und mehr. Wir helfen Ihnen, die Investitionen, die Sie in Ihre Schiffe get\u00e4tigt haben, mit <strong>hochwertiger Schrumpfverpackung<\/strong> zu sch\u00fctzen.  <\/p>\n<p>Hochwertige Marine <a href=\"https:\/\/solicom-verisafe.com\/en\/products\/\"><strong>Schrumpffolie<\/strong><\/a> ist der beste Weg, um Boote oder Yachten vor \u00e4u\u00dferen Einfl\u00fcssen zu sch\u00fctzen.<\/p>\n","protected":false},"excerpt":{"rendered":"<p>Marine Schrumpffolie Die Schifffahrtsindustrie setzt hohe Standards f\u00fcr Schrumpfverpackungen. Verisafe liefert Qualit\u00e4tsl\u00f6sungen f\u00fcr die \u00dcberwinterung, den Transport, den Schiffsbau, die&#8230;<\/p>\n","protected":false},"author":2,"featured_media":0,"parent":816,"menu_order":0,"comment_status":"closed","ping_status":"closed","template":"","meta":{"_acf_changed":false,"inline_featured_image":false,"footnotes":""},"class_list":["post-938","page","type-page","status-publish","hentry"],"acf":[],"yoast_head":"<!-- This site is optimized with the Yoast SEO plugin v27.0 - https:\/\/yoast.com\/product\/yoast-seo-wordpress\/ -->\n<title>Schrumpffolie f\u00fcr die Schifffahrt | Solicom Verisafe - W\u00e4rmeschrumpfverpackungen<\/title>\n<meta name=\"description\" content=\"Verisafe Marine-Schrumpffolie ist die perfekte L\u00f6sung, um Ihr Schiff zu kapseln. Sch\u00fctzen Sie Ihre wertvolle Investition vor der Au\u00dfenwelt.\" \/>\n<meta name=\"robots\" content=\"index, follow, max-snippet:-1, max-image-preview:large, max-video-preview:-1\" \/>\n<link rel=\"canonical\" href=\"https:\/\/solicom-verisafe.com\/de\/schrumpffolie\/marine-schrumpffolie\/\" \/>\n<meta property=\"og:locale\" content=\"de_DE\" \/>\n<meta property=\"og:type\" content=\"article\" \/>\n<meta property=\"og:title\" content=\"Schrumpffolie f\u00fcr die Schifffahrt | Solicom Verisafe - W\u00e4rmeschrumpfverpackungen\" \/>\n<meta property=\"og:description\" content=\"Verisafe Marine-Schrumpffolie ist die perfekte L\u00f6sung, um Ihr Schiff zu kapseln. Sch\u00fctzen Sie Ihre wertvolle Investition vor der Au\u00dfenwelt.\" \/>\n<meta property=\"og:url\" content=\"https:\/\/solicom-verisafe.com\/de\/schrumpffolie\/marine-schrumpffolie\/\" \/>\n<meta property=\"og:site_name\" content=\"Solicom Verisafe\" \/>\n<meta property=\"article:publisher\" content=\"https:\/\/www.facebook.com\/solicomverisafe\/\" \/>\n<meta property=\"article:modified_time\" content=\"2025-05-15T16:36:13+00:00\" \/>\n<meta name=\"twitter:card\" content=\"summary_large_image\" \/>\n<meta name=\"twitter:label1\" content=\"Gesch\u00e4tzte Lesezeit\" \/>\n\t<meta name=\"twitter:data1\" content=\"2\u00a0Minuten\" \/>\n<script type=\"application\/ld+json\" class=\"yoast-schema-graph\">{\"@context\":\"https:\/\/schema.org\",\"@graph\":[{\"@type\":\"WebPage\",\"@id\":\"https:\/\/solicom-verisafe.com\/de\/schrumpffolie\/marine-schrumpffolie\/\",\"url\":\"https:\/\/solicom-verisafe.com\/de\/schrumpffolie\/marine-schrumpffolie\/\",\"name\":\"Schrumpffolie f\u00fcr die Schifffahrt | Solicom Verisafe - W\u00e4rmeschrumpfverpackungen\",\"isPartOf\":{\"@id\":\"https:\/\/solicom-verisafe.com\/de\/#website\"},\"datePublished\":\"2021-03-15T13:01:42+00:00\",\"dateModified\":\"2025-05-15T16:36:13+00:00\",\"description\":\"Verisafe Marine-Schrumpffolie ist die perfekte L\u00f6sung, um Ihr Schiff zu kapseln. Sch\u00fctzen Sie Ihre wertvolle Investition vor der Au\u00dfenwelt.\",\"breadcrumb\":{\"@id\":\"https:\/\/solicom-verisafe.com\/de\/schrumpffolie\/marine-schrumpffolie\/#breadcrumb\"},\"inLanguage\":\"de\",\"potentialAction\":[{\"@type\":\"ReadAction\",\"target\":[\"https:\/\/solicom-verisafe.com\/de\/schrumpffolie\/marine-schrumpffolie\/\"]}]},{\"@type\":\"BreadcrumbList\",\"@id\":\"https:\/\/solicom-verisafe.com\/de\/schrumpffolie\/marine-schrumpffolie\/#breadcrumb\",\"itemListElement\":[{\"@type\":\"ListItem\",\"position\":1,\"name\":\"Home\",\"item\":\"https:\/\/solicom-verisafe.com\/de\/\"},{\"@type\":\"ListItem\",\"position\":2,\"name\":\"Anwendungen f\u00fcr Schrumpffolie\",\"item\":\"https:\/\/solicom-verisafe.com\/de\/schrumpffolie-2\/\"},{\"@type\":\"ListItem\",\"position\":3,\"name\":\"Marine Schrumpffolie\"}]},{\"@type\":\"WebSite\",\"@id\":\"https:\/\/solicom-verisafe.com\/de\/#website\",\"url\":\"https:\/\/solicom-verisafe.com\/de\/\",\"name\":\"Solicom Verisafe\",\"description\":\"\",\"publisher\":{\"@id\":\"https:\/\/solicom-verisafe.com\/de\/#organization\"},\"potentialAction\":[{\"@type\":\"SearchAction\",\"target\":{\"@type\":\"EntryPoint\",\"urlTemplate\":\"https:\/\/solicom-verisafe.com\/de\/?s={search_term_string}\"},\"query-input\":{\"@type\":\"PropertyValueSpecification\",\"valueRequired\":true,\"valueName\":\"search_term_string\"}}],\"inLanguage\":\"de\"},{\"@type\":\"Organization\",\"@id\":\"https:\/\/solicom-verisafe.com\/de\/#organization\",\"name\":\"Solicom Verisafe\",\"url\":\"https:\/\/solicom-verisafe.com\/de\/\",\"logo\":{\"@type\":\"ImageObject\",\"inLanguage\":\"de\",\"@id\":\"https:\/\/solicom-verisafe.com\/de\/#\/schema\/logo\/image\/\",\"url\":\"https:\/\/solicom-verisafe.com\/wp-content\/uploads\/2020\/01\/home_banner.jpg\",\"contentUrl\":\"https:\/\/solicom-verisafe.com\/wp-content\/uploads\/2020\/01\/home_banner.jpg\",\"width\":1920,\"height\":832,\"caption\":\"Solicom Verisafe\"},\"image\":{\"@id\":\"https:\/\/solicom-verisafe.com\/de\/#\/schema\/logo\/image\/\"},\"sameAs\":[\"https:\/\/www.facebook.com\/solicomverisafe\/\"]}]}<\/script>\n<!-- \/ Yoast SEO plugin. -->","yoast_head_json":{"title":"Schrumpffolie f\u00fcr die Schifffahrt | Solicom Verisafe - W\u00e4rmeschrumpfverpackungen","description":"Verisafe Marine-Schrumpffolie ist die perfekte L\u00f6sung, um Ihr Schiff zu kapseln. Sch\u00fctzen Sie Ihre wertvolle Investition vor der Au\u00dfenwelt.","robots":{"index":"index","follow":"follow","max-snippet":"max-snippet:-1","max-image-preview":"max-image-preview:large","max-video-preview":"max-video-preview:-1"},"canonical":"https:\/\/solicom-verisafe.com\/de\/schrumpffolie\/marine-schrumpffolie\/","og_locale":"de_DE","og_type":"article","og_title":"Schrumpffolie f\u00fcr die Schifffahrt | Solicom Verisafe - W\u00e4rmeschrumpfverpackungen","og_description":"Verisafe Marine-Schrumpffolie ist die perfekte L\u00f6sung, um Ihr Schiff zu kapseln. Sch\u00fctzen Sie Ihre wertvolle Investition vor der Au\u00dfenwelt.","og_url":"https:\/\/solicom-verisafe.com\/de\/schrumpffolie\/marine-schrumpffolie\/","og_site_name":"Solicom Verisafe","article_publisher":"https:\/\/www.facebook.com\/solicomverisafe\/","article_modified_time":"2025-05-15T16:36:13+00:00","twitter_card":"summary_large_image","twitter_misc":{"Gesch\u00e4tzte Lesezeit":"2\u00a0Minuten"},"schema":{"@context":"https:\/\/schema.org","@graph":[{"@type":"WebPage","@id":"https:\/\/solicom-verisafe.com\/de\/schrumpffolie\/marine-schrumpffolie\/","url":"https:\/\/solicom-verisafe.com\/de\/schrumpffolie\/marine-schrumpffolie\/","name":"Schrumpffolie f\u00fcr die Schifffahrt | Solicom Verisafe - W\u00e4rmeschrumpfverpackungen","isPartOf":{"@id":"https:\/\/solicom-verisafe.com\/de\/#website"},"datePublished":"2021-03-15T13:01:42+00:00","dateModified":"2025-05-15T16:36:13+00:00","description":"Verisafe Marine-Schrumpffolie ist die perfekte L\u00f6sung, um Ihr Schiff zu kapseln. Sch\u00fctzen Sie Ihre wertvolle Investition vor der Au\u00dfenwelt.","breadcrumb":{"@id":"https:\/\/solicom-verisafe.com\/de\/schrumpffolie\/marine-schrumpffolie\/#breadcrumb"},"inLanguage":"de","potentialAction":[{"@type":"ReadAction","target":["https:\/\/solicom-verisafe.com\/de\/schrumpffolie\/marine-schrumpffolie\/"]}]},{"@type":"BreadcrumbList","@id":"https:\/\/solicom-verisafe.com\/de\/schrumpffolie\/marine-schrumpffolie\/#breadcrumb","itemListElement":[{"@type":"ListItem","position":1,"name":"Home","item":"https:\/\/solicom-verisafe.com\/de\/"},{"@type":"ListItem","position":2,"name":"Anwendungen f\u00fcr Schrumpffolie","item":"https:\/\/solicom-verisafe.com\/de\/schrumpffolie-2\/"},{"@type":"ListItem","position":3,"name":"Marine Schrumpffolie"}]},{"@type":"WebSite","@id":"https:\/\/solicom-verisafe.com\/de\/#website","url":"https:\/\/solicom-verisafe.com\/de\/","name":"Solicom Verisafe","description":"","publisher":{"@id":"https:\/\/solicom-verisafe.com\/de\/#organization"},"potentialAction":[{"@type":"SearchAction","target":{"@type":"EntryPoint","urlTemplate":"https:\/\/solicom-verisafe.com\/de\/?s={search_term_string}"},"query-input":{"@type":"PropertyValueSpecification","valueRequired":true,"valueName":"search_term_string"}}],"inLanguage":"de"},{"@type":"Organization","@id":"https:\/\/solicom-verisafe.com\/de\/#organization","name":"Solicom Verisafe","url":"https:\/\/solicom-verisafe.com\/de\/","logo":{"@type":"ImageObject","inLanguage":"de","@id":"https:\/\/solicom-verisafe.com\/de\/#\/schema\/logo\/image\/","url":"https:\/\/solicom-verisafe.com\/wp-content\/uploads\/2020\/01\/home_banner.jpg","contentUrl":"https:\/\/solicom-verisafe.com\/wp-content\/uploads\/2020\/01\/home_banner.jpg","width":1920,"height":832,"caption":"Solicom Verisafe"},"image":{"@id":"https:\/\/solicom-verisafe.com\/de\/#\/schema\/logo\/image\/"},"sameAs":["https:\/\/www.facebook.com\/solicomverisafe\/"]}]}},"_links":{"self":[{"href":"https:\/\/solicom-verisafe.com\/de\/wp-json\/wp\/v2\/pages\/938","targetHints":{"allow":["GET"]}}],"collection":[{"href":"https:\/\/solicom-verisafe.com\/de\/wp-json\/wp\/v2\/pages"}],"about":[{"href":"https:\/\/solicom-verisafe.com\/de\/wp-json\/wp\/v2\/types\/page"}],"author":[{"embeddable":true,"href":"https:\/\/solicom-verisafe.com\/de\/wp-json\/wp\/v2\/users\/2"}],"replies":[{"embeddable":true,"href":"https:\/\/solicom-verisafe.com\/de\/wp-json\/wp\/v2\/comments?post=938"}],"version-history":[{"count":6,"href":"https:\/\/solicom-verisafe.com\/de\/wp-json\/wp\/v2\/pages\/938\/revisions"}],"predecessor-version":[{"id":2763,"href":"https:\/\/solicom-verisafe.com\/de\/wp-json\/wp\/v2\/pages\/938\/revisions\/2763"}],"up":[{"embeddable":true,"href":"https:\/\/solicom-verisafe.com\/de\/wp-json\/wp\/v2\/pages\/816"}],"wp:attachment":[{"href":"https:\/\/solicom-verisafe.com\/de\/wp-json\/wp\/v2\/media?parent=938"}],"curies":[{"name":"wp","href":"https:\/\/api.w.org\/{rel}","templated":true}]}}