{"id":924,"date":"2021-03-15T15:01:42","date_gmt":"2021-03-15T13:01:42","guid":{"rendered":"https:\/\/solicom-verisafe.com\/?page_id=924"},"modified":"2025-05-15T18:35:56","modified_gmt":"2025-05-15T16:35:56","slug":"schrumpffolie-industrie-schrumpffolie","status":"publish","type":"page","link":"https:\/\/solicom-verisafe.com\/de\/schrumpffolie-2\/schrumpffolie-industrie-schrumpffolie\/","title":{"rendered":"Industrielle Schrumpffolie"},"content":{"rendered":"<h1><strong>Industrielle Schrumpffolie<\/strong><\/h1>\n<p>Die Herstellung von <strong>industrieller Schrumpffolie<\/strong> ist ein <a href=\"https:\/\/solicom-verisafe.com\/de\/faq\/industriell\/wie-wird-die-industrielle-schrumpffolie-angebracht\/\"><strong>Prozess<\/strong><\/a> der eine Menge Forschung erfordert. Unsere Kunden verlassen sich darauf, dass wir eine qualitativ hochwertige industrielle Schrumpffolie liefern, die <strong>genau die richtigen Eigenschaften f\u00fcr ihre Bed\u00fcrfnisse<\/strong> hat. Verisafe ist die perfekte L\u00f6sung f\u00fcr verschiedene industrielle Anwendungen.  <\/p>\n<p>Wir bieten flammhemmende und UV-best\u00e4ndige <a href=\"https:\/\/solicom-verisafe.com\/en\/products\/\"><strong>Schrumpffolie<\/strong><\/a> die f\u00fcr jede Aufgabe geeignet sind. Fragen Sie unsere Experten, was am besten f\u00fcr Ihr Projekt geeignet ist. <\/p>\n<p><script type=\"application\/ld+json\">\n{\n  \"@context\": \"https:\/\/schema.org\",\n  \"@type\": \"Article\",\n  \"mainEntityOfPage\": {\n    \"@type\": \"WebPage\",\n    \"@id\": \"https:\/\/solicom-verisafe.com\/en\/applications\/industrial\/\"\n  },\n  \"headline\": \"Industrial shrink wrap\",\n  \"description\": \"This page outlines the benefits and applications of Solicom's Verisafe industrial shrink wrap. Designed for various industrial uses, Verisafe shrink wrap offers key features such as high puncture resistance, wind resistance up to 150 kph, fire retardancy, and UV protection. It's particularly effective in transportation, shipyards, and large construction sites due to its snug, airtight fit and enhanced protective qualities. Solicom emphasizes continuous improvement of their product, achieved through feedback and partnerships with clients. This customer-centric approach has earned them global trust in the industrial sector. Moreover, they highlight the eco-friendliness of their shrink wrap, made from recyclable polyethylene, dispelling misconceptions about its environmental impact. Solicom maintains a large stock for quick delivery, catering to both large and small businesses. Their range also includes specialized wraps for boats, marine applications, scaffolding, shipyards, transport, and aviation.\",\n  \"image\": \"\",  \n  \"author\": {\n    \"@type\": \"Organization\",\n    \"name\": \"Solicom Verisafe\"\n  },  \n  \"publisher\": {\n    \"@type\": \"Organization\",\n    \"name\": \"Solicom Verisafe\",\n    \"logo\": {\n      \"@type\": \"ImageObject\",\n      \"url\": \"\"\n    }\n  },\n  \"datePublished\": \"\"\n}\n<\/script><\/p>\n","protected":false},"excerpt":{"rendered":"<p>Industrielle Schrumpffolie Die Herstellung von industrieller Schrumpffolie ist ein Prozess der eine Menge Forschung erfordert. Unsere Kunden verlassen sich darauf,&#8230;<\/p>\n","protected":false},"author":1,"featured_media":0,"parent":816,"menu_order":0,"comment_status":"closed","ping_status":"closed","template":"","meta":{"_acf_changed":false,"inline_featured_image":false,"footnotes":""},"class_list":["post-924","page","type-page","status-publish","hentry"],"acf":[],"yoast_head":"<!-- This site is optimized with the Yoast SEO plugin v27.0 - https:\/\/yoast.com\/product\/yoast-seo-wordpress\/ -->\n<title>Industrielle Schrumpffolie | Solicom Verisafe - W\u00e4rmeschrumpffolien<\/title>\n<meta name=\"description\" content=\"Leistungsstarke industrielle Schrumpffolie ist die ideale L\u00f6sung f\u00fcr eine Vielzahl von Anwendungen. Versuchen Sie, \u00e4u\u00dfere Einfl\u00fcsse abzuschirmen.\" \/>\n<meta name=\"robots\" content=\"index, follow, max-snippet:-1, max-image-preview:large, max-video-preview:-1\" \/>\n<link rel=\"canonical\" href=\"https:\/\/solicom-verisafe.com\/de\/schrumpffolie-2\/schrumpffolie-industrie-schrumpffolie\/\" \/>\n<meta property=\"og:locale\" content=\"de_DE\" \/>\n<meta property=\"og:type\" content=\"article\" \/>\n<meta property=\"og:title\" content=\"Industrielle Schrumpffolie | Solicom Verisafe - W\u00e4rmeschrumpffolien\" \/>\n<meta property=\"og:description\" content=\"Leistungsstarke industrielle Schrumpffolie ist die ideale L\u00f6sung f\u00fcr eine Vielzahl von Anwendungen. Versuchen Sie, \u00e4u\u00dfere Einfl\u00fcsse abzuschirmen.\" \/>\n<meta property=\"og:url\" content=\"https:\/\/solicom-verisafe.com\/de\/schrumpffolie-2\/schrumpffolie-industrie-schrumpffolie\/\" \/>\n<meta property=\"og:site_name\" content=\"Solicom Verisafe\" \/>\n<meta property=\"article:publisher\" content=\"https:\/\/www.facebook.com\/solicomverisafe\/\" \/>\n<meta property=\"article:modified_time\" content=\"2025-05-15T16:35:56+00:00\" \/>\n<meta name=\"twitter:card\" content=\"summary_large_image\" \/>\n<meta name=\"twitter:label1\" content=\"Gesch\u00e4tzte Lesezeit\" \/>\n\t<meta name=\"twitter:data1\" content=\"2\u00a0Minuten\" \/>\n<script type=\"application\/ld+json\" class=\"yoast-schema-graph\">{\"@context\":\"https:\/\/schema.org\",\"@graph\":[{\"@type\":\"WebPage\",\"@id\":\"https:\/\/solicom-verisafe.com\/de\/schrumpffolie-2\/schrumpffolie-industrie-schrumpffolie\/\",\"url\":\"https:\/\/solicom-verisafe.com\/de\/schrumpffolie-2\/schrumpffolie-industrie-schrumpffolie\/\",\"name\":\"Industrielle Schrumpffolie | Solicom Verisafe - W\u00e4rmeschrumpffolien\",\"isPartOf\":{\"@id\":\"https:\/\/solicom-verisafe.com\/de\/#website\"},\"datePublished\":\"2021-03-15T13:01:42+00:00\",\"dateModified\":\"2025-05-15T16:35:56+00:00\",\"description\":\"Leistungsstarke industrielle Schrumpffolie ist die ideale L\u00f6sung f\u00fcr eine Vielzahl von Anwendungen. Versuchen Sie, \u00e4u\u00dfere Einfl\u00fcsse abzuschirmen.\",\"breadcrumb\":{\"@id\":\"https:\/\/solicom-verisafe.com\/de\/schrumpffolie-2\/schrumpffolie-industrie-schrumpffolie\/#breadcrumb\"},\"inLanguage\":\"de\",\"potentialAction\":[{\"@type\":\"ReadAction\",\"target\":[\"https:\/\/solicom-verisafe.com\/de\/schrumpffolie-2\/schrumpffolie-industrie-schrumpffolie\/\"]}]},{\"@type\":\"BreadcrumbList\",\"@id\":\"https:\/\/solicom-verisafe.com\/de\/schrumpffolie-2\/schrumpffolie-industrie-schrumpffolie\/#breadcrumb\",\"itemListElement\":[{\"@type\":\"ListItem\",\"position\":1,\"name\":\"Home\",\"item\":\"https:\/\/solicom-verisafe.com\/de\/\"},{\"@type\":\"ListItem\",\"position\":2,\"name\":\"Anwendungen f\u00fcr Schrumpffolie\",\"item\":\"https:\/\/solicom-verisafe.com\/de\/schrumpffolie-2\/\"},{\"@type\":\"ListItem\",\"position\":3,\"name\":\"Industrielle Schrumpffolie\"}]},{\"@type\":\"WebSite\",\"@id\":\"https:\/\/solicom-verisafe.com\/de\/#website\",\"url\":\"https:\/\/solicom-verisafe.com\/de\/\",\"name\":\"Solicom Verisafe\",\"description\":\"\",\"publisher\":{\"@id\":\"https:\/\/solicom-verisafe.com\/de\/#organization\"},\"potentialAction\":[{\"@type\":\"SearchAction\",\"target\":{\"@type\":\"EntryPoint\",\"urlTemplate\":\"https:\/\/solicom-verisafe.com\/de\/?s={search_term_string}\"},\"query-input\":{\"@type\":\"PropertyValueSpecification\",\"valueRequired\":true,\"valueName\":\"search_term_string\"}}],\"inLanguage\":\"de\"},{\"@type\":\"Organization\",\"@id\":\"https:\/\/solicom-verisafe.com\/de\/#organization\",\"name\":\"Solicom Verisafe\",\"url\":\"https:\/\/solicom-verisafe.com\/de\/\",\"logo\":{\"@type\":\"ImageObject\",\"inLanguage\":\"de\",\"@id\":\"https:\/\/solicom-verisafe.com\/de\/#\/schema\/logo\/image\/\",\"url\":\"https:\/\/solicom-verisafe.com\/wp-content\/uploads\/2020\/01\/home_banner.jpg\",\"contentUrl\":\"https:\/\/solicom-verisafe.com\/wp-content\/uploads\/2020\/01\/home_banner.jpg\",\"width\":1920,\"height\":832,\"caption\":\"Solicom Verisafe\"},\"image\":{\"@id\":\"https:\/\/solicom-verisafe.com\/de\/#\/schema\/logo\/image\/\"},\"sameAs\":[\"https:\/\/www.facebook.com\/solicomverisafe\/\"]}]}<\/script>\n<!-- \/ Yoast SEO plugin. -->","yoast_head_json":{"title":"Industrielle Schrumpffolie | Solicom Verisafe - W\u00e4rmeschrumpffolien","description":"Leistungsstarke industrielle Schrumpffolie ist die ideale L\u00f6sung f\u00fcr eine Vielzahl von Anwendungen. Versuchen Sie, \u00e4u\u00dfere Einfl\u00fcsse abzuschirmen.","robots":{"index":"index","follow":"follow","max-snippet":"max-snippet:-1","max-image-preview":"max-image-preview:large","max-video-preview":"max-video-preview:-1"},"canonical":"https:\/\/solicom-verisafe.com\/de\/schrumpffolie-2\/schrumpffolie-industrie-schrumpffolie\/","og_locale":"de_DE","og_type":"article","og_title":"Industrielle Schrumpffolie | Solicom Verisafe - W\u00e4rmeschrumpffolien","og_description":"Leistungsstarke industrielle Schrumpffolie ist die ideale L\u00f6sung f\u00fcr eine Vielzahl von Anwendungen. Versuchen Sie, \u00e4u\u00dfere Einfl\u00fcsse abzuschirmen.","og_url":"https:\/\/solicom-verisafe.com\/de\/schrumpffolie-2\/schrumpffolie-industrie-schrumpffolie\/","og_site_name":"Solicom Verisafe","article_publisher":"https:\/\/www.facebook.com\/solicomverisafe\/","article_modified_time":"2025-05-15T16:35:56+00:00","twitter_card":"summary_large_image","twitter_misc":{"Gesch\u00e4tzte Lesezeit":"2\u00a0Minuten"},"schema":{"@context":"https:\/\/schema.org","@graph":[{"@type":"WebPage","@id":"https:\/\/solicom-verisafe.com\/de\/schrumpffolie-2\/schrumpffolie-industrie-schrumpffolie\/","url":"https:\/\/solicom-verisafe.com\/de\/schrumpffolie-2\/schrumpffolie-industrie-schrumpffolie\/","name":"Industrielle Schrumpffolie | Solicom Verisafe - W\u00e4rmeschrumpffolien","isPartOf":{"@id":"https:\/\/solicom-verisafe.com\/de\/#website"},"datePublished":"2021-03-15T13:01:42+00:00","dateModified":"2025-05-15T16:35:56+00:00","description":"Leistungsstarke industrielle Schrumpffolie ist die ideale L\u00f6sung f\u00fcr eine Vielzahl von Anwendungen. Versuchen Sie, \u00e4u\u00dfere Einfl\u00fcsse abzuschirmen.","breadcrumb":{"@id":"https:\/\/solicom-verisafe.com\/de\/schrumpffolie-2\/schrumpffolie-industrie-schrumpffolie\/#breadcrumb"},"inLanguage":"de","potentialAction":[{"@type":"ReadAction","target":["https:\/\/solicom-verisafe.com\/de\/schrumpffolie-2\/schrumpffolie-industrie-schrumpffolie\/"]}]},{"@type":"BreadcrumbList","@id":"https:\/\/solicom-verisafe.com\/de\/schrumpffolie-2\/schrumpffolie-industrie-schrumpffolie\/#breadcrumb","itemListElement":[{"@type":"ListItem","position":1,"name":"Home","item":"https:\/\/solicom-verisafe.com\/de\/"},{"@type":"ListItem","position":2,"name":"Anwendungen f\u00fcr Schrumpffolie","item":"https:\/\/solicom-verisafe.com\/de\/schrumpffolie-2\/"},{"@type":"ListItem","position":3,"name":"Industrielle Schrumpffolie"}]},{"@type":"WebSite","@id":"https:\/\/solicom-verisafe.com\/de\/#website","url":"https:\/\/solicom-verisafe.com\/de\/","name":"Solicom Verisafe","description":"","publisher":{"@id":"https:\/\/solicom-verisafe.com\/de\/#organization"},"potentialAction":[{"@type":"SearchAction","target":{"@type":"EntryPoint","urlTemplate":"https:\/\/solicom-verisafe.com\/de\/?s={search_term_string}"},"query-input":{"@type":"PropertyValueSpecification","valueRequired":true,"valueName":"search_term_string"}}],"inLanguage":"de"},{"@type":"Organization","@id":"https:\/\/solicom-verisafe.com\/de\/#organization","name":"Solicom Verisafe","url":"https:\/\/solicom-verisafe.com\/de\/","logo":{"@type":"ImageObject","inLanguage":"de","@id":"https:\/\/solicom-verisafe.com\/de\/#\/schema\/logo\/image\/","url":"https:\/\/solicom-verisafe.com\/wp-content\/uploads\/2020\/01\/home_banner.jpg","contentUrl":"https:\/\/solicom-verisafe.com\/wp-content\/uploads\/2020\/01\/home_banner.jpg","width":1920,"height":832,"caption":"Solicom Verisafe"},"image":{"@id":"https:\/\/solicom-verisafe.com\/de\/#\/schema\/logo\/image\/"},"sameAs":["https:\/\/www.facebook.com\/solicomverisafe\/"]}]}},"_links":{"self":[{"href":"https:\/\/solicom-verisafe.com\/de\/wp-json\/wp\/v2\/pages\/924","targetHints":{"allow":["GET"]}}],"collection":[{"href":"https:\/\/solicom-verisafe.com\/de\/wp-json\/wp\/v2\/pages"}],"about":[{"href":"https:\/\/solicom-verisafe.com\/de\/wp-json\/wp\/v2\/types\/page"}],"author":[{"embeddable":true,"href":"https:\/\/solicom-verisafe.com\/de\/wp-json\/wp\/v2\/users\/1"}],"replies":[{"embeddable":true,"href":"https:\/\/solicom-verisafe.com\/de\/wp-json\/wp\/v2\/comments?post=924"}],"version-history":[{"count":6,"href":"https:\/\/solicom-verisafe.com\/de\/wp-json\/wp\/v2\/pages\/924\/revisions"}],"predecessor-version":[{"id":2897,"href":"https:\/\/solicom-verisafe.com\/de\/wp-json\/wp\/v2\/pages\/924\/revisions\/2897"}],"up":[{"embeddable":true,"href":"https:\/\/solicom-verisafe.com\/de\/wp-json\/wp\/v2\/pages\/816"}],"wp:attachment":[{"href":"https:\/\/solicom-verisafe.com\/de\/wp-json\/wp\/v2\/media?parent=924"}],"curies":[{"name":"wp","href":"https:\/\/api.w.org\/{rel}","templated":true}]}}