{"id":910,"date":"2021-03-15T15:01:42","date_gmt":"2021-03-15T13:01:42","guid":{"rendered":"https:\/\/solicom-verisafe.com\/?page_id=910"},"modified":"2025-05-15T18:35:56","modified_gmt":"2025-05-15T16:35:56","slug":"technologie","status":"publish","type":"page","link":"https:\/\/solicom-verisafe.com\/de\/technologie\/","title":{"rendered":"Technologie"},"content":{"rendered":"<h1>Technologie<\/h1>\n<p>Unser hochleistungsf\u00e4higer<a href=\"https:\/\/solicom-verisafe.com\/en\/products\/\"> Schrumpfkunststoff<\/a> findet in einer Vielzahl von Sektoren Anwendung. Die Produkte von Verisafe entsprechen den h\u00f6chsten Standards. Wir betrachten unsere Kunden als Partner bei technologischen Fortschritten und nicht nur als Kunden. So ist die von uns hergestellte Schrumpffolie perfekt f\u00fcr viele Branchen geeignet.<\/p>\n","protected":false},"excerpt":{"rendered":"<p>Technologie Unser hochleistungsf\u00e4higer Schrumpfkunststoff findet in einer Vielzahl von Sektoren Anwendung. Die Produkte von Verisafe entsprechen den h\u00f6chsten Standards. Wir&#8230;<\/p>\n","protected":false},"author":2,"featured_media":0,"parent":0,"menu_order":0,"comment_status":"closed","ping_status":"closed","template":"","meta":{"_acf_changed":false,"inline_featured_image":false,"footnotes":""},"class_list":["post-910","page","type-page","status-publish","hentry"],"acf":[],"yoast_head":"<!-- This site is optimized with the Yoast SEO plugin v27.0 - https:\/\/yoast.com\/product\/yoast-seo-wordpress\/ -->\n<title>Technologie | Solicom Verisafe<\/title>\n<meta name=\"description\" content=\"Nach 35 Jahren Erfahrung entwickelt Solicom Verisafe seine Technologie st\u00e4ndig weiter, um internationalen Anforderungen und \u00f6kologischen L\u00f6sungen gerecht zu werden.\" \/>\n<meta name=\"robots\" content=\"index, follow, max-snippet:-1, max-image-preview:large, max-video-preview:-1\" \/>\n<link rel=\"canonical\" href=\"https:\/\/solicom-verisafe.com\/de\/technologie\/\" \/>\n<meta property=\"og:locale\" content=\"de_DE\" \/>\n<meta property=\"og:type\" content=\"article\" \/>\n<meta property=\"og:title\" content=\"Technologie | Solicom Verisafe\" \/>\n<meta property=\"og:description\" content=\"Nach 35 Jahren Erfahrung entwickelt Solicom Verisafe seine Technologie st\u00e4ndig weiter, um internationalen Anforderungen und \u00f6kologischen L\u00f6sungen gerecht zu werden.\" \/>\n<meta property=\"og:url\" content=\"https:\/\/solicom-verisafe.com\/de\/technologie\/\" \/>\n<meta property=\"og:site_name\" content=\"Solicom Verisafe\" \/>\n<meta property=\"article:publisher\" content=\"https:\/\/www.facebook.com\/solicomverisafe\/\" \/>\n<meta property=\"article:modified_time\" content=\"2025-05-15T16:35:56+00:00\" \/>\n<meta name=\"twitter:card\" content=\"summary_large_image\" \/>\n<script type=\"application\/ld+json\" class=\"yoast-schema-graph\">{\"@context\":\"https:\/\/schema.org\",\"@graph\":[{\"@type\":\"WebPage\",\"@id\":\"https:\/\/solicom-verisafe.com\/de\/technologie\/\",\"url\":\"https:\/\/solicom-verisafe.com\/de\/technologie\/\",\"name\":\"Technologie | Solicom Verisafe\",\"isPartOf\":{\"@id\":\"https:\/\/solicom-verisafe.com\/de\/#website\"},\"datePublished\":\"2021-03-15T13:01:42+00:00\",\"dateModified\":\"2025-05-15T16:35:56+00:00\",\"description\":\"Nach 35 Jahren Erfahrung entwickelt Solicom Verisafe seine Technologie st\u00e4ndig weiter, um internationalen Anforderungen und \u00f6kologischen L\u00f6sungen gerecht zu werden.\",\"breadcrumb\":{\"@id\":\"https:\/\/solicom-verisafe.com\/de\/technologie\/#breadcrumb\"},\"inLanguage\":\"de\",\"potentialAction\":[{\"@type\":\"ReadAction\",\"target\":[\"https:\/\/solicom-verisafe.com\/de\/technologie\/\"]}]},{\"@type\":\"BreadcrumbList\",\"@id\":\"https:\/\/solicom-verisafe.com\/de\/technologie\/#breadcrumb\",\"itemListElement\":[{\"@type\":\"ListItem\",\"position\":1,\"name\":\"Home\",\"item\":\"https:\/\/solicom-verisafe.com\/de\/\"},{\"@type\":\"ListItem\",\"position\":2,\"name\":\"Technologie\"}]},{\"@type\":\"WebSite\",\"@id\":\"https:\/\/solicom-verisafe.com\/de\/#website\",\"url\":\"https:\/\/solicom-verisafe.com\/de\/\",\"name\":\"Solicom Verisafe\",\"description\":\"\",\"publisher\":{\"@id\":\"https:\/\/solicom-verisafe.com\/de\/#organization\"},\"potentialAction\":[{\"@type\":\"SearchAction\",\"target\":{\"@type\":\"EntryPoint\",\"urlTemplate\":\"https:\/\/solicom-verisafe.com\/de\/?s={search_term_string}\"},\"query-input\":{\"@type\":\"PropertyValueSpecification\",\"valueRequired\":true,\"valueName\":\"search_term_string\"}}],\"inLanguage\":\"de\"},{\"@type\":\"Organization\",\"@id\":\"https:\/\/solicom-verisafe.com\/de\/#organization\",\"name\":\"Solicom Verisafe\",\"url\":\"https:\/\/solicom-verisafe.com\/de\/\",\"logo\":{\"@type\":\"ImageObject\",\"inLanguage\":\"de\",\"@id\":\"https:\/\/solicom-verisafe.com\/de\/#\/schema\/logo\/image\/\",\"url\":\"https:\/\/solicom-verisafe.com\/wp-content\/uploads\/2020\/01\/home_banner.jpg\",\"contentUrl\":\"https:\/\/solicom-verisafe.com\/wp-content\/uploads\/2020\/01\/home_banner.jpg\",\"width\":1920,\"height\":832,\"caption\":\"Solicom Verisafe\"},\"image\":{\"@id\":\"https:\/\/solicom-verisafe.com\/de\/#\/schema\/logo\/image\/\"},\"sameAs\":[\"https:\/\/www.facebook.com\/solicomverisafe\/\"]}]}<\/script>\n<!-- \/ Yoast SEO plugin. -->","yoast_head_json":{"title":"Technologie | Solicom Verisafe","description":"Nach 35 Jahren Erfahrung entwickelt Solicom Verisafe seine Technologie st\u00e4ndig weiter, um internationalen Anforderungen und \u00f6kologischen L\u00f6sungen gerecht zu werden.","robots":{"index":"index","follow":"follow","max-snippet":"max-snippet:-1","max-image-preview":"max-image-preview:large","max-video-preview":"max-video-preview:-1"},"canonical":"https:\/\/solicom-verisafe.com\/de\/technologie\/","og_locale":"de_DE","og_type":"article","og_title":"Technologie | Solicom Verisafe","og_description":"Nach 35 Jahren Erfahrung entwickelt Solicom Verisafe seine Technologie st\u00e4ndig weiter, um internationalen Anforderungen und \u00f6kologischen L\u00f6sungen gerecht zu werden.","og_url":"https:\/\/solicom-verisafe.com\/de\/technologie\/","og_site_name":"Solicom Verisafe","article_publisher":"https:\/\/www.facebook.com\/solicomverisafe\/","article_modified_time":"2025-05-15T16:35:56+00:00","twitter_card":"summary_large_image","schema":{"@context":"https:\/\/schema.org","@graph":[{"@type":"WebPage","@id":"https:\/\/solicom-verisafe.com\/de\/technologie\/","url":"https:\/\/solicom-verisafe.com\/de\/technologie\/","name":"Technologie | Solicom Verisafe","isPartOf":{"@id":"https:\/\/solicom-verisafe.com\/de\/#website"},"datePublished":"2021-03-15T13:01:42+00:00","dateModified":"2025-05-15T16:35:56+00:00","description":"Nach 35 Jahren Erfahrung entwickelt Solicom Verisafe seine Technologie st\u00e4ndig weiter, um internationalen Anforderungen und \u00f6kologischen L\u00f6sungen gerecht zu werden.","breadcrumb":{"@id":"https:\/\/solicom-verisafe.com\/de\/technologie\/#breadcrumb"},"inLanguage":"de","potentialAction":[{"@type":"ReadAction","target":["https:\/\/solicom-verisafe.com\/de\/technologie\/"]}]},{"@type":"BreadcrumbList","@id":"https:\/\/solicom-verisafe.com\/de\/technologie\/#breadcrumb","itemListElement":[{"@type":"ListItem","position":1,"name":"Home","item":"https:\/\/solicom-verisafe.com\/de\/"},{"@type":"ListItem","position":2,"name":"Technologie"}]},{"@type":"WebSite","@id":"https:\/\/solicom-verisafe.com\/de\/#website","url":"https:\/\/solicom-verisafe.com\/de\/","name":"Solicom Verisafe","description":"","publisher":{"@id":"https:\/\/solicom-verisafe.com\/de\/#organization"},"potentialAction":[{"@type":"SearchAction","target":{"@type":"EntryPoint","urlTemplate":"https:\/\/solicom-verisafe.com\/de\/?s={search_term_string}"},"query-input":{"@type":"PropertyValueSpecification","valueRequired":true,"valueName":"search_term_string"}}],"inLanguage":"de"},{"@type":"Organization","@id":"https:\/\/solicom-verisafe.com\/de\/#organization","name":"Solicom Verisafe","url":"https:\/\/solicom-verisafe.com\/de\/","logo":{"@type":"ImageObject","inLanguage":"de","@id":"https:\/\/solicom-verisafe.com\/de\/#\/schema\/logo\/image\/","url":"https:\/\/solicom-verisafe.com\/wp-content\/uploads\/2020\/01\/home_banner.jpg","contentUrl":"https:\/\/solicom-verisafe.com\/wp-content\/uploads\/2020\/01\/home_banner.jpg","width":1920,"height":832,"caption":"Solicom Verisafe"},"image":{"@id":"https:\/\/solicom-verisafe.com\/de\/#\/schema\/logo\/image\/"},"sameAs":["https:\/\/www.facebook.com\/solicomverisafe\/"]}]}},"_links":{"self":[{"href":"https:\/\/solicom-verisafe.com\/de\/wp-json\/wp\/v2\/pages\/910","targetHints":{"allow":["GET"]}}],"collection":[{"href":"https:\/\/solicom-verisafe.com\/de\/wp-json\/wp\/v2\/pages"}],"about":[{"href":"https:\/\/solicom-verisafe.com\/de\/wp-json\/wp\/v2\/types\/page"}],"author":[{"embeddable":true,"href":"https:\/\/solicom-verisafe.com\/de\/wp-json\/wp\/v2\/users\/2"}],"replies":[{"embeddable":true,"href":"https:\/\/solicom-verisafe.com\/de\/wp-json\/wp\/v2\/comments?post=910"}],"version-history":[{"count":1,"href":"https:\/\/solicom-verisafe.com\/de\/wp-json\/wp\/v2\/pages\/910\/revisions"}],"predecessor-version":[{"id":2744,"href":"https:\/\/solicom-verisafe.com\/de\/wp-json\/wp\/v2\/pages\/910\/revisions\/2744"}],"wp:attachment":[{"href":"https:\/\/solicom-verisafe.com\/de\/wp-json\/wp\/v2\/media?parent=910"}],"curies":[{"name":"wp","href":"https:\/\/api.w.org\/{rel}","templated":true}]}}