{"id":816,"date":"2021-03-15T15:01:42","date_gmt":"2021-03-15T13:01:42","guid":{"rendered":"https:\/\/solicom-verisafe.com\/?page_id=816"},"modified":"2025-05-15T18:35:44","modified_gmt":"2025-05-15T16:35:44","slug":"schrumpffolie-2","status":"publish","type":"page","link":"https:\/\/solicom-verisafe.com\/de\/schrumpffolie-2\/","title":{"rendered":"Anwendungen f\u00fcr Schrumpffolie"},"content":{"rendered":"<h1>Unsere Schrumpfverpackungsanwendungen<\/h1>\n<p>Unser hochleistungsf\u00e4higer Schrumpfschlauch Verisafe findet in einer Vielzahl von Branchen Anwendung. Die Produkte von Verisafe entsprechen den h\u00f6chsten Standards. Wir betrachten unsere Kunden als Partner und nicht nur als Kunden. So ist die von uns hergestellte Schrumpffolie perfekt f\u00fcr viele Branchen geeignet.<\/p>\n<p>Wir informieren Sie gerne \u00fcber die verschiedenen M\u00f6glichkeiten, die Solicom Verisafe bietet. Aufgrund der flammhemmenden Eigenschaften wird Verisafe Schrumpffolie f\u00fcr viele Anwendungen im Bauwesen und allgemein in der Industrie eingesetzt. Solicom ber\u00fccksichtigt nicht nur die Anforderungen seiner Kunden. Wir pr\u00fcfen auch die lokale Politik. Verschiedene L\u00e4nder haben unterschiedliche Normen und Gesetze in Bezug auf den Brandschutz. Wir kennen sie alle, und wir verf\u00fcgen \u00fcber Zertifizierungen f\u00fcr eine Vielzahl von L\u00e4ndern. Aus diesem Grund vertrauen Bauunternehmen von Spanien bis Australien auf Solicom Verisafe.      <\/p>\n","protected":false},"excerpt":{"rendered":"<p>Unsere Schrumpfverpackungsanwendungen Unser hochleistungsf\u00e4higer Schrumpfschlauch Verisafe findet in einer Vielzahl von Branchen Anwendung. Die Produkte von Verisafe entsprechen den h\u00f6chsten&#8230;<\/p>\n","protected":false},"author":1,"featured_media":0,"parent":0,"menu_order":0,"comment_status":"closed","ping_status":"closed","template":"","meta":{"_acf_changed":false,"inline_featured_image":false,"footnotes":""},"class_list":["post-816","page","type-page","status-publish","hentry"],"acf":[],"yoast_head":"<!-- This site is optimized with the Yoast SEO plugin v27.0 - https:\/\/yoast.com\/product\/yoast-seo-wordpress\/ -->\n<title>Anwendungen | Solicom Versiafe<\/title>\n<meta name=\"description\" content=\"Bei Solicom Verisafe verwenden wir hochleistungsf\u00e4hige Schrumpfschlauchfolien f\u00fcr viele Anwendungen im Baugewerbe und in anderen Bereichen\" \/>\n<meta name=\"robots\" content=\"index, follow, max-snippet:-1, max-image-preview:large, max-video-preview:-1\" \/>\n<link rel=\"canonical\" href=\"https:\/\/solicom-verisafe.com\/de\/schrumpffolie-2\/\" \/>\n<meta property=\"og:locale\" content=\"de_DE\" \/>\n<meta property=\"og:type\" content=\"article\" \/>\n<meta property=\"og:title\" content=\"Anwendungen | Solicom Versiafe\" \/>\n<meta property=\"og:description\" content=\"Bei Solicom Verisafe verwenden wir hochleistungsf\u00e4hige Schrumpfschlauchfolien f\u00fcr viele Anwendungen im Baugewerbe und in anderen Bereichen\" \/>\n<meta property=\"og:url\" content=\"https:\/\/solicom-verisafe.com\/de\/schrumpffolie-2\/\" \/>\n<meta property=\"og:site_name\" content=\"Solicom Verisafe\" \/>\n<meta property=\"article:publisher\" content=\"https:\/\/www.facebook.com\/solicomverisafe\/\" \/>\n<meta property=\"article:modified_time\" content=\"2025-05-15T16:35:44+00:00\" \/>\n<meta name=\"twitter:card\" content=\"summary_large_image\" \/>\n<meta name=\"twitter:label1\" content=\"Gesch\u00e4tzte Lesezeit\" \/>\n\t<meta name=\"twitter:data1\" content=\"6\u00a0Minuten\" \/>\n<script type=\"application\/ld+json\" class=\"yoast-schema-graph\">{\"@context\":\"https:\/\/schema.org\",\"@graph\":[{\"@type\":\"WebPage\",\"@id\":\"https:\/\/solicom-verisafe.com\/de\/schrumpffolie-2\/\",\"url\":\"https:\/\/solicom-verisafe.com\/de\/schrumpffolie-2\/\",\"name\":\"Anwendungen | Solicom Versiafe\",\"isPartOf\":{\"@id\":\"https:\/\/solicom-verisafe.com\/de\/#website\"},\"datePublished\":\"2021-03-15T13:01:42+00:00\",\"dateModified\":\"2025-05-15T16:35:44+00:00\",\"description\":\"Bei Solicom Verisafe verwenden wir hochleistungsf\u00e4hige Schrumpfschlauchfolien f\u00fcr viele Anwendungen im Baugewerbe und in anderen Bereichen\",\"breadcrumb\":{\"@id\":\"https:\/\/solicom-verisafe.com\/de\/schrumpffolie-2\/#breadcrumb\"},\"inLanguage\":\"de\",\"potentialAction\":[{\"@type\":\"ReadAction\",\"target\":[\"https:\/\/solicom-verisafe.com\/de\/schrumpffolie-2\/\"]}]},{\"@type\":\"BreadcrumbList\",\"@id\":\"https:\/\/solicom-verisafe.com\/de\/schrumpffolie-2\/#breadcrumb\",\"itemListElement\":[{\"@type\":\"ListItem\",\"position\":1,\"name\":\"Home\",\"item\":\"https:\/\/solicom-verisafe.com\/de\/\"},{\"@type\":\"ListItem\",\"position\":2,\"name\":\"Anwendungen f\u00fcr Schrumpffolie\"}]},{\"@type\":\"WebSite\",\"@id\":\"https:\/\/solicom-verisafe.com\/de\/#website\",\"url\":\"https:\/\/solicom-verisafe.com\/de\/\",\"name\":\"Solicom Verisafe\",\"description\":\"\",\"publisher\":{\"@id\":\"https:\/\/solicom-verisafe.com\/de\/#organization\"},\"potentialAction\":[{\"@type\":\"SearchAction\",\"target\":{\"@type\":\"EntryPoint\",\"urlTemplate\":\"https:\/\/solicom-verisafe.com\/de\/?s={search_term_string}\"},\"query-input\":{\"@type\":\"PropertyValueSpecification\",\"valueRequired\":true,\"valueName\":\"search_term_string\"}}],\"inLanguage\":\"de\"},{\"@type\":\"Organization\",\"@id\":\"https:\/\/solicom-verisafe.com\/de\/#organization\",\"name\":\"Solicom Verisafe\",\"url\":\"https:\/\/solicom-verisafe.com\/de\/\",\"logo\":{\"@type\":\"ImageObject\",\"inLanguage\":\"de\",\"@id\":\"https:\/\/solicom-verisafe.com\/de\/#\/schema\/logo\/image\/\",\"url\":\"https:\/\/solicom-verisafe.com\/wp-content\/uploads\/2020\/01\/home_banner.jpg\",\"contentUrl\":\"https:\/\/solicom-verisafe.com\/wp-content\/uploads\/2020\/01\/home_banner.jpg\",\"width\":1920,\"height\":832,\"caption\":\"Solicom Verisafe\"},\"image\":{\"@id\":\"https:\/\/solicom-verisafe.com\/de\/#\/schema\/logo\/image\/\"},\"sameAs\":[\"https:\/\/www.facebook.com\/solicomverisafe\/\"]}]}<\/script>\n<!-- \/ Yoast SEO plugin. -->","yoast_head_json":{"title":"Anwendungen | Solicom Versiafe","description":"Bei Solicom Verisafe verwenden wir hochleistungsf\u00e4hige Schrumpfschlauchfolien f\u00fcr viele Anwendungen im Baugewerbe und in anderen Bereichen","robots":{"index":"index","follow":"follow","max-snippet":"max-snippet:-1","max-image-preview":"max-image-preview:large","max-video-preview":"max-video-preview:-1"},"canonical":"https:\/\/solicom-verisafe.com\/de\/schrumpffolie-2\/","og_locale":"de_DE","og_type":"article","og_title":"Anwendungen | Solicom Versiafe","og_description":"Bei Solicom Verisafe verwenden wir hochleistungsf\u00e4hige Schrumpfschlauchfolien f\u00fcr viele Anwendungen im Baugewerbe und in anderen Bereichen","og_url":"https:\/\/solicom-verisafe.com\/de\/schrumpffolie-2\/","og_site_name":"Solicom Verisafe","article_publisher":"https:\/\/www.facebook.com\/solicomverisafe\/","article_modified_time":"2025-05-15T16:35:44+00:00","twitter_card":"summary_large_image","twitter_misc":{"Gesch\u00e4tzte Lesezeit":"6\u00a0Minuten"},"schema":{"@context":"https:\/\/schema.org","@graph":[{"@type":"WebPage","@id":"https:\/\/solicom-verisafe.com\/de\/schrumpffolie-2\/","url":"https:\/\/solicom-verisafe.com\/de\/schrumpffolie-2\/","name":"Anwendungen | Solicom Versiafe","isPartOf":{"@id":"https:\/\/solicom-verisafe.com\/de\/#website"},"datePublished":"2021-03-15T13:01:42+00:00","dateModified":"2025-05-15T16:35:44+00:00","description":"Bei Solicom Verisafe verwenden wir hochleistungsf\u00e4hige Schrumpfschlauchfolien f\u00fcr viele Anwendungen im Baugewerbe und in anderen Bereichen","breadcrumb":{"@id":"https:\/\/solicom-verisafe.com\/de\/schrumpffolie-2\/#breadcrumb"},"inLanguage":"de","potentialAction":[{"@type":"ReadAction","target":["https:\/\/solicom-verisafe.com\/de\/schrumpffolie-2\/"]}]},{"@type":"BreadcrumbList","@id":"https:\/\/solicom-verisafe.com\/de\/schrumpffolie-2\/#breadcrumb","itemListElement":[{"@type":"ListItem","position":1,"name":"Home","item":"https:\/\/solicom-verisafe.com\/de\/"},{"@type":"ListItem","position":2,"name":"Anwendungen f\u00fcr Schrumpffolie"}]},{"@type":"WebSite","@id":"https:\/\/solicom-verisafe.com\/de\/#website","url":"https:\/\/solicom-verisafe.com\/de\/","name":"Solicom Verisafe","description":"","publisher":{"@id":"https:\/\/solicom-verisafe.com\/de\/#organization"},"potentialAction":[{"@type":"SearchAction","target":{"@type":"EntryPoint","urlTemplate":"https:\/\/solicom-verisafe.com\/de\/?s={search_term_string}"},"query-input":{"@type":"PropertyValueSpecification","valueRequired":true,"valueName":"search_term_string"}}],"inLanguage":"de"},{"@type":"Organization","@id":"https:\/\/solicom-verisafe.com\/de\/#organization","name":"Solicom Verisafe","url":"https:\/\/solicom-verisafe.com\/de\/","logo":{"@type":"ImageObject","inLanguage":"de","@id":"https:\/\/solicom-verisafe.com\/de\/#\/schema\/logo\/image\/","url":"https:\/\/solicom-verisafe.com\/wp-content\/uploads\/2020\/01\/home_banner.jpg","contentUrl":"https:\/\/solicom-verisafe.com\/wp-content\/uploads\/2020\/01\/home_banner.jpg","width":1920,"height":832,"caption":"Solicom Verisafe"},"image":{"@id":"https:\/\/solicom-verisafe.com\/de\/#\/schema\/logo\/image\/"},"sameAs":["https:\/\/www.facebook.com\/solicomverisafe\/"]}]}},"_links":{"self":[{"href":"https:\/\/solicom-verisafe.com\/de\/wp-json\/wp\/v2\/pages\/816","targetHints":{"allow":["GET"]}}],"collection":[{"href":"https:\/\/solicom-verisafe.com\/de\/wp-json\/wp\/v2\/pages"}],"about":[{"href":"https:\/\/solicom-verisafe.com\/de\/wp-json\/wp\/v2\/types\/page"}],"author":[{"embeddable":true,"href":"https:\/\/solicom-verisafe.com\/de\/wp-json\/wp\/v2\/users\/1"}],"replies":[{"embeddable":true,"href":"https:\/\/solicom-verisafe.com\/de\/wp-json\/wp\/v2\/comments?post=816"}],"version-history":[{"count":4,"href":"https:\/\/solicom-verisafe.com\/de\/wp-json\/wp\/v2\/pages\/816\/revisions"}],"predecessor-version":[{"id":3726,"href":"https:\/\/solicom-verisafe.com\/de\/wp-json\/wp\/v2\/pages\/816\/revisions\/3726"}],"wp:attachment":[{"href":"https:\/\/solicom-verisafe.com\/de\/wp-json\/wp\/v2\/media?parent=816"}],"curies":[{"name":"wp","href":"https:\/\/api.w.org\/{rel}","templated":true}]}}