{"id":540,"date":"2018-08-28T10:22:20","date_gmt":"2018-08-28T10:22:20","guid":{"rendered":"https:\/\/solicom-verisafe.com\/privacy-policy\/"},"modified":"2021-03-15T15:01:40","modified_gmt":"2021-03-15T13:01:40","slug":"privacy-policy","status":"publish","type":"page","link":"https:\/\/solicom-verisafe.com\/de\/privacy-policy\/","title":{"rendered":"Datenschutzerkl\u00e4rung"},"content":{"rendered":"<h1>DATENSCHUTZERKL\u00c4RUNG<\/h1>\n<p><em>Zuletzt aktualisiert am 10.06.2020<\/em><\/p>\n<h2>1.     Willkommen<\/h2>\n<p>Wir sind SOLICOM, eine Gesellschaft mit beschr\u00e4nkter Haftung mit Hauptsitz in 9, Rue de Drinklange &#8211; L-9911 Troisvierges, mit der Firmennummer LU18193115.<\/p>\n<p>In dieser Cookie-Erkl\u00e4rung informieren wir dar\u00fcber, welche Informationen wir \u00fcber unsere Website mithilfe von Cookies sammeln und wie wir diese verwenden, um unsere Dienste zu verbessern.<\/p>\n<p>Durch die Nutzung unserer Website akzeptieren Sie die Verwendung von Cookies.<\/p>\n<h2>2.     Personenbezogene Daten<\/h2>\n<p>Die begrenzte Menge an personenbezogenen Daten, die wir gegebenenfalls speichern, wird auf folgende Weise erfasst:<\/p>\n<ul>\n<li><u>Website<\/u>: Wenn Sie unsere Website besuchen, werden bestimmte Informationen (z. B. Ihre IP-Adresse) \u00fcber Cookies registriert, um unsere Website zu verwalten und zu verbessern. Weitere Informationen zu diesen Cookies finden Sie in unserer <u>Cookie-Erkl\u00e4rung<\/u>;<\/li>\n<\/ul>\n<p>&nbsp;<\/p>\n<ul>\n<li><u>Gesch\u00e4ftsbeziehungen<\/u>: Wenn Sie uns gesch\u00e4ftlich als (potenzieller) Kunde oder Partner kontaktieren, verarbeiten wir Ihren vollst\u00e4ndigen Namen, Ihre Kontaktdaten (E-Mail-Adresse, Telefonnummer, B\u00fcro- und\/oder Wohnanschrift) und andere Informationen, die f\u00fcr die Bestellungsabwicklung, Rechnungsstellung oder Zusammenarbeit erforderlich sind (wie z. B. Ihre Bankdaten, Kontakthistorie oder Informationen zu Ihren fr\u00fcheren Bestellungen); <\/ li>\n<\/ul>\n<p>&nbsp;<\/p>\n<ul>\n<li><u>Marketing<\/u>: Wenn Sie uns Ihre ausdr\u00fcckliche Genehmigung erteilen, verarbeiten wir Ihren vollst\u00e4ndigen Namen und Ihre E-Mail-Adresse zum Zwecke von Direktmarketing, Versenden von Newslettern, Information \u00fcber Angebote und Werbeaktionen in Bezug auf unsere Produkte und Dienstleistungen. Sie k\u00f6nnen sich jederzeit vom Erhalt solcher Nachrichten abmelden.<\/li>\n<\/ul>\n<p>&nbsp;<\/p>\n<p>Obwohl Sie niemals verpflichtet sind, uns Ihre personenbezogenen Daten bereitzustellen, kann eine Verweigerung der Bereitstellung der erforderlichen Daten die Erbringung unserer Dienstleistungen behindern oder unm\u00f6glich machen.<\/p>\n<h2>3.     Zwecke der Verarbeitung<\/ h2><br \/>\nWir verarbeiten Ihre personenbezogenen Daten im Rahmen unseres allgemeinen Kunden- und Auftragsmanagements oder zur Erbringung unserer Dienstleistungen. Dies umfasst die Kundenverwaltung, die Nachverfolgung von Bestellungen und Lieferungen, die Rechnungsstellung und die Beantwortung von Fragen sowie Marketingzwecke.<\/p>\n<p>Die Verarbeitung basiert auf folgenden Rechtsgrundlagen:<\/p>\n<ul>\n<li>Auf der Grundlage Ihrer Zustimmung;<\/li>\n<li>Wenn die Verarbeitung f\u00fcr die Durchf\u00fchrung des Vertrages erforderlich ist,<\/li>\n<li>Wenn die Verarbeitung erforderlich ist, um einer gesetzlichen Verpflichtung nachzukommen;<\/li>\n<\/ul>\n<li>Wenn die Verarbeitung zum Schutz Ihrer lebenswichtigen Interessen derer von Dritten erforderlich ist;<\/li>\n<\/ul>\n<li>Zur Durchf\u00fchrung einer Aufgabe von allgemeinem Interesse;<\/li>\n<\/ul>\n<li>Wenn die Verarbeitung zur Verteidigung unserer rechtlichen Interessen erforderlich ist.<\/li>\n<\/ul>\n<p>Soweit die Verarbeitung personenbezogener Daten aufgrund Ihrer ausdr\u00fccklichen Zustimmung erfolgt, haben Sie das Recht, Ihre Zustimmung jederzeit zu widerrufen.<\/p>\n<h2>4.     Weitergabe an Dritte<\/h2>\n<p>Wenn dies erforderlich ist, um die oben genannten Zwecke zu erf\u00fcllen, k\u00f6nnen wir Ihre personenbezogenen Daten an Mitarbeiter und unsere Gesch\u00e4ftspartner weitergeben. Unsere Partner treffen ihrerseits die notwendigen technischen und organisatorischen Ma\u00dfnahmen, um diese personenbezogenen Daten zu sch\u00fctzen.<\/p>\n<p>Wir werden Ihre personenbezogenen Daten niemals durch Weitergabe an Dritte vermarkten. Im Falle einer m\u00f6glichen Umstrukturierung, Insolvenz oder Verlagerung von Unternehmensaktivit\u00e4ten k\u00f6nnen die Daten, die Teil unserer Unternehmensaktivit\u00e4ten sind, an Dritte weitergegeben werden.<\/p>\n<p>In bestimmten F\u00e4llen sind wir m\u00f6glicherweise verpflichtet, Ihre personenbezogenen Daten auf der Grundlage eines Gerichtsbeschlusses oder verbindlicher Rechtsvorschriften, beispielsweise im Rahmen von Betrugspr\u00e4ventions- oder Sicherheitsfragen, oder zum Schutz unserer Rechte, weiterzugeben.<\/p>\n<h2>5.     Aufbewahrungszeitraum<\/h2>\n<p>Wir werden die personenbezogenen Daten so lange verarbeiten und aufbewahren, wie dies erforderlich ist, um die oben genannten Zwecke gem\u00e4\u00df unserem Vertragsverh\u00e4ltnis zu erf\u00fcllen, um den gesetzlichen Anforderungen zu entsprechen, oder als Teil eines Standard-Aufbewahrungsmechanismus, der zeitlich angemessen begrenzt ist (<em>Backups<\/em>).<\/p>\n<h2>6.     Ihre Rechte<\/h2>\n<p>Alle Personen, deren personenbezogene Daten wir speichern, haben das Recht:<\/p>\n<ul>\n<li>Auf ihre personenbezogenen Daten zuzugreifen;<\/li>\n<li>Ihre personenbezogenen Daten zu korrigieren oder zu vervollst\u00e4ndigen, wenn diese falsch oder unvollst\u00e4ndig sind;<\/li>\n<li>Ihre personenbezogenen Daten l\u00f6schen zu lassen;<\/li>\n<li>Die Verarbeitung ihrer pers\u00f6nlichen Daten einzuschr\u00e4nken;<\/li>\n<li>Der Verarbeitung ihrer personenbezogenen Daten aus einem schwerwiegenden und legitimen Grund zu widersprechen;<\/li>\n<li>Ihre Daten an ein anderes Unternehmen \u00fcbertragen zu lassen.<\/li>\n<\/ul>\n<p>Um die oben genannten Rechte auszu\u00fcben, k\u00f6nnen Sie uns per Post oder \u00fcber info@solicom-verisafe.com kontaktieren. Nach Eingang Ihrer Anfrage m\u00fcssen Sie uns die M\u00f6glichkeit geben, Ihre Identit\u00e4t zu \u00fcberpr\u00fcfen.<\/p>\n<h2>7.     Beschwerden<\/h2>\n<p>Wenn Sie Kommentare oder Fragen zu unserer Datenschutzerkl\u00e4rung haben, z\u00f6gern Sie bitte nicht, uns zu kontaktieren.<\/p>\n<p>Alle Personen, deren personenbezogene Daten wir speichern, haben auch das Recht, eine Beschwerde bei der belgischen Datenschutzbeh\u00f6rde einzureichen (Drukpersstraat 35, 1000 Br\u00fcssel, <a href=\"mailto:commission@privacycommission.be\">commission@privacycommission.be<\/a>).<\/p>\n<h2>8.     Sicherheit<\/h2>\n<p>Wir wenden die technischen und organisatorischen Standardma\u00dfnahmen an, die von uns in zumutbarer Weise erwartet werden k\u00f6nnen, um Ihre personenbezogenen Daten vor Zerst\u00f6rung, Verlust, \u00c4nderungen, F\u00e4lschung, Verbreitung oder illegalem Zugriff zu sch\u00fctzen.<\/p>\n<p>Personenbezogene Daten werden nur dann an einen Partner in einem Land au\u00dferhalb des Europ\u00e4ischen Wirtschaftsraums weitergegeben, wenn das Land ein angemessenes Sicherheitsniveau f\u00fcr Ihre personenbezogenen Daten garantiert. Vor der Weitergabe personenbezogener Daten an einen Partner in den Vereinigten Staaten von Amerika ben\u00f6tigen wir eine separate Verarbeitungsvereinbarung oder eine Zertifizierung gem\u00e4\u00df dem Privacy Shield (<a href=\"http:\/\/www.privacyshield.gov\">www.privacyshield.gov<\/a>).<\/p>\n<p>Wir k\u00f6nnen nicht f\u00fcr den Missbrauch oder die illegale Verwendung personenbezogener Daten durch Dritte haftbar gemacht werden. Dar\u00fcber hinaus bleiben Sie f\u00fcr den Schutz Ihrer Daten bei Verwendung Ihres Computers, Ihrer IP-Adresse sowie Ihrer Anmelde- und Identifikationsdaten verantwortlich.<\/p>\n<h2>9.     Der Schutz Ihrer Daten<\/h2>\n<p>Der Schutz Ihrer Daten ist uns wichtig.<\/p>\n<p>Wir tun auch alles in unserer Macht stehende, um Ihre Daten zu sch\u00fctzen, und die Einhaltung der folgenden rechtlichen Vorschriften ist uns sehr wichtig: (i) das belgische Gesetz vom 8. Dezember 1992 zum Schutz der Privatsph\u00e4re bei der Verarbeitung personenbezogener Daten (ge\u00e4ndert durch das Gesetz vom Dezember 1998, \u201eGesetz zur Verarbeitung personenbezogener Daten\u201c); (ii) die Anti-Spam-Bestimmungen aus Buch XII des belgischen Wirtschaftsgesetzbuches bez\u00fcglich des Rechts der elektronischen Wirtschaft; und (iii) die Verordnung (EU) 2016\/679 des Europ\u00e4ischen Parlaments und des Rates vom 27. April 2016 zum Schutz personenbezogener Daten (\u201eDatenschutz-Grundverordnung\u201c).<\/p>\n<p>&nbsp;<\/p>\n","protected":false},"excerpt":{"rendered":"<p>DATENSCHUTZERKL\u00c4RUNG Zuletzt aktualisiert am 10.06.2020 1. Willkommen Wir sind SOLICOM, eine Gesellschaft mit beschr\u00e4nkter Haftung mit Hauptsitz in 9, Rue&#8230;<\/p>\n","protected":false},"author":1,"featured_media":0,"parent":0,"menu_order":0,"comment_status":"closed","ping_status":"closed","template":"","meta":{"_acf_changed":false,"inline_featured_image":false,"footnotes":""},"class_list":["post-540","page","type-page","status-publish","hentry"],"acf":[],"yoast_head":"<!-- This site is optimized with the Yoast SEO plugin v27.0 - https:\/\/yoast.com\/product\/yoast-seo-wordpress\/ -->\n<title>Datenschutzerkl\u00e4rung - Solicom Verisafe<\/title>\n<meta name=\"description\" content=\"Weitere Informationen zu unserer Datenschutzerkl\u00e4rung finden Sie auf dieser Seite. M\u00f6chten Sie mit uns pers\u00f6nlich Kontakt aufnehmen? Bitte verwenden Sie dazu unser Kontaktformular.\" \/>\n<meta name=\"robots\" content=\"index, follow, max-snippet:-1, max-image-preview:large, max-video-preview:-1\" \/>\n<link rel=\"canonical\" href=\"https:\/\/solicom-verisafe.com\/de\/privacy-policy\/\" \/>\n<meta property=\"og:locale\" content=\"de_DE\" \/>\n<meta property=\"og:type\" content=\"article\" \/>\n<meta property=\"og:title\" content=\"Datenschutzerkl\u00e4rung - Solicom Verisafe\" \/>\n<meta property=\"og:description\" content=\"Weitere Informationen zu unserer Datenschutzerkl\u00e4rung finden Sie auf dieser Seite. M\u00f6chten Sie mit uns pers\u00f6nlich Kontakt aufnehmen? Bitte verwenden Sie dazu unser Kontaktformular.\" \/>\n<meta property=\"og:url\" content=\"https:\/\/solicom-verisafe.com\/de\/privacy-policy\/\" \/>\n<meta property=\"og:site_name\" content=\"Solicom Verisafe\" \/>\n<meta property=\"article:publisher\" content=\"https:\/\/www.facebook.com\/solicomverisafe\/\" \/>\n<meta property=\"article:modified_time\" content=\"2021-03-15T13:01:40+00:00\" \/>\n<meta name=\"twitter:card\" content=\"summary_large_image\" \/>\n<meta name=\"twitter:label1\" content=\"Gesch\u00e4tzte Lesezeit\" \/>\n\t<meta name=\"twitter:data1\" content=\"5\u00a0Minuten\" \/>\n<script type=\"application\/ld+json\" class=\"yoast-schema-graph\">{\"@context\":\"https:\/\/schema.org\",\"@graph\":[{\"@type\":\"WebPage\",\"@id\":\"https:\/\/solicom-verisafe.com\/de\/privacy-policy\/\",\"url\":\"https:\/\/solicom-verisafe.com\/de\/privacy-policy\/\",\"name\":\"Datenschutzerkl\u00e4rung - Solicom Verisafe\",\"isPartOf\":{\"@id\":\"https:\/\/solicom-verisafe.com\/de\/#website\"},\"datePublished\":\"2018-08-28T10:22:20+00:00\",\"dateModified\":\"2021-03-15T13:01:40+00:00\",\"description\":\"Weitere Informationen zu unserer Datenschutzerkl\u00e4rung finden Sie auf dieser Seite. M\u00f6chten Sie mit uns pers\u00f6nlich Kontakt aufnehmen? Bitte verwenden Sie dazu unser Kontaktformular.\",\"breadcrumb\":{\"@id\":\"https:\/\/solicom-verisafe.com\/de\/privacy-policy\/#breadcrumb\"},\"inLanguage\":\"de\",\"potentialAction\":[{\"@type\":\"ReadAction\",\"target\":[\"https:\/\/solicom-verisafe.com\/de\/privacy-policy\/\"]}]},{\"@type\":\"BreadcrumbList\",\"@id\":\"https:\/\/solicom-verisafe.com\/de\/privacy-policy\/#breadcrumb\",\"itemListElement\":[{\"@type\":\"ListItem\",\"position\":1,\"name\":\"Home\",\"item\":\"https:\/\/solicom-verisafe.com\/de\/\"},{\"@type\":\"ListItem\",\"position\":2,\"name\":\"Datenschutzerkl\u00e4rung\"}]},{\"@type\":\"WebSite\",\"@id\":\"https:\/\/solicom-verisafe.com\/de\/#website\",\"url\":\"https:\/\/solicom-verisafe.com\/de\/\",\"name\":\"Solicom Verisafe\",\"description\":\"\",\"publisher\":{\"@id\":\"https:\/\/solicom-verisafe.com\/de\/#organization\"},\"potentialAction\":[{\"@type\":\"SearchAction\",\"target\":{\"@type\":\"EntryPoint\",\"urlTemplate\":\"https:\/\/solicom-verisafe.com\/de\/?s={search_term_string}\"},\"query-input\":{\"@type\":\"PropertyValueSpecification\",\"valueRequired\":true,\"valueName\":\"search_term_string\"}}],\"inLanguage\":\"de\"},{\"@type\":\"Organization\",\"@id\":\"https:\/\/solicom-verisafe.com\/de\/#organization\",\"name\":\"Solicom Verisafe\",\"url\":\"https:\/\/solicom-verisafe.com\/de\/\",\"logo\":{\"@type\":\"ImageObject\",\"inLanguage\":\"de\",\"@id\":\"https:\/\/solicom-verisafe.com\/de\/#\/schema\/logo\/image\/\",\"url\":\"https:\/\/solicom-verisafe.com\/wp-content\/uploads\/2020\/01\/home_banner.jpg\",\"contentUrl\":\"https:\/\/solicom-verisafe.com\/wp-content\/uploads\/2020\/01\/home_banner.jpg\",\"width\":1920,\"height\":832,\"caption\":\"Solicom Verisafe\"},\"image\":{\"@id\":\"https:\/\/solicom-verisafe.com\/de\/#\/schema\/logo\/image\/\"},\"sameAs\":[\"https:\/\/www.facebook.com\/solicomverisafe\/\"]}]}<\/script>\n<!-- \/ Yoast SEO plugin. -->","yoast_head_json":{"title":"Datenschutzerkl\u00e4rung - Solicom Verisafe","description":"Weitere Informationen zu unserer Datenschutzerkl\u00e4rung finden Sie auf dieser Seite. M\u00f6chten Sie mit uns pers\u00f6nlich Kontakt aufnehmen? Bitte verwenden Sie dazu unser Kontaktformular.","robots":{"index":"index","follow":"follow","max-snippet":"max-snippet:-1","max-image-preview":"max-image-preview:large","max-video-preview":"max-video-preview:-1"},"canonical":"https:\/\/solicom-verisafe.com\/de\/privacy-policy\/","og_locale":"de_DE","og_type":"article","og_title":"Datenschutzerkl\u00e4rung - Solicom Verisafe","og_description":"Weitere Informationen zu unserer Datenschutzerkl\u00e4rung finden Sie auf dieser Seite. M\u00f6chten Sie mit uns pers\u00f6nlich Kontakt aufnehmen? Bitte verwenden Sie dazu unser Kontaktformular.","og_url":"https:\/\/solicom-verisafe.com\/de\/privacy-policy\/","og_site_name":"Solicom Verisafe","article_publisher":"https:\/\/www.facebook.com\/solicomverisafe\/","article_modified_time":"2021-03-15T13:01:40+00:00","twitter_card":"summary_large_image","twitter_misc":{"Gesch\u00e4tzte Lesezeit":"5\u00a0Minuten"},"schema":{"@context":"https:\/\/schema.org","@graph":[{"@type":"WebPage","@id":"https:\/\/solicom-verisafe.com\/de\/privacy-policy\/","url":"https:\/\/solicom-verisafe.com\/de\/privacy-policy\/","name":"Datenschutzerkl\u00e4rung - Solicom Verisafe","isPartOf":{"@id":"https:\/\/solicom-verisafe.com\/de\/#website"},"datePublished":"2018-08-28T10:22:20+00:00","dateModified":"2021-03-15T13:01:40+00:00","description":"Weitere Informationen zu unserer Datenschutzerkl\u00e4rung finden Sie auf dieser Seite. M\u00f6chten Sie mit uns pers\u00f6nlich Kontakt aufnehmen? Bitte verwenden Sie dazu unser Kontaktformular.","breadcrumb":{"@id":"https:\/\/solicom-verisafe.com\/de\/privacy-policy\/#breadcrumb"},"inLanguage":"de","potentialAction":[{"@type":"ReadAction","target":["https:\/\/solicom-verisafe.com\/de\/privacy-policy\/"]}]},{"@type":"BreadcrumbList","@id":"https:\/\/solicom-verisafe.com\/de\/privacy-policy\/#breadcrumb","itemListElement":[{"@type":"ListItem","position":1,"name":"Home","item":"https:\/\/solicom-verisafe.com\/de\/"},{"@type":"ListItem","position":2,"name":"Datenschutzerkl\u00e4rung"}]},{"@type":"WebSite","@id":"https:\/\/solicom-verisafe.com\/de\/#website","url":"https:\/\/solicom-verisafe.com\/de\/","name":"Solicom Verisafe","description":"","publisher":{"@id":"https:\/\/solicom-verisafe.com\/de\/#organization"},"potentialAction":[{"@type":"SearchAction","target":{"@type":"EntryPoint","urlTemplate":"https:\/\/solicom-verisafe.com\/de\/?s={search_term_string}"},"query-input":{"@type":"PropertyValueSpecification","valueRequired":true,"valueName":"search_term_string"}}],"inLanguage":"de"},{"@type":"Organization","@id":"https:\/\/solicom-verisafe.com\/de\/#organization","name":"Solicom Verisafe","url":"https:\/\/solicom-verisafe.com\/de\/","logo":{"@type":"ImageObject","inLanguage":"de","@id":"https:\/\/solicom-verisafe.com\/de\/#\/schema\/logo\/image\/","url":"https:\/\/solicom-verisafe.com\/wp-content\/uploads\/2020\/01\/home_banner.jpg","contentUrl":"https:\/\/solicom-verisafe.com\/wp-content\/uploads\/2020\/01\/home_banner.jpg","width":1920,"height":832,"caption":"Solicom Verisafe"},"image":{"@id":"https:\/\/solicom-verisafe.com\/de\/#\/schema\/logo\/image\/"},"sameAs":["https:\/\/www.facebook.com\/solicomverisafe\/"]}]}},"_links":{"self":[{"href":"https:\/\/solicom-verisafe.com\/de\/wp-json\/wp\/v2\/pages\/540","targetHints":{"allow":["GET"]}}],"collection":[{"href":"https:\/\/solicom-verisafe.com\/de\/wp-json\/wp\/v2\/pages"}],"about":[{"href":"https:\/\/solicom-verisafe.com\/de\/wp-json\/wp\/v2\/types\/page"}],"author":[{"embeddable":true,"href":"https:\/\/solicom-verisafe.com\/de\/wp-json\/wp\/v2\/users\/1"}],"replies":[{"embeddable":true,"href":"https:\/\/solicom-verisafe.com\/de\/wp-json\/wp\/v2\/comments?post=540"}],"version-history":[{"count":0,"href":"https:\/\/solicom-verisafe.com\/de\/wp-json\/wp\/v2\/pages\/540\/revisions"}],"wp:attachment":[{"href":"https:\/\/solicom-verisafe.com\/de\/wp-json\/wp\/v2\/media?parent=540"}],"curies":[{"name":"wp","href":"https:\/\/api.w.org\/{rel}","templated":true}]}}