{"id":522,"date":"2018-09-19T13:56:11","date_gmt":"2018-09-19T11:56:11","guid":{"rendered":"https:\/\/solicom-verisafe.com\/cookie-policy\/"},"modified":"2022-04-05T15:29:50","modified_gmt":"2022-04-05T13:29:50","slug":"cookie-policy","status":"publish","type":"page","link":"https:\/\/solicom-verisafe.com\/de\/cookie-policy\/","title":{"rendered":"Cookie-Erkl\u00e4rung"},"content":{"rendered":"<h1>COOKIE-ERKL\u00c4RUNG<\/h1>\n<p><em>Zuletzt aktualisiert am 10.06.2020<\/em><\/p>\n<h2>1.     Willkommen<\/h2>\n<p>Wir sind SOLICOM, eine Gesellschaft mit beschr\u00e4nkter Haftung mit Hauptsitz in 9, Rue de Drinklange &#8211; L-9911 Troisvierges, mit der Firmennummer LU18193115.<\/p>\n<p>In dieser Cookie-Erkl\u00e4rung informieren wir dar\u00fcber, welche Informationen wir \u00fcber unsere Website mithilfe von Cookies sammeln und wie wir diese verwenden, um unsere Dienste zu verbessern.<\/p>\n<p>Durch die Nutzung unserer Website akzeptieren Sie die Verwendung von Cookies.<\/p>\n<h2>2.     Cookies<\/h2>\n<p>Ein <em> Cookie <\/ em> ist eine kleine Textdatei, die von einer Internetseite vor\u00fcbergehend auf Ihrem Computer oder Mobilger\u00e4t gespeichert wird, wenn Sie eine Website besuchen. Ein Cookie erm\u00f6glicht es, das Ger\u00e4t zu identifizieren, mit dem Sie unsere Website besuchen, ohne uns Zugriff auf Ihre pers\u00f6nlichen Daten zu gew\u00e4hren.<\/p>\n<p>Cookies k\u00f6nnen einfach \u00fcber Ihre Browsereinstellungen gel\u00f6scht werden. Sie k\u00f6nnen Ihre Einstellungen auch so \u00e4ndern, dass Cookies immer abgelehnt werden. Dies kann allerdings die Nutzung unserer Website behindern oder den Zugriff auf bestimmte Funktionen unm\u00f6glich machen.<\/p>\n<h2>Arten von Cookies:<\/h2>\n<p><script type=\"text\/javascript\" charset=\"UTF-8\"  data-cookiescriptreport=\"report\" src=\"\/\/report.cookie-script.com\/r\/0fd8dbb7eb98b30c6535fd2c1203560a.js\"><\/script><\/p>\n","protected":false},"excerpt":{"rendered":"<p>COOKIE-ERKL\u00c4RUNG Zuletzt aktualisiert am 10.06.2020 1. Willkommen Wir sind SOLICOM, eine Gesellschaft mit beschr\u00e4nkter Haftung mit Hauptsitz in 9, Rue&#8230;<\/p>\n","protected":false},"author":1,"featured_media":0,"parent":0,"menu_order":0,"comment_status":"closed","ping_status":"closed","template":"","meta":{"_acf_changed":false,"inline_featured_image":false,"footnotes":""},"class_list":["post-522","page","type-page","status-publish","hentry"],"acf":[],"yoast_head":"<!-- This site is optimized with the Yoast SEO plugin v27.0 - https:\/\/yoast.com\/product\/yoast-seo-wordpress\/ -->\n<title>Cookie-Erkl\u00e4rung - Solicom Verisafe<\/title>\n<meta name=\"description\" content=\"Auf der Solicom-Website verwenden wir Cookies. F\u00fcr weitere Informationen zu diesem Thema lesen Sie bitte hier mehr oder kontaktieren Sie uns f\u00fcr weitere Informationen.\" \/>\n<meta name=\"robots\" content=\"index, follow, max-snippet:-1, max-image-preview:large, max-video-preview:-1\" \/>\n<link rel=\"canonical\" href=\"https:\/\/solicom-verisafe.com\/de\/cookie-policy\/\" \/>\n<meta property=\"og:locale\" content=\"de_DE\" \/>\n<meta property=\"og:type\" content=\"article\" \/>\n<meta property=\"og:title\" content=\"Cookie-Erkl\u00e4rung - Solicom Verisafe\" \/>\n<meta property=\"og:description\" content=\"Auf der Solicom-Website verwenden wir Cookies. F\u00fcr weitere Informationen zu diesem Thema lesen Sie bitte hier mehr oder kontaktieren Sie uns f\u00fcr weitere Informationen.\" \/>\n<meta property=\"og:url\" content=\"https:\/\/solicom-verisafe.com\/de\/cookie-policy\/\" \/>\n<meta property=\"og:site_name\" content=\"Solicom Verisafe\" \/>\n<meta property=\"article:publisher\" content=\"https:\/\/www.facebook.com\/solicomverisafe\/\" \/>\n<meta property=\"article:modified_time\" content=\"2022-04-05T13:29:50+00:00\" \/>\n<meta name=\"twitter:card\" content=\"summary_large_image\" \/>\n<meta name=\"twitter:label1\" content=\"Gesch\u00e4tzte Lesezeit\" \/>\n\t<meta name=\"twitter:data1\" content=\"1\u00a0Minute\" \/>\n<script type=\"application\/ld+json\" class=\"yoast-schema-graph\">{\"@context\":\"https:\/\/schema.org\",\"@graph\":[{\"@type\":\"WebPage\",\"@id\":\"https:\/\/solicom-verisafe.com\/de\/cookie-policy\/\",\"url\":\"https:\/\/solicom-verisafe.com\/de\/cookie-policy\/\",\"name\":\"Cookie-Erkl\u00e4rung - Solicom Verisafe\",\"isPartOf\":{\"@id\":\"https:\/\/solicom-verisafe.com\/de\/#website\"},\"datePublished\":\"2018-09-19T11:56:11+00:00\",\"dateModified\":\"2022-04-05T13:29:50+00:00\",\"description\":\"Auf der Solicom-Website verwenden wir Cookies. F\u00fcr weitere Informationen zu diesem Thema lesen Sie bitte hier mehr oder kontaktieren Sie uns f\u00fcr weitere Informationen.\",\"breadcrumb\":{\"@id\":\"https:\/\/solicom-verisafe.com\/de\/cookie-policy\/#breadcrumb\"},\"inLanguage\":\"de\",\"potentialAction\":[{\"@type\":\"ReadAction\",\"target\":[\"https:\/\/solicom-verisafe.com\/de\/cookie-policy\/\"]}]},{\"@type\":\"BreadcrumbList\",\"@id\":\"https:\/\/solicom-verisafe.com\/de\/cookie-policy\/#breadcrumb\",\"itemListElement\":[{\"@type\":\"ListItem\",\"position\":1,\"name\":\"Home\",\"item\":\"https:\/\/solicom-verisafe.com\/de\/\"},{\"@type\":\"ListItem\",\"position\":2,\"name\":\"Cookie-Erkl\u00e4rung\"}]},{\"@type\":\"WebSite\",\"@id\":\"https:\/\/solicom-verisafe.com\/de\/#website\",\"url\":\"https:\/\/solicom-verisafe.com\/de\/\",\"name\":\"Solicom Verisafe\",\"description\":\"\",\"publisher\":{\"@id\":\"https:\/\/solicom-verisafe.com\/de\/#organization\"},\"potentialAction\":[{\"@type\":\"SearchAction\",\"target\":{\"@type\":\"EntryPoint\",\"urlTemplate\":\"https:\/\/solicom-verisafe.com\/de\/?s={search_term_string}\"},\"query-input\":{\"@type\":\"PropertyValueSpecification\",\"valueRequired\":true,\"valueName\":\"search_term_string\"}}],\"inLanguage\":\"de\"},{\"@type\":\"Organization\",\"@id\":\"https:\/\/solicom-verisafe.com\/de\/#organization\",\"name\":\"Solicom Verisafe\",\"url\":\"https:\/\/solicom-verisafe.com\/de\/\",\"logo\":{\"@type\":\"ImageObject\",\"inLanguage\":\"de\",\"@id\":\"https:\/\/solicom-verisafe.com\/de\/#\/schema\/logo\/image\/\",\"url\":\"https:\/\/solicom-verisafe.com\/wp-content\/uploads\/2020\/01\/home_banner.jpg\",\"contentUrl\":\"https:\/\/solicom-verisafe.com\/wp-content\/uploads\/2020\/01\/home_banner.jpg\",\"width\":1920,\"height\":832,\"caption\":\"Solicom Verisafe\"},\"image\":{\"@id\":\"https:\/\/solicom-verisafe.com\/de\/#\/schema\/logo\/image\/\"},\"sameAs\":[\"https:\/\/www.facebook.com\/solicomverisafe\/\"]}]}<\/script>\n<!-- \/ Yoast SEO plugin. -->","yoast_head_json":{"title":"Cookie-Erkl\u00e4rung - Solicom Verisafe","description":"Auf der Solicom-Website verwenden wir Cookies. F\u00fcr weitere Informationen zu diesem Thema lesen Sie bitte hier mehr oder kontaktieren Sie uns f\u00fcr weitere Informationen.","robots":{"index":"index","follow":"follow","max-snippet":"max-snippet:-1","max-image-preview":"max-image-preview:large","max-video-preview":"max-video-preview:-1"},"canonical":"https:\/\/solicom-verisafe.com\/de\/cookie-policy\/","og_locale":"de_DE","og_type":"article","og_title":"Cookie-Erkl\u00e4rung - Solicom Verisafe","og_description":"Auf der Solicom-Website verwenden wir Cookies. F\u00fcr weitere Informationen zu diesem Thema lesen Sie bitte hier mehr oder kontaktieren Sie uns f\u00fcr weitere Informationen.","og_url":"https:\/\/solicom-verisafe.com\/de\/cookie-policy\/","og_site_name":"Solicom Verisafe","article_publisher":"https:\/\/www.facebook.com\/solicomverisafe\/","article_modified_time":"2022-04-05T13:29:50+00:00","twitter_card":"summary_large_image","twitter_misc":{"Gesch\u00e4tzte Lesezeit":"1\u00a0Minute"},"schema":{"@context":"https:\/\/schema.org","@graph":[{"@type":"WebPage","@id":"https:\/\/solicom-verisafe.com\/de\/cookie-policy\/","url":"https:\/\/solicom-verisafe.com\/de\/cookie-policy\/","name":"Cookie-Erkl\u00e4rung - Solicom Verisafe","isPartOf":{"@id":"https:\/\/solicom-verisafe.com\/de\/#website"},"datePublished":"2018-09-19T11:56:11+00:00","dateModified":"2022-04-05T13:29:50+00:00","description":"Auf der Solicom-Website verwenden wir Cookies. F\u00fcr weitere Informationen zu diesem Thema lesen Sie bitte hier mehr oder kontaktieren Sie uns f\u00fcr weitere Informationen.","breadcrumb":{"@id":"https:\/\/solicom-verisafe.com\/de\/cookie-policy\/#breadcrumb"},"inLanguage":"de","potentialAction":[{"@type":"ReadAction","target":["https:\/\/solicom-verisafe.com\/de\/cookie-policy\/"]}]},{"@type":"BreadcrumbList","@id":"https:\/\/solicom-verisafe.com\/de\/cookie-policy\/#breadcrumb","itemListElement":[{"@type":"ListItem","position":1,"name":"Home","item":"https:\/\/solicom-verisafe.com\/de\/"},{"@type":"ListItem","position":2,"name":"Cookie-Erkl\u00e4rung"}]},{"@type":"WebSite","@id":"https:\/\/solicom-verisafe.com\/de\/#website","url":"https:\/\/solicom-verisafe.com\/de\/","name":"Solicom Verisafe","description":"","publisher":{"@id":"https:\/\/solicom-verisafe.com\/de\/#organization"},"potentialAction":[{"@type":"SearchAction","target":{"@type":"EntryPoint","urlTemplate":"https:\/\/solicom-verisafe.com\/de\/?s={search_term_string}"},"query-input":{"@type":"PropertyValueSpecification","valueRequired":true,"valueName":"search_term_string"}}],"inLanguage":"de"},{"@type":"Organization","@id":"https:\/\/solicom-verisafe.com\/de\/#organization","name":"Solicom Verisafe","url":"https:\/\/solicom-verisafe.com\/de\/","logo":{"@type":"ImageObject","inLanguage":"de","@id":"https:\/\/solicom-verisafe.com\/de\/#\/schema\/logo\/image\/","url":"https:\/\/solicom-verisafe.com\/wp-content\/uploads\/2020\/01\/home_banner.jpg","contentUrl":"https:\/\/solicom-verisafe.com\/wp-content\/uploads\/2020\/01\/home_banner.jpg","width":1920,"height":832,"caption":"Solicom Verisafe"},"image":{"@id":"https:\/\/solicom-verisafe.com\/de\/#\/schema\/logo\/image\/"},"sameAs":["https:\/\/www.facebook.com\/solicomverisafe\/"]}]}},"_links":{"self":[{"href":"https:\/\/solicom-verisafe.com\/de\/wp-json\/wp\/v2\/pages\/522","targetHints":{"allow":["GET"]}}],"collection":[{"href":"https:\/\/solicom-verisafe.com\/de\/wp-json\/wp\/v2\/pages"}],"about":[{"href":"https:\/\/solicom-verisafe.com\/de\/wp-json\/wp\/v2\/types\/page"}],"author":[{"embeddable":true,"href":"https:\/\/solicom-verisafe.com\/de\/wp-json\/wp\/v2\/users\/1"}],"replies":[{"embeddable":true,"href":"https:\/\/solicom-verisafe.com\/de\/wp-json\/wp\/v2\/comments?post=522"}],"version-history":[{"count":1,"href":"https:\/\/solicom-verisafe.com\/de\/wp-json\/wp\/v2\/pages\/522\/revisions"}],"predecessor-version":[{"id":1910,"href":"https:\/\/solicom-verisafe.com\/de\/wp-json\/wp\/v2\/pages\/522\/revisions\/1910"}],"wp:attachment":[{"href":"https:\/\/solicom-verisafe.com\/de\/wp-json\/wp\/v2\/media?parent=522"}],"curies":[{"name":"wp","href":"https:\/\/api.w.org\/{rel}","templated":true}]}}