{"id":2879,"date":"2025-05-13T14:02:44","date_gmt":"2025-05-13T12:02:44","guid":{"rendered":"https:\/\/solicom-verisafe.com\/schrumpffolie-2\/schrumpffolie-fuer-flugzeuge\/"},"modified":"2025-05-15T18:34:23","modified_gmt":"2025-05-15T16:34:23","slug":"schrumpffolie-fuer-flugzeuge","status":"publish","type":"page","link":"https:\/\/solicom-verisafe.com\/de\/schrumpffolie-2\/schrumpffolie-fuer-flugzeuge\/","title":{"rendered":"Schrumpffolie f\u00fcr Flugzeuge"},"content":{"rendered":"<h1>Schrumpffolie f\u00fcr Flugzeuge<\/h1>\n<p>Flugzeuge sollten immer in <strong>bestem Zustand<\/strong> bleiben. Der beste Schutz daf\u00fcr ist <strong>die Flugzeug-Schrumpffolie von Solicom Verisafe<\/strong>. Unsere hochwertige Schrumpffolie sch\u00fctzt Ihr Flugzeug w\u00e4hrend des Transports oder der Lagerung vor Schmutz und Witterungseinfl\u00fcssen. Entdecken Sie unsere <strong>Premium-Schrumpffolie,<\/strong> und sorgen Sie daf\u00fcr, dass Ihr Flugzeug makellos bleibt.   <\/p>\n","protected":false},"excerpt":{"rendered":"<p>Schrumpffolie f\u00fcr Flugzeuge Flugzeuge sollten immer in bestem Zustand bleiben. Der beste Schutz daf\u00fcr ist die Flugzeug-Schrumpffolie von Solicom Verisafe&#8230;.<\/p>\n","protected":false},"author":2,"featured_media":0,"parent":816,"menu_order":0,"comment_status":"closed","ping_status":"closed","template":"","meta":{"_acf_changed":false,"inline_featured_image":false,"footnotes":""},"class_list":["post-2879","page","type-page","status-publish","hentry"],"acf":[],"yoast_head":"<!-- This site is optimized with the Yoast SEO plugin v27.0 - https:\/\/yoast.com\/product\/yoast-seo-wordpress\/ -->\n<title>Schrumpffolie f\u00fcr Flugzeuge - Solicom Verisafe<\/title>\n<meta name=\"description\" content=\"Schrumpffolie f\u00fcr Flugzeuge sch\u00fctzt Flugzeuge. Kontaktieren Sie Solicom Verisafe f\u00fcr Flugzeug-Schrumpffolie!\" \/>\n<meta name=\"robots\" content=\"index, follow, max-snippet:-1, max-image-preview:large, max-video-preview:-1\" \/>\n<link rel=\"canonical\" href=\"https:\/\/solicom-verisafe.com\/de\/schrumpffolie-2\/schrumpffolie-fuer-flugzeuge\/\" \/>\n<meta property=\"og:locale\" content=\"de_DE\" \/>\n<meta property=\"og:type\" content=\"article\" \/>\n<meta property=\"og:title\" content=\"Schrumpffolie f\u00fcr Flugzeuge - Solicom Verisafe\" \/>\n<meta property=\"og:description\" content=\"Schrumpffolie f\u00fcr Flugzeuge sch\u00fctzt Flugzeuge. Kontaktieren Sie Solicom Verisafe f\u00fcr Flugzeug-Schrumpffolie!\" \/>\n<meta property=\"og:url\" content=\"https:\/\/solicom-verisafe.com\/de\/schrumpffolie-2\/schrumpffolie-fuer-flugzeuge\/\" \/>\n<meta property=\"og:site_name\" content=\"Solicom Verisafe\" \/>\n<meta property=\"article:publisher\" content=\"https:\/\/www.facebook.com\/solicomverisafe\/\" \/>\n<meta property=\"article:modified_time\" content=\"2025-05-15T16:34:23+00:00\" \/>\n<meta name=\"twitter:card\" content=\"summary_large_image\" \/>\n<script type=\"application\/ld+json\" class=\"yoast-schema-graph\">{\"@context\":\"https:\/\/schema.org\",\"@graph\":[{\"@type\":\"WebPage\",\"@id\":\"https:\/\/solicom-verisafe.com\/de\/schrumpffolie-2\/schrumpffolie-fuer-flugzeuge\/\",\"url\":\"https:\/\/solicom-verisafe.com\/de\/schrumpffolie-2\/schrumpffolie-fuer-flugzeuge\/\",\"name\":\"Schrumpffolie f\u00fcr Flugzeuge - Solicom Verisafe\",\"isPartOf\":{\"@id\":\"https:\/\/solicom-verisafe.com\/de\/#website\"},\"datePublished\":\"2025-05-13T12:02:44+00:00\",\"dateModified\":\"2025-05-15T16:34:23+00:00\",\"description\":\"Schrumpffolie f\u00fcr Flugzeuge sch\u00fctzt Flugzeuge. Kontaktieren Sie Solicom Verisafe f\u00fcr Flugzeug-Schrumpffolie!\",\"breadcrumb\":{\"@id\":\"https:\/\/solicom-verisafe.com\/de\/schrumpffolie-2\/schrumpffolie-fuer-flugzeuge\/#breadcrumb\"},\"inLanguage\":\"de\",\"potentialAction\":[{\"@type\":\"ReadAction\",\"target\":[\"https:\/\/solicom-verisafe.com\/de\/schrumpffolie-2\/schrumpffolie-fuer-flugzeuge\/\"]}]},{\"@type\":\"BreadcrumbList\",\"@id\":\"https:\/\/solicom-verisafe.com\/de\/schrumpffolie-2\/schrumpffolie-fuer-flugzeuge\/#breadcrumb\",\"itemListElement\":[{\"@type\":\"ListItem\",\"position\":1,\"name\":\"Home\",\"item\":\"https:\/\/solicom-verisafe.com\/de\/\"},{\"@type\":\"ListItem\",\"position\":2,\"name\":\"Anwendungen f\u00fcr Schrumpffolie\",\"item\":\"https:\/\/solicom-verisafe.com\/de\/schrumpffolie-2\/\"},{\"@type\":\"ListItem\",\"position\":3,\"name\":\"Schrumpffolie f\u00fcr Flugzeuge\"}]},{\"@type\":\"WebSite\",\"@id\":\"https:\/\/solicom-verisafe.com\/de\/#website\",\"url\":\"https:\/\/solicom-verisafe.com\/de\/\",\"name\":\"Solicom Verisafe\",\"description\":\"\",\"publisher\":{\"@id\":\"https:\/\/solicom-verisafe.com\/de\/#organization\"},\"potentialAction\":[{\"@type\":\"SearchAction\",\"target\":{\"@type\":\"EntryPoint\",\"urlTemplate\":\"https:\/\/solicom-verisafe.com\/de\/?s={search_term_string}\"},\"query-input\":{\"@type\":\"PropertyValueSpecification\",\"valueRequired\":true,\"valueName\":\"search_term_string\"}}],\"inLanguage\":\"de\"},{\"@type\":\"Organization\",\"@id\":\"https:\/\/solicom-verisafe.com\/de\/#organization\",\"name\":\"Solicom Verisafe\",\"url\":\"https:\/\/solicom-verisafe.com\/de\/\",\"logo\":{\"@type\":\"ImageObject\",\"inLanguage\":\"de\",\"@id\":\"https:\/\/solicom-verisafe.com\/de\/#\/schema\/logo\/image\/\",\"url\":\"https:\/\/solicom-verisafe.com\/wp-content\/uploads\/2020\/01\/home_banner.jpg\",\"contentUrl\":\"https:\/\/solicom-verisafe.com\/wp-content\/uploads\/2020\/01\/home_banner.jpg\",\"width\":1920,\"height\":832,\"caption\":\"Solicom Verisafe\"},\"image\":{\"@id\":\"https:\/\/solicom-verisafe.com\/de\/#\/schema\/logo\/image\/\"},\"sameAs\":[\"https:\/\/www.facebook.com\/solicomverisafe\/\"]}]}<\/script>\n<!-- \/ Yoast SEO plugin. -->","yoast_head_json":{"title":"Schrumpffolie f\u00fcr Flugzeuge - Solicom Verisafe","description":"Schrumpffolie f\u00fcr Flugzeuge sch\u00fctzt Flugzeuge. Kontaktieren Sie Solicom Verisafe f\u00fcr Flugzeug-Schrumpffolie!","robots":{"index":"index","follow":"follow","max-snippet":"max-snippet:-1","max-image-preview":"max-image-preview:large","max-video-preview":"max-video-preview:-1"},"canonical":"https:\/\/solicom-verisafe.com\/de\/schrumpffolie-2\/schrumpffolie-fuer-flugzeuge\/","og_locale":"de_DE","og_type":"article","og_title":"Schrumpffolie f\u00fcr Flugzeuge - Solicom Verisafe","og_description":"Schrumpffolie f\u00fcr Flugzeuge sch\u00fctzt Flugzeuge. Kontaktieren Sie Solicom Verisafe f\u00fcr Flugzeug-Schrumpffolie!","og_url":"https:\/\/solicom-verisafe.com\/de\/schrumpffolie-2\/schrumpffolie-fuer-flugzeuge\/","og_site_name":"Solicom Verisafe","article_publisher":"https:\/\/www.facebook.com\/solicomverisafe\/","article_modified_time":"2025-05-15T16:34:23+00:00","twitter_card":"summary_large_image","schema":{"@context":"https:\/\/schema.org","@graph":[{"@type":"WebPage","@id":"https:\/\/solicom-verisafe.com\/de\/schrumpffolie-2\/schrumpffolie-fuer-flugzeuge\/","url":"https:\/\/solicom-verisafe.com\/de\/schrumpffolie-2\/schrumpffolie-fuer-flugzeuge\/","name":"Schrumpffolie f\u00fcr Flugzeuge - Solicom Verisafe","isPartOf":{"@id":"https:\/\/solicom-verisafe.com\/de\/#website"},"datePublished":"2025-05-13T12:02:44+00:00","dateModified":"2025-05-15T16:34:23+00:00","description":"Schrumpffolie f\u00fcr Flugzeuge sch\u00fctzt Flugzeuge. Kontaktieren Sie Solicom Verisafe f\u00fcr Flugzeug-Schrumpffolie!","breadcrumb":{"@id":"https:\/\/solicom-verisafe.com\/de\/schrumpffolie-2\/schrumpffolie-fuer-flugzeuge\/#breadcrumb"},"inLanguage":"de","potentialAction":[{"@type":"ReadAction","target":["https:\/\/solicom-verisafe.com\/de\/schrumpffolie-2\/schrumpffolie-fuer-flugzeuge\/"]}]},{"@type":"BreadcrumbList","@id":"https:\/\/solicom-verisafe.com\/de\/schrumpffolie-2\/schrumpffolie-fuer-flugzeuge\/#breadcrumb","itemListElement":[{"@type":"ListItem","position":1,"name":"Home","item":"https:\/\/solicom-verisafe.com\/de\/"},{"@type":"ListItem","position":2,"name":"Anwendungen f\u00fcr Schrumpffolie","item":"https:\/\/solicom-verisafe.com\/de\/schrumpffolie-2\/"},{"@type":"ListItem","position":3,"name":"Schrumpffolie f\u00fcr Flugzeuge"}]},{"@type":"WebSite","@id":"https:\/\/solicom-verisafe.com\/de\/#website","url":"https:\/\/solicom-verisafe.com\/de\/","name":"Solicom Verisafe","description":"","publisher":{"@id":"https:\/\/solicom-verisafe.com\/de\/#organization"},"potentialAction":[{"@type":"SearchAction","target":{"@type":"EntryPoint","urlTemplate":"https:\/\/solicom-verisafe.com\/de\/?s={search_term_string}"},"query-input":{"@type":"PropertyValueSpecification","valueRequired":true,"valueName":"search_term_string"}}],"inLanguage":"de"},{"@type":"Organization","@id":"https:\/\/solicom-verisafe.com\/de\/#organization","name":"Solicom Verisafe","url":"https:\/\/solicom-verisafe.com\/de\/","logo":{"@type":"ImageObject","inLanguage":"de","@id":"https:\/\/solicom-verisafe.com\/de\/#\/schema\/logo\/image\/","url":"https:\/\/solicom-verisafe.com\/wp-content\/uploads\/2020\/01\/home_banner.jpg","contentUrl":"https:\/\/solicom-verisafe.com\/wp-content\/uploads\/2020\/01\/home_banner.jpg","width":1920,"height":832,"caption":"Solicom Verisafe"},"image":{"@id":"https:\/\/solicom-verisafe.com\/de\/#\/schema\/logo\/image\/"},"sameAs":["https:\/\/www.facebook.com\/solicomverisafe\/"]}]}},"_links":{"self":[{"href":"https:\/\/solicom-verisafe.com\/de\/wp-json\/wp\/v2\/pages\/2879","targetHints":{"allow":["GET"]}}],"collection":[{"href":"https:\/\/solicom-verisafe.com\/de\/wp-json\/wp\/v2\/pages"}],"about":[{"href":"https:\/\/solicom-verisafe.com\/de\/wp-json\/wp\/v2\/types\/page"}],"author":[{"embeddable":true,"href":"https:\/\/solicom-verisafe.com\/de\/wp-json\/wp\/v2\/users\/2"}],"replies":[{"embeddable":true,"href":"https:\/\/solicom-verisafe.com\/de\/wp-json\/wp\/v2\/comments?post=2879"}],"version-history":[{"count":1,"href":"https:\/\/solicom-verisafe.com\/de\/wp-json\/wp\/v2\/pages\/2879\/revisions"}],"predecessor-version":[{"id":3709,"href":"https:\/\/solicom-verisafe.com\/de\/wp-json\/wp\/v2\/pages\/2879\/revisions\/3709"}],"up":[{"embeddable":true,"href":"https:\/\/solicom-verisafe.com\/de\/wp-json\/wp\/v2\/pages\/816"}],"wp:attachment":[{"href":"https:\/\/solicom-verisafe.com\/de\/wp-json\/wp\/v2\/media?parent=2879"}],"curies":[{"name":"wp","href":"https:\/\/api.w.org\/{rel}","templated":true}]}}