{"id":2874,"date":"2025-05-13T14:02:36","date_gmt":"2025-05-13T12:02:36","guid":{"rendered":"https:\/\/solicom-verisafe.com\/schrumpffolie-2\/hubschrauber-schrumpffolie\/"},"modified":"2025-05-15T18:34:04","modified_gmt":"2025-05-15T16:34:04","slug":"hubschrauber-schrumpffolie","status":"publish","type":"page","link":"https:\/\/solicom-verisafe.com\/de\/schrumpffolie-2\/hubschrauber-schrumpffolie\/","title":{"rendered":"Hubschrauber Schrumpffolie"},"content":{"rendered":"<h1>Hubschrauber Schrumpffolie<\/h1>\n<p>Wenn es darum geht, <strong>Ihren wertvollen Hubschrauber zu sch\u00fctzen<\/strong>, ist ein erstklassiger Schutz unerl\u00e4sslich. Wir von Solicom Verisafe erf\u00fcllen diesen Bedarf. Unsere <strong>Premium-Helikopter-Schrumpffolie<\/strong> bietet eine unvergleichliche L\u00f6sung. Sie wurde entwickelt, um Ihr Flugzeug vor den Elementen zu sch\u00fctzen, seinen Zustand zu erhalten und seine Lebensdauer zu verl\u00e4ngern. Ob f\u00fcr die Lagerung, den Transport oder die Wartung: Unsere Hubschrauber-Schrumpffolie sorgt daf\u00fcr, dass Ihr Hubschrauber in einem <strong>tadellosen Zustand<\/strong> bleibt.    <\/p>\n","protected":false},"excerpt":{"rendered":"<p>Hubschrauber Schrumpffolie Wenn es darum geht, Ihren wertvollen Hubschrauber zu sch\u00fctzen, ist ein erstklassiger Schutz unerl\u00e4sslich. Wir von Solicom Verisafe&#8230;<\/p>\n","protected":false},"author":2,"featured_media":0,"parent":816,"menu_order":0,"comment_status":"closed","ping_status":"closed","template":"","meta":{"_acf_changed":false,"inline_featured_image":false,"footnotes":""},"class_list":["post-2874","page","type-page","status-publish","hentry"],"acf":[],"yoast_head":"<!-- This site is optimized with the Yoast SEO plugin v27.0 - https:\/\/yoast.com\/product\/yoast-seo-wordpress\/ -->\n<title>Hubschrauber Schrumpffolie - Solicom Verisafe<\/title>\n<meta name=\"description\" content=\"Sch\u00fctzen Sie Ihren Hubschrauber mit der Hubschrauber-Schrumpffolie von Solicom Verisafe. Kontaktieren Sie uns f\u00fcr mehr.\" \/>\n<meta name=\"robots\" content=\"index, follow, max-snippet:-1, max-image-preview:large, max-video-preview:-1\" \/>\n<link rel=\"canonical\" href=\"https:\/\/solicom-verisafe.com\/de\/schrumpffolie-2\/hubschrauber-schrumpffolie\/\" \/>\n<meta property=\"og:locale\" content=\"de_DE\" \/>\n<meta property=\"og:type\" content=\"article\" \/>\n<meta property=\"og:title\" content=\"Hubschrauber Schrumpffolie - Solicom Verisafe\" \/>\n<meta property=\"og:description\" content=\"Sch\u00fctzen Sie Ihren Hubschrauber mit der Hubschrauber-Schrumpffolie von Solicom Verisafe. Kontaktieren Sie uns f\u00fcr mehr.\" \/>\n<meta property=\"og:url\" content=\"https:\/\/solicom-verisafe.com\/de\/schrumpffolie-2\/hubschrauber-schrumpffolie\/\" \/>\n<meta property=\"og:site_name\" content=\"Solicom Verisafe\" \/>\n<meta property=\"article:publisher\" content=\"https:\/\/www.facebook.com\/solicomverisafe\/\" \/>\n<meta property=\"article:modified_time\" content=\"2025-05-15T16:34:04+00:00\" \/>\n<meta name=\"twitter:card\" content=\"summary_large_image\" \/>\n<script type=\"application\/ld+json\" class=\"yoast-schema-graph\">{\"@context\":\"https:\/\/schema.org\",\"@graph\":[{\"@type\":\"WebPage\",\"@id\":\"https:\/\/solicom-verisafe.com\/de\/schrumpffolie-2\/hubschrauber-schrumpffolie\/\",\"url\":\"https:\/\/solicom-verisafe.com\/de\/schrumpffolie-2\/hubschrauber-schrumpffolie\/\",\"name\":\"Hubschrauber Schrumpffolie - Solicom Verisafe\",\"isPartOf\":{\"@id\":\"https:\/\/solicom-verisafe.com\/de\/#website\"},\"datePublished\":\"2025-05-13T12:02:36+00:00\",\"dateModified\":\"2025-05-15T16:34:04+00:00\",\"description\":\"Sch\u00fctzen Sie Ihren Hubschrauber mit der Hubschrauber-Schrumpffolie von Solicom Verisafe. Kontaktieren Sie uns f\u00fcr mehr.\",\"breadcrumb\":{\"@id\":\"https:\/\/solicom-verisafe.com\/de\/schrumpffolie-2\/hubschrauber-schrumpffolie\/#breadcrumb\"},\"inLanguage\":\"de\",\"potentialAction\":[{\"@type\":\"ReadAction\",\"target\":[\"https:\/\/solicom-verisafe.com\/de\/schrumpffolie-2\/hubschrauber-schrumpffolie\/\"]}]},{\"@type\":\"BreadcrumbList\",\"@id\":\"https:\/\/solicom-verisafe.com\/de\/schrumpffolie-2\/hubschrauber-schrumpffolie\/#breadcrumb\",\"itemListElement\":[{\"@type\":\"ListItem\",\"position\":1,\"name\":\"Home\",\"item\":\"https:\/\/solicom-verisafe.com\/de\/\"},{\"@type\":\"ListItem\",\"position\":2,\"name\":\"Anwendungen f\u00fcr Schrumpffolie\",\"item\":\"https:\/\/solicom-verisafe.com\/de\/schrumpffolie-2\/\"},{\"@type\":\"ListItem\",\"position\":3,\"name\":\"Hubschrauber Schrumpffolie\"}]},{\"@type\":\"WebSite\",\"@id\":\"https:\/\/solicom-verisafe.com\/de\/#website\",\"url\":\"https:\/\/solicom-verisafe.com\/de\/\",\"name\":\"Solicom Verisafe\",\"description\":\"\",\"publisher\":{\"@id\":\"https:\/\/solicom-verisafe.com\/de\/#organization\"},\"potentialAction\":[{\"@type\":\"SearchAction\",\"target\":{\"@type\":\"EntryPoint\",\"urlTemplate\":\"https:\/\/solicom-verisafe.com\/de\/?s={search_term_string}\"},\"query-input\":{\"@type\":\"PropertyValueSpecification\",\"valueRequired\":true,\"valueName\":\"search_term_string\"}}],\"inLanguage\":\"de\"},{\"@type\":\"Organization\",\"@id\":\"https:\/\/solicom-verisafe.com\/de\/#organization\",\"name\":\"Solicom Verisafe\",\"url\":\"https:\/\/solicom-verisafe.com\/de\/\",\"logo\":{\"@type\":\"ImageObject\",\"inLanguage\":\"de\",\"@id\":\"https:\/\/solicom-verisafe.com\/de\/#\/schema\/logo\/image\/\",\"url\":\"https:\/\/solicom-verisafe.com\/wp-content\/uploads\/2020\/01\/home_banner.jpg\",\"contentUrl\":\"https:\/\/solicom-verisafe.com\/wp-content\/uploads\/2020\/01\/home_banner.jpg\",\"width\":1920,\"height\":832,\"caption\":\"Solicom Verisafe\"},\"image\":{\"@id\":\"https:\/\/solicom-verisafe.com\/de\/#\/schema\/logo\/image\/\"},\"sameAs\":[\"https:\/\/www.facebook.com\/solicomverisafe\/\"]}]}<\/script>\n<!-- \/ Yoast SEO plugin. -->","yoast_head_json":{"title":"Hubschrauber Schrumpffolie - Solicom Verisafe","description":"Sch\u00fctzen Sie Ihren Hubschrauber mit der Hubschrauber-Schrumpffolie von Solicom Verisafe. Kontaktieren Sie uns f\u00fcr mehr.","robots":{"index":"index","follow":"follow","max-snippet":"max-snippet:-1","max-image-preview":"max-image-preview:large","max-video-preview":"max-video-preview:-1"},"canonical":"https:\/\/solicom-verisafe.com\/de\/schrumpffolie-2\/hubschrauber-schrumpffolie\/","og_locale":"de_DE","og_type":"article","og_title":"Hubschrauber Schrumpffolie - Solicom Verisafe","og_description":"Sch\u00fctzen Sie Ihren Hubschrauber mit der Hubschrauber-Schrumpffolie von Solicom Verisafe. Kontaktieren Sie uns f\u00fcr mehr.","og_url":"https:\/\/solicom-verisafe.com\/de\/schrumpffolie-2\/hubschrauber-schrumpffolie\/","og_site_name":"Solicom Verisafe","article_publisher":"https:\/\/www.facebook.com\/solicomverisafe\/","article_modified_time":"2025-05-15T16:34:04+00:00","twitter_card":"summary_large_image","schema":{"@context":"https:\/\/schema.org","@graph":[{"@type":"WebPage","@id":"https:\/\/solicom-verisafe.com\/de\/schrumpffolie-2\/hubschrauber-schrumpffolie\/","url":"https:\/\/solicom-verisafe.com\/de\/schrumpffolie-2\/hubschrauber-schrumpffolie\/","name":"Hubschrauber Schrumpffolie - Solicom Verisafe","isPartOf":{"@id":"https:\/\/solicom-verisafe.com\/de\/#website"},"datePublished":"2025-05-13T12:02:36+00:00","dateModified":"2025-05-15T16:34:04+00:00","description":"Sch\u00fctzen Sie Ihren Hubschrauber mit der Hubschrauber-Schrumpffolie von Solicom Verisafe. Kontaktieren Sie uns f\u00fcr mehr.","breadcrumb":{"@id":"https:\/\/solicom-verisafe.com\/de\/schrumpffolie-2\/hubschrauber-schrumpffolie\/#breadcrumb"},"inLanguage":"de","potentialAction":[{"@type":"ReadAction","target":["https:\/\/solicom-verisafe.com\/de\/schrumpffolie-2\/hubschrauber-schrumpffolie\/"]}]},{"@type":"BreadcrumbList","@id":"https:\/\/solicom-verisafe.com\/de\/schrumpffolie-2\/hubschrauber-schrumpffolie\/#breadcrumb","itemListElement":[{"@type":"ListItem","position":1,"name":"Home","item":"https:\/\/solicom-verisafe.com\/de\/"},{"@type":"ListItem","position":2,"name":"Anwendungen f\u00fcr Schrumpffolie","item":"https:\/\/solicom-verisafe.com\/de\/schrumpffolie-2\/"},{"@type":"ListItem","position":3,"name":"Hubschrauber Schrumpffolie"}]},{"@type":"WebSite","@id":"https:\/\/solicom-verisafe.com\/de\/#website","url":"https:\/\/solicom-verisafe.com\/de\/","name":"Solicom Verisafe","description":"","publisher":{"@id":"https:\/\/solicom-verisafe.com\/de\/#organization"},"potentialAction":[{"@type":"SearchAction","target":{"@type":"EntryPoint","urlTemplate":"https:\/\/solicom-verisafe.com\/de\/?s={search_term_string}"},"query-input":{"@type":"PropertyValueSpecification","valueRequired":true,"valueName":"search_term_string"}}],"inLanguage":"de"},{"@type":"Organization","@id":"https:\/\/solicom-verisafe.com\/de\/#organization","name":"Solicom Verisafe","url":"https:\/\/solicom-verisafe.com\/de\/","logo":{"@type":"ImageObject","inLanguage":"de","@id":"https:\/\/solicom-verisafe.com\/de\/#\/schema\/logo\/image\/","url":"https:\/\/solicom-verisafe.com\/wp-content\/uploads\/2020\/01\/home_banner.jpg","contentUrl":"https:\/\/solicom-verisafe.com\/wp-content\/uploads\/2020\/01\/home_banner.jpg","width":1920,"height":832,"caption":"Solicom Verisafe"},"image":{"@id":"https:\/\/solicom-verisafe.com\/de\/#\/schema\/logo\/image\/"},"sameAs":["https:\/\/www.facebook.com\/solicomverisafe\/"]}]}},"_links":{"self":[{"href":"https:\/\/solicom-verisafe.com\/de\/wp-json\/wp\/v2\/pages\/2874","targetHints":{"allow":["GET"]}}],"collection":[{"href":"https:\/\/solicom-verisafe.com\/de\/wp-json\/wp\/v2\/pages"}],"about":[{"href":"https:\/\/solicom-verisafe.com\/de\/wp-json\/wp\/v2\/types\/page"}],"author":[{"embeddable":true,"href":"https:\/\/solicom-verisafe.com\/de\/wp-json\/wp\/v2\/users\/2"}],"replies":[{"embeddable":true,"href":"https:\/\/solicom-verisafe.com\/de\/wp-json\/wp\/v2\/comments?post=2874"}],"version-history":[{"count":1,"href":"https:\/\/solicom-verisafe.com\/de\/wp-json\/wp\/v2\/pages\/2874\/revisions"}],"predecessor-version":[{"id":3696,"href":"https:\/\/solicom-verisafe.com\/de\/wp-json\/wp\/v2\/pages\/2874\/revisions\/3696"}],"up":[{"embeddable":true,"href":"https:\/\/solicom-verisafe.com\/de\/wp-json\/wp\/v2\/pages\/816"}],"wp:attachment":[{"href":"https:\/\/solicom-verisafe.com\/de\/wp-json\/wp\/v2\/media?parent=2874"}],"curies":[{"name":"wp","href":"https:\/\/api.w.org\/{rel}","templated":true}]}}