{"id":2754,"date":"2025-03-27T16:02:25","date_gmt":"2025-03-27T14:02:25","guid":{"rendered":"https:\/\/solicom-verisafe.com\/anwendungen\/luftfahrt-schrumpffolie\/"},"modified":"2025-05-15T18:34:29","modified_gmt":"2025-05-15T16:34:29","slug":"luftfahrt-schrumpffolie","status":"publish","type":"page","link":"https:\/\/solicom-verisafe.com\/de\/schrumpffolie\/luftfahrt-schrumpffolie\/","title":{"rendered":"Luftfahrt Schrumpffolie"},"content":{"rendered":"<h1>Schrumpffolie f\u00fcr die Luft- und Raumfahrt<\/h1>\n<p>Die <strong>Luft- und Raumfahrtindustrie<\/strong> verlangt einen <strong>hochwertigen, strapazierf\u00e4higen Schutz<\/strong>, um Maschinen und Ger\u00e4te vor den Elementen zu sch\u00fctzen. <strong>Schrumpffolien f\u00fcr die Luftfahrt<\/strong>, wie z.B. Flugzeug- oder Hubschrauberschrumpffolien, erfordern <strong>besondere Material<\/strong> qualit\u00e4ten. Mit Solicom Luftfahrt <a href=\"https:\/\/solicom-verisafe.com\/en\/products\/\"><strong>Schrumpffolie<\/strong><\/a> ist <strong>eine der \u00f6kologischsten L\u00f6sungen<\/strong> f\u00fcr den Schutz von Ger\u00e4ten mit besonderen Formen und Anforderungen. Wenn Sie <strong>Ihre Luftfahrtausr\u00fcstung<\/strong> mit unserer Verisafe <strong>Luftfahrt- und Triebwerkshitzefolie<\/strong> <strong>einkapseln<\/strong>, k\u00f6nnen Sie sicher sein, dass Ihre Ausr\u00fcstung<a href=\"https:\/\/solicom-verisafe.com\/de\/faq\/luftfahrt\/wie-hilft-schrumpffolie-beim-schutz-von-luft-und-raumfahrtausruestung\/\"><strong> gesch\u00fctzt<\/strong><\/a> vor \u00e4u\u00dferen Einfl\u00fcssen gesch\u00fctzt ist.<br \/>\n<script type=\"application\/ld+json\">\n{\n  \"@context\": \"https:\/\/schema.org\",\n  \"@type\": \"Article\",\n  \"mainEntityOfPage\": {\n    \"@type\": \"WebPage\",\n    \"@id\": \"https:\/\/solicom-verisafe.com\/en\/applications\/aviation\/\"\n  },\n  \"headline\": \"Aviation shrink wrap\",\n  \"description\": \"The page details Solicom's Verisafe aviation shrink wrap, tailored for the aerospace and aviation industry's unique needs. This heavy-duty shrink wrap offers unparalleled puncture resistance, fire retardancy, UV protection, and bidirectional shrinking, ensuring a tight and secure fit. It's ideal for covering irregularly shaped objects like aircraft, helicopters, and their components, protecting them from harsh environmental elements. Verisafe's aviation wrap is designed to meet challenging demands, such as covering large items like aircraft engines and wings. Emphasizing eco-friendliness, the wrap is made from recyclable polyethylene, free from pollutants. Solicom maintains a large stock for prompt delivery and is responsive to specific client needs and feedback, constantly improving their products. They offer a range of other shrink wrap solutions for various industries, underscoring their commitment to quality and customer satisfaction.\",\n  \"image\": \"\",  \n  \"author\": {\n    \"@type\": \"Organization\",\n    \"name\": \"Solicom Verisafe\"\n  },  \n  \"publisher\": {\n    \"@type\": \"Organization\",\n    \"name\": \"Solicom Verisafe\",\n    \"logo\": {\n      \"@type\": \"ImageObject\",\n      \"url\": \"\"\n    }\n  },\n  \"datePublished\": \"\"\n}\n<\/script><\/p>\n","protected":false},"excerpt":{"rendered":"<p>Schrumpffolie f\u00fcr die Luft- und Raumfahrt Die Luft- und Raumfahrtindustrie verlangt einen hochwertigen, strapazierf\u00e4higen Schutz, um Maschinen und Ger\u00e4te vor&#8230;<\/p>\n","protected":false},"author":2,"featured_media":0,"parent":816,"menu_order":0,"comment_status":"closed","ping_status":"closed","template":"","meta":{"_acf_changed":false,"inline_featured_image":false,"footnotes":""},"class_list":["post-2754","page","type-page","status-publish","hentry"],"acf":[],"yoast_head":"<!-- This site is optimized with the Yoast SEO plugin v27.0 - https:\/\/yoast.com\/product\/yoast-seo-wordpress\/ -->\n<title>Schrumpffolie f\u00fcr die Luftfahrt | Solicom Verisafe - W\u00e4rmeschrumpffolien<\/title>\n<meta name=\"description\" content=\"Sch\u00fctzen Sie Flugzeuge und Luftfahrtausr\u00fcstung mit strapazierf\u00e4higer Schrumpffolie f\u00fcr die Luftfahrt. Verkapseln Sie wertvolle Maschinen mit einer sicheren Triebwerkspackung.\" \/>\n<meta name=\"robots\" content=\"index, follow, max-snippet:-1, max-image-preview:large, max-video-preview:-1\" \/>\n<link rel=\"canonical\" href=\"https:\/\/solicom-verisafe.com\/de\/schrumpffolie\/luftfahrt-schrumpffolie\/\" \/>\n<meta property=\"og:locale\" content=\"de_DE\" \/>\n<meta property=\"og:type\" content=\"article\" \/>\n<meta property=\"og:title\" content=\"Schrumpffolie f\u00fcr die Luftfahrt | Solicom Verisafe - W\u00e4rmeschrumpffolien\" \/>\n<meta property=\"og:description\" content=\"Sch\u00fctzen Sie Flugzeuge und Luftfahrtausr\u00fcstung mit strapazierf\u00e4higer Schrumpffolie f\u00fcr die Luftfahrt. Verkapseln Sie wertvolle Maschinen mit einer sicheren Triebwerkspackung.\" \/>\n<meta property=\"og:url\" content=\"https:\/\/solicom-verisafe.com\/de\/schrumpffolie\/luftfahrt-schrumpffolie\/\" \/>\n<meta property=\"og:site_name\" content=\"Solicom Verisafe\" \/>\n<meta property=\"article:publisher\" content=\"https:\/\/www.facebook.com\/solicomverisafe\/\" \/>\n<meta property=\"article:modified_time\" content=\"2025-05-15T16:34:29+00:00\" \/>\n<meta name=\"twitter:card\" content=\"summary_large_image\" \/>\n<meta name=\"twitter:label1\" content=\"Gesch\u00e4tzte Lesezeit\" \/>\n\t<meta name=\"twitter:data1\" content=\"6\u00a0Minuten\" \/>\n<script type=\"application\/ld+json\" class=\"yoast-schema-graph\">{\"@context\":\"https:\/\/schema.org\",\"@graph\":[{\"@type\":\"WebPage\",\"@id\":\"https:\/\/solicom-verisafe.com\/de\/schrumpffolie\/luftfahrt-schrumpffolie\/\",\"url\":\"https:\/\/solicom-verisafe.com\/de\/schrumpffolie\/luftfahrt-schrumpffolie\/\",\"name\":\"Schrumpffolie f\u00fcr die Luftfahrt | Solicom Verisafe - W\u00e4rmeschrumpffolien\",\"isPartOf\":{\"@id\":\"https:\/\/solicom-verisafe.com\/de\/#website\"},\"datePublished\":\"2025-03-27T14:02:25+00:00\",\"dateModified\":\"2025-05-15T16:34:29+00:00\",\"description\":\"Sch\u00fctzen Sie Flugzeuge und Luftfahrtausr\u00fcstung mit strapazierf\u00e4higer Schrumpffolie f\u00fcr die Luftfahrt. Verkapseln Sie wertvolle Maschinen mit einer sicheren Triebwerkspackung.\",\"breadcrumb\":{\"@id\":\"https:\/\/solicom-verisafe.com\/de\/schrumpffolie\/luftfahrt-schrumpffolie\/#breadcrumb\"},\"inLanguage\":\"de\",\"potentialAction\":[{\"@type\":\"ReadAction\",\"target\":[\"https:\/\/solicom-verisafe.com\/de\/schrumpffolie\/luftfahrt-schrumpffolie\/\"]}]},{\"@type\":\"BreadcrumbList\",\"@id\":\"https:\/\/solicom-verisafe.com\/de\/schrumpffolie\/luftfahrt-schrumpffolie\/#breadcrumb\",\"itemListElement\":[{\"@type\":\"ListItem\",\"position\":1,\"name\":\"Home\",\"item\":\"https:\/\/solicom-verisafe.com\/de\/\"},{\"@type\":\"ListItem\",\"position\":2,\"name\":\"Anwendungen f\u00fcr Schrumpffolie\",\"item\":\"https:\/\/solicom-verisafe.com\/de\/schrumpffolie-2\/\"},{\"@type\":\"ListItem\",\"position\":3,\"name\":\"Luftfahrt Schrumpffolie\"}]},{\"@type\":\"WebSite\",\"@id\":\"https:\/\/solicom-verisafe.com\/de\/#website\",\"url\":\"https:\/\/solicom-verisafe.com\/de\/\",\"name\":\"Solicom Verisafe\",\"description\":\"\",\"publisher\":{\"@id\":\"https:\/\/solicom-verisafe.com\/de\/#organization\"},\"potentialAction\":[{\"@type\":\"SearchAction\",\"target\":{\"@type\":\"EntryPoint\",\"urlTemplate\":\"https:\/\/solicom-verisafe.com\/de\/?s={search_term_string}\"},\"query-input\":{\"@type\":\"PropertyValueSpecification\",\"valueRequired\":true,\"valueName\":\"search_term_string\"}}],\"inLanguage\":\"de\"},{\"@type\":\"Organization\",\"@id\":\"https:\/\/solicom-verisafe.com\/de\/#organization\",\"name\":\"Solicom Verisafe\",\"url\":\"https:\/\/solicom-verisafe.com\/de\/\",\"logo\":{\"@type\":\"ImageObject\",\"inLanguage\":\"de\",\"@id\":\"https:\/\/solicom-verisafe.com\/de\/#\/schema\/logo\/image\/\",\"url\":\"https:\/\/solicom-verisafe.com\/wp-content\/uploads\/2020\/01\/home_banner.jpg\",\"contentUrl\":\"https:\/\/solicom-verisafe.com\/wp-content\/uploads\/2020\/01\/home_banner.jpg\",\"width\":1920,\"height\":832,\"caption\":\"Solicom Verisafe\"},\"image\":{\"@id\":\"https:\/\/solicom-verisafe.com\/de\/#\/schema\/logo\/image\/\"},\"sameAs\":[\"https:\/\/www.facebook.com\/solicomverisafe\/\"]}]}<\/script>\n<!-- \/ Yoast SEO plugin. -->","yoast_head_json":{"title":"Schrumpffolie f\u00fcr die Luftfahrt | Solicom Verisafe - W\u00e4rmeschrumpffolien","description":"Sch\u00fctzen Sie Flugzeuge und Luftfahrtausr\u00fcstung mit strapazierf\u00e4higer Schrumpffolie f\u00fcr die Luftfahrt. Verkapseln Sie wertvolle Maschinen mit einer sicheren Triebwerkspackung.","robots":{"index":"index","follow":"follow","max-snippet":"max-snippet:-1","max-image-preview":"max-image-preview:large","max-video-preview":"max-video-preview:-1"},"canonical":"https:\/\/solicom-verisafe.com\/de\/schrumpffolie\/luftfahrt-schrumpffolie\/","og_locale":"de_DE","og_type":"article","og_title":"Schrumpffolie f\u00fcr die Luftfahrt | Solicom Verisafe - W\u00e4rmeschrumpffolien","og_description":"Sch\u00fctzen Sie Flugzeuge und Luftfahrtausr\u00fcstung mit strapazierf\u00e4higer Schrumpffolie f\u00fcr die Luftfahrt. Verkapseln Sie wertvolle Maschinen mit einer sicheren Triebwerkspackung.","og_url":"https:\/\/solicom-verisafe.com\/de\/schrumpffolie\/luftfahrt-schrumpffolie\/","og_site_name":"Solicom Verisafe","article_publisher":"https:\/\/www.facebook.com\/solicomverisafe\/","article_modified_time":"2025-05-15T16:34:29+00:00","twitter_card":"summary_large_image","twitter_misc":{"Gesch\u00e4tzte Lesezeit":"6\u00a0Minuten"},"schema":{"@context":"https:\/\/schema.org","@graph":[{"@type":"WebPage","@id":"https:\/\/solicom-verisafe.com\/de\/schrumpffolie\/luftfahrt-schrumpffolie\/","url":"https:\/\/solicom-verisafe.com\/de\/schrumpffolie\/luftfahrt-schrumpffolie\/","name":"Schrumpffolie f\u00fcr die Luftfahrt | Solicom Verisafe - W\u00e4rmeschrumpffolien","isPartOf":{"@id":"https:\/\/solicom-verisafe.com\/de\/#website"},"datePublished":"2025-03-27T14:02:25+00:00","dateModified":"2025-05-15T16:34:29+00:00","description":"Sch\u00fctzen Sie Flugzeuge und Luftfahrtausr\u00fcstung mit strapazierf\u00e4higer Schrumpffolie f\u00fcr die Luftfahrt. Verkapseln Sie wertvolle Maschinen mit einer sicheren Triebwerkspackung.","breadcrumb":{"@id":"https:\/\/solicom-verisafe.com\/de\/schrumpffolie\/luftfahrt-schrumpffolie\/#breadcrumb"},"inLanguage":"de","potentialAction":[{"@type":"ReadAction","target":["https:\/\/solicom-verisafe.com\/de\/schrumpffolie\/luftfahrt-schrumpffolie\/"]}]},{"@type":"BreadcrumbList","@id":"https:\/\/solicom-verisafe.com\/de\/schrumpffolie\/luftfahrt-schrumpffolie\/#breadcrumb","itemListElement":[{"@type":"ListItem","position":1,"name":"Home","item":"https:\/\/solicom-verisafe.com\/de\/"},{"@type":"ListItem","position":2,"name":"Anwendungen f\u00fcr Schrumpffolie","item":"https:\/\/solicom-verisafe.com\/de\/schrumpffolie-2\/"},{"@type":"ListItem","position":3,"name":"Luftfahrt Schrumpffolie"}]},{"@type":"WebSite","@id":"https:\/\/solicom-verisafe.com\/de\/#website","url":"https:\/\/solicom-verisafe.com\/de\/","name":"Solicom Verisafe","description":"","publisher":{"@id":"https:\/\/solicom-verisafe.com\/de\/#organization"},"potentialAction":[{"@type":"SearchAction","target":{"@type":"EntryPoint","urlTemplate":"https:\/\/solicom-verisafe.com\/de\/?s={search_term_string}"},"query-input":{"@type":"PropertyValueSpecification","valueRequired":true,"valueName":"search_term_string"}}],"inLanguage":"de"},{"@type":"Organization","@id":"https:\/\/solicom-verisafe.com\/de\/#organization","name":"Solicom Verisafe","url":"https:\/\/solicom-verisafe.com\/de\/","logo":{"@type":"ImageObject","inLanguage":"de","@id":"https:\/\/solicom-verisafe.com\/de\/#\/schema\/logo\/image\/","url":"https:\/\/solicom-verisafe.com\/wp-content\/uploads\/2020\/01\/home_banner.jpg","contentUrl":"https:\/\/solicom-verisafe.com\/wp-content\/uploads\/2020\/01\/home_banner.jpg","width":1920,"height":832,"caption":"Solicom Verisafe"},"image":{"@id":"https:\/\/solicom-verisafe.com\/de\/#\/schema\/logo\/image\/"},"sameAs":["https:\/\/www.facebook.com\/solicomverisafe\/"]}]}},"_links":{"self":[{"href":"https:\/\/solicom-verisafe.com\/de\/wp-json\/wp\/v2\/pages\/2754","targetHints":{"allow":["GET"]}}],"collection":[{"href":"https:\/\/solicom-verisafe.com\/de\/wp-json\/wp\/v2\/pages"}],"about":[{"href":"https:\/\/solicom-verisafe.com\/de\/wp-json\/wp\/v2\/types\/page"}],"author":[{"embeddable":true,"href":"https:\/\/solicom-verisafe.com\/de\/wp-json\/wp\/v2\/users\/2"}],"replies":[{"embeddable":true,"href":"https:\/\/solicom-verisafe.com\/de\/wp-json\/wp\/v2\/comments?post=2754"}],"version-history":[{"count":5,"href":"https:\/\/solicom-verisafe.com\/de\/wp-json\/wp\/v2\/pages\/2754\/revisions"}],"predecessor-version":[{"id":3712,"href":"https:\/\/solicom-verisafe.com\/de\/wp-json\/wp\/v2\/pages\/2754\/revisions\/3712"}],"up":[{"embeddable":true,"href":"https:\/\/solicom-verisafe.com\/de\/wp-json\/wp\/v2\/pages\/816"}],"wp:attachment":[{"href":"https:\/\/solicom-verisafe.com\/de\/wp-json\/wp\/v2\/media?parent=2754"}],"curies":[{"name":"wp","href":"https:\/\/api.w.org\/{rel}","templated":true}]}}