{"id":1725,"date":"2021-03-15T15:01:50","date_gmt":"2021-03-15T13:01:50","guid":{"rendered":"https:\/\/solicom-verisafe.com\/umfassende-dienstleistungen\/"},"modified":"2025-05-15T16:53:14","modified_gmt":"2025-05-15T14:53:14","slug":"umfassende-dienstleistungen","status":"publish","type":"page","link":"https:\/\/solicom-verisafe.com\/de\/umfassende-dienstleistungen\/","title":{"rendered":"Umfassende Dienstleistungen"},"content":{"rendered":"<h1 class=\"p1\"><span class=\"s1\"><b>Wenn Sie sich f\u00fcr Verisafe entscheiden, w\u00e4hlen Sie eine an Ihr Projekt angepasste L\u00f6sung<\/b><\/span><\/h1>\n<p class=\"p1\"><img loading=\"lazy\" decoding=\"async\" class=\"size-medium wp-image-1611 alignleft\" src=\"https:\/\/solicom-verisafe.com\/wp-content\/uploads\/2020\/06\/20131022_151854-ok-427x320.jpg\" alt=\"\" width=\"427\" height=\"320\" srcset=\"https:\/\/solicom-verisafe.com\/wp-content\/uploads\/2020\/06\/20131022_151854-ok-427x320.jpg 427w, https:\/\/solicom-verisafe.com\/wp-content\/uploads\/2020\/06\/20131022_151854-ok-768x576.jpg 768w, https:\/\/solicom-verisafe.com\/wp-content\/uploads\/2020\/06\/20131022_151854-ok.jpg 1024w\" sizes=\"auto, (max-width: 427px) 100vw, 427px\" \/>Verisafe ist der weltweit f\u00fchrende Anbieter von Schrumpffolien und die perfekte L\u00f6sung f\u00fcr Ihr Projekt.<\/p>\n<p class=\"p1\"><span class=\"s1\">Wenn Sie sich f\u00fcr Verisafe entscheiden, w\u00e4hlen Sie nicht nur die beste Folie auf dem Markt, sondern profitieren auch von allen Vorteilen, die Solicom bietet:<\/span><\/p>\n<h2><\/h2>\n<h2><\/h2>\n<p>&nbsp;<\/p>\n<h2><\/h2>\n<p>&nbsp;<\/p>\n<p>&nbsp;<\/p>\n<p>&nbsp;<\/p>\n<p>&nbsp;<\/p>\n<h2><\/h2>\n<h2>Unser Fachwissen<\/h2>\n<p><span class=\"s2\">Unsere Expertenteams von Solicom analysieren Ihr Projekt und ermitteln Ihre Bed\u00fcrfnisse. Unser Fachwissen und unser Netzwerk professioneller Partner garantieren Ihnen eine pers\u00f6nliche und hochwertige Unterst\u00fctzung. <\/span><\/p>\n<h2><strong><span class=\"s2\">Ausbildung<\/span><\/strong><\/h2>\n<p><span class=\"s2\">Haben Sie sich entschieden, Ihren Arbeitsplatz mit Verisafe-Folie zu sch\u00fctzen und die Installation selbst vorzunehmen? Solicom bietet Schulungen an, die von unseren technischen Experten durchgef\u00fchrt werden. Sie werden Sie dabei anleiten, die besten Techniken f\u00fcr die Verlegung unserer Folie zu erlernen. Unsere umfassenden Schulungsprogramme beinhalten theoretische und praktische Unterst\u00fctzung. Die Schulungen k\u00f6nnen direkt vor Ort an Ihrem Arbeitsplatz oder in einem unserer Schulungszentren durchgef\u00fchrt werden.    <\/span><\/p>\n<h2><strong><span class=\"s2\">Logistik<\/span><\/strong><\/h2>\n<p><span class=\"s2\">Solicom bietet auch logistische Unterst\u00fctzung, vom Transport bis zur Lieferung, einschlie\u00dflich der Exportdokumente. Ganz gleich, ob es sich um den Transport auf dem Land-, See- oder Luftweg handelt, wir bieten Ihnen pers\u00f6nliche Unterst\u00fctzung, bis Sie Ihre Folie erhalten. <\/span><\/p>\n<h2><strong><span class=\"s2\">Netzwerk<\/span><\/strong><\/h2>\n<p><span class=\"s2\">Vor allem aber hilft Ihnen unser Kundendienst beim Kauf professioneller Ger\u00e4te, die am besten f\u00fcr Ihre Bed\u00fcrfnisse geeignet sind.<\/span><\/p>\n<p class=\"p2\"><span class=\"s2\">Um dies zu erreichen, ist unser Unternehmen von den besten Experten in Gro\u00dfbritannien, Europa, Asien und Ozeanien umgeben.<\/span><\/p>\n","protected":false},"excerpt":{"rendered":"<p>Wenn Sie sich f\u00fcr Verisafe entscheiden, w\u00e4hlen Sie eine an Ihr Projekt angepasste L\u00f6sung Verisafe ist der weltweit f\u00fchrende Anbieter&#8230;<\/p>\n","protected":false},"author":1,"featured_media":0,"parent":0,"menu_order":0,"comment_status":"closed","ping_status":"closed","template":"","meta":{"_acf_changed":false,"inline_featured_image":false,"footnotes":""},"class_list":["post-1725","page","type-page","status-publish","hentry"],"acf":[],"yoast_head":"<!-- This site is optimized with the Yoast SEO plugin v27.0 - https:\/\/yoast.com\/product\/yoast-seo-wordpress\/ -->\n<title>Umfassende Dienstleistungen - Solicom Verisafe<\/title>\n<meta name=\"description\" content=\"Wenn Sie Kunde von Solicom werden, erhalten Sie Fachwissen, Schulungen, logistische Unterst\u00fctzung und Zugang zu einem internationalen Netzwerk von Experten.\" \/>\n<meta name=\"robots\" content=\"index, follow, max-snippet:-1, max-image-preview:large, max-video-preview:-1\" \/>\n<link rel=\"canonical\" href=\"https:\/\/solicom-verisafe.com\/de\/umfassende-dienstleistungen\/\" \/>\n<meta property=\"og:locale\" content=\"de_DE\" \/>\n<meta property=\"og:type\" content=\"article\" \/>\n<meta property=\"og:title\" content=\"Umfassende Dienstleistungen - Solicom Verisafe\" \/>\n<meta property=\"og:description\" content=\"Wenn Sie Kunde von Solicom werden, erhalten Sie Fachwissen, Schulungen, logistische Unterst\u00fctzung und Zugang zu einem internationalen Netzwerk von Experten.\" \/>\n<meta property=\"og:url\" content=\"https:\/\/solicom-verisafe.com\/de\/umfassende-dienstleistungen\/\" \/>\n<meta property=\"og:site_name\" content=\"Solicom Verisafe\" \/>\n<meta property=\"article:publisher\" content=\"https:\/\/www.facebook.com\/solicomverisafe\/\" \/>\n<meta property=\"article:modified_time\" content=\"2025-05-15T14:53:14+00:00\" \/>\n<meta property=\"og:image\" content=\"https:\/\/solicom-verisafe.com\/wp-content\/uploads\/2020\/06\/20131022_151854-ok-427x320.jpg\" \/>\n<meta name=\"twitter:card\" content=\"summary_large_image\" \/>\n<meta name=\"twitter:label1\" content=\"Gesch\u00e4tzte Lesezeit\" \/>\n\t<meta name=\"twitter:data1\" content=\"2\u00a0Minuten\" \/>\n<script type=\"application\/ld+json\" class=\"yoast-schema-graph\">{\"@context\":\"https:\/\/schema.org\",\"@graph\":[{\"@type\":\"WebPage\",\"@id\":\"https:\/\/solicom-verisafe.com\/de\/umfassende-dienstleistungen\/\",\"url\":\"https:\/\/solicom-verisafe.com\/de\/umfassende-dienstleistungen\/\",\"name\":\"Umfassende Dienstleistungen - Solicom Verisafe\",\"isPartOf\":{\"@id\":\"https:\/\/solicom-verisafe.com\/de\/#website\"},\"primaryImageOfPage\":{\"@id\":\"https:\/\/solicom-verisafe.com\/de\/umfassende-dienstleistungen\/#primaryimage\"},\"image\":{\"@id\":\"https:\/\/solicom-verisafe.com\/de\/umfassende-dienstleistungen\/#primaryimage\"},\"thumbnailUrl\":\"https:\/\/solicom-verisafe.com\/wp-content\/uploads\/2020\/06\/20131022_151854-ok-427x320.jpg\",\"datePublished\":\"2021-03-15T13:01:50+00:00\",\"dateModified\":\"2025-05-15T14:53:14+00:00\",\"description\":\"Wenn Sie Kunde von Solicom werden, erhalten Sie Fachwissen, Schulungen, logistische Unterst\u00fctzung und Zugang zu einem internationalen Netzwerk von Experten.\",\"breadcrumb\":{\"@id\":\"https:\/\/solicom-verisafe.com\/de\/umfassende-dienstleistungen\/#breadcrumb\"},\"inLanguage\":\"de\",\"potentialAction\":[{\"@type\":\"ReadAction\",\"target\":[\"https:\/\/solicom-verisafe.com\/de\/umfassende-dienstleistungen\/\"]}]},{\"@type\":\"ImageObject\",\"inLanguage\":\"de\",\"@id\":\"https:\/\/solicom-verisafe.com\/de\/umfassende-dienstleistungen\/#primaryimage\",\"url\":\"https:\/\/solicom-verisafe.com\/wp-content\/uploads\/2020\/06\/20131022_151854-ok-427x320.jpg\",\"contentUrl\":\"https:\/\/solicom-verisafe.com\/wp-content\/uploads\/2020\/06\/20131022_151854-ok-427x320.jpg\"},{\"@type\":\"BreadcrumbList\",\"@id\":\"https:\/\/solicom-verisafe.com\/de\/umfassende-dienstleistungen\/#breadcrumb\",\"itemListElement\":[{\"@type\":\"ListItem\",\"position\":1,\"name\":\"Home\",\"item\":\"https:\/\/solicom-verisafe.com\/de\/\"},{\"@type\":\"ListItem\",\"position\":2,\"name\":\"Umfassende Dienstleistungen\"}]},{\"@type\":\"WebSite\",\"@id\":\"https:\/\/solicom-verisafe.com\/de\/#website\",\"url\":\"https:\/\/solicom-verisafe.com\/de\/\",\"name\":\"Solicom Verisafe\",\"description\":\"\",\"publisher\":{\"@id\":\"https:\/\/solicom-verisafe.com\/de\/#organization\"},\"potentialAction\":[{\"@type\":\"SearchAction\",\"target\":{\"@type\":\"EntryPoint\",\"urlTemplate\":\"https:\/\/solicom-verisafe.com\/de\/?s={search_term_string}\"},\"query-input\":{\"@type\":\"PropertyValueSpecification\",\"valueRequired\":true,\"valueName\":\"search_term_string\"}}],\"inLanguage\":\"de\"},{\"@type\":\"Organization\",\"@id\":\"https:\/\/solicom-verisafe.com\/de\/#organization\",\"name\":\"Solicom Verisafe\",\"url\":\"https:\/\/solicom-verisafe.com\/de\/\",\"logo\":{\"@type\":\"ImageObject\",\"inLanguage\":\"de\",\"@id\":\"https:\/\/solicom-verisafe.com\/de\/#\/schema\/logo\/image\/\",\"url\":\"https:\/\/solicom-verisafe.com\/wp-content\/uploads\/2020\/01\/home_banner.jpg\",\"contentUrl\":\"https:\/\/solicom-verisafe.com\/wp-content\/uploads\/2020\/01\/home_banner.jpg\",\"width\":1920,\"height\":832,\"caption\":\"Solicom Verisafe\"},\"image\":{\"@id\":\"https:\/\/solicom-verisafe.com\/de\/#\/schema\/logo\/image\/\"},\"sameAs\":[\"https:\/\/www.facebook.com\/solicomverisafe\/\"]}]}<\/script>\n<!-- \/ Yoast SEO plugin. -->","yoast_head_json":{"title":"Umfassende Dienstleistungen - Solicom Verisafe","description":"Wenn Sie Kunde von Solicom werden, erhalten Sie Fachwissen, Schulungen, logistische Unterst\u00fctzung und Zugang zu einem internationalen Netzwerk von Experten.","robots":{"index":"index","follow":"follow","max-snippet":"max-snippet:-1","max-image-preview":"max-image-preview:large","max-video-preview":"max-video-preview:-1"},"canonical":"https:\/\/solicom-verisafe.com\/de\/umfassende-dienstleistungen\/","og_locale":"de_DE","og_type":"article","og_title":"Umfassende Dienstleistungen - Solicom Verisafe","og_description":"Wenn Sie Kunde von Solicom werden, erhalten Sie Fachwissen, Schulungen, logistische Unterst\u00fctzung und Zugang zu einem internationalen Netzwerk von Experten.","og_url":"https:\/\/solicom-verisafe.com\/de\/umfassende-dienstleistungen\/","og_site_name":"Solicom Verisafe","article_publisher":"https:\/\/www.facebook.com\/solicomverisafe\/","article_modified_time":"2025-05-15T14:53:14+00:00","og_image":[{"url":"https:\/\/solicom-verisafe.com\/wp-content\/uploads\/2020\/06\/20131022_151854-ok-427x320.jpg","type":"","width":"","height":""}],"twitter_card":"summary_large_image","twitter_misc":{"Gesch\u00e4tzte Lesezeit":"2\u00a0Minuten"},"schema":{"@context":"https:\/\/schema.org","@graph":[{"@type":"WebPage","@id":"https:\/\/solicom-verisafe.com\/de\/umfassende-dienstleistungen\/","url":"https:\/\/solicom-verisafe.com\/de\/umfassende-dienstleistungen\/","name":"Umfassende Dienstleistungen - Solicom Verisafe","isPartOf":{"@id":"https:\/\/solicom-verisafe.com\/de\/#website"},"primaryImageOfPage":{"@id":"https:\/\/solicom-verisafe.com\/de\/umfassende-dienstleistungen\/#primaryimage"},"image":{"@id":"https:\/\/solicom-verisafe.com\/de\/umfassende-dienstleistungen\/#primaryimage"},"thumbnailUrl":"https:\/\/solicom-verisafe.com\/wp-content\/uploads\/2020\/06\/20131022_151854-ok-427x320.jpg","datePublished":"2021-03-15T13:01:50+00:00","dateModified":"2025-05-15T14:53:14+00:00","description":"Wenn Sie Kunde von Solicom werden, erhalten Sie Fachwissen, Schulungen, logistische Unterst\u00fctzung und Zugang zu einem internationalen Netzwerk von Experten.","breadcrumb":{"@id":"https:\/\/solicom-verisafe.com\/de\/umfassende-dienstleistungen\/#breadcrumb"},"inLanguage":"de","potentialAction":[{"@type":"ReadAction","target":["https:\/\/solicom-verisafe.com\/de\/umfassende-dienstleistungen\/"]}]},{"@type":"ImageObject","inLanguage":"de","@id":"https:\/\/solicom-verisafe.com\/de\/umfassende-dienstleistungen\/#primaryimage","url":"https:\/\/solicom-verisafe.com\/wp-content\/uploads\/2020\/06\/20131022_151854-ok-427x320.jpg","contentUrl":"https:\/\/solicom-verisafe.com\/wp-content\/uploads\/2020\/06\/20131022_151854-ok-427x320.jpg"},{"@type":"BreadcrumbList","@id":"https:\/\/solicom-verisafe.com\/de\/umfassende-dienstleistungen\/#breadcrumb","itemListElement":[{"@type":"ListItem","position":1,"name":"Home","item":"https:\/\/solicom-verisafe.com\/de\/"},{"@type":"ListItem","position":2,"name":"Umfassende Dienstleistungen"}]},{"@type":"WebSite","@id":"https:\/\/solicom-verisafe.com\/de\/#website","url":"https:\/\/solicom-verisafe.com\/de\/","name":"Solicom Verisafe","description":"","publisher":{"@id":"https:\/\/solicom-verisafe.com\/de\/#organization"},"potentialAction":[{"@type":"SearchAction","target":{"@type":"EntryPoint","urlTemplate":"https:\/\/solicom-verisafe.com\/de\/?s={search_term_string}"},"query-input":{"@type":"PropertyValueSpecification","valueRequired":true,"valueName":"search_term_string"}}],"inLanguage":"de"},{"@type":"Organization","@id":"https:\/\/solicom-verisafe.com\/de\/#organization","name":"Solicom Verisafe","url":"https:\/\/solicom-verisafe.com\/de\/","logo":{"@type":"ImageObject","inLanguage":"de","@id":"https:\/\/solicom-verisafe.com\/de\/#\/schema\/logo\/image\/","url":"https:\/\/solicom-verisafe.com\/wp-content\/uploads\/2020\/01\/home_banner.jpg","contentUrl":"https:\/\/solicom-verisafe.com\/wp-content\/uploads\/2020\/01\/home_banner.jpg","width":1920,"height":832,"caption":"Solicom Verisafe"},"image":{"@id":"https:\/\/solicom-verisafe.com\/de\/#\/schema\/logo\/image\/"},"sameAs":["https:\/\/www.facebook.com\/solicomverisafe\/"]}]}},"_links":{"self":[{"href":"https:\/\/solicom-verisafe.com\/de\/wp-json\/wp\/v2\/pages\/1725","targetHints":{"allow":["GET"]}}],"collection":[{"href":"https:\/\/solicom-verisafe.com\/de\/wp-json\/wp\/v2\/pages"}],"about":[{"href":"https:\/\/solicom-verisafe.com\/de\/wp-json\/wp\/v2\/types\/page"}],"author":[{"embeddable":true,"href":"https:\/\/solicom-verisafe.com\/de\/wp-json\/wp\/v2\/users\/1"}],"replies":[{"embeddable":true,"href":"https:\/\/solicom-verisafe.com\/de\/wp-json\/wp\/v2\/comments?post=1725"}],"version-history":[{"count":1,"href":"https:\/\/solicom-verisafe.com\/de\/wp-json\/wp\/v2\/pages\/1725\/revisions"}],"predecessor-version":[{"id":3530,"href":"https:\/\/solicom-verisafe.com\/de\/wp-json\/wp\/v2\/pages\/1725\/revisions\/3530"}],"wp:attachment":[{"href":"https:\/\/solicom-verisafe.com\/de\/wp-json\/wp\/v2\/media?parent=1725"}],"curies":[{"name":"wp","href":"https:\/\/api.w.org\/{rel}","templated":true}]}}