{"id":1707,"date":"2021-03-04T10:23:09","date_gmt":"2021-03-04T08:23:09","guid":{"rendered":"https:\/\/solicom-verisafe.com\/schrumpffolie\/"},"modified":"2021-03-23T11:26:57","modified_gmt":"2021-03-23T09:26:57","slug":"schrumpffolie","status":"publish","type":"page","link":"https:\/\/solicom-verisafe.com\/de\/schrumpffolie\/","title":{"rendered":"Schrumpffolie"},"content":{"rendered":"<h1>Schrumpffolie<\/h1>\n<p>Schrumpffolie ist eine <strong>Hochleistungsschutzfolie<\/strong>, die zum Schutz einer Vielzahl von Anwendungen angewendet wird. Bei Solicom finden Sie beispielsweise Schrumpffolien f\u00fcr Boote, Geb\u00e4ude, Ger\u00fcste oder maritime Anwendungen. Sie k\u00f6nnen auch eine Schutzschrumpffolie f\u00fcr den Transport gro\u00dfer Gegenst\u00e4nde verwenden.<\/p>\n<h2>Die Vorteile von Schrumpffolie<\/h2>\n<p>Eine Schrumpffolie bietet <strong> Schutz<\/strong> vor \u00e4u\u00dferen Einfl\u00fcssen und stellt sicher, dass das verpackte Objekt l\u00e4nger in <strong>ausgezeichnetem Zustand bleibt <\/strong>. Eine Schrumpffolienverpackung bietet viele Vorteile.<\/p>\n<h3>Schutz vor Besch\u00e4digung<\/h3>\n<p>Eine richtig aufgebrachte Schrumpffolie sch\u00fctzt Materialien und Objekte vor <strong>Witterungseinfl\u00fcssen<\/strong> wie Regen, Schnee oder Hagel. Auch <strong>Staub und Feuchtigkeit <\/strong> k\u00f6nnen auch mit einer Schrumpffolienverpackung vollst\u00e4ndig ferngehalten werden. Mit der richtigen Verpackung stellen Sie eine <strong>l\u00e4ngere Lebensdauer <\/strong> der Produkte sicher. Die Objekte sehen auch l\u00e4nger wie neu aus.<\/p>\n<h3>Kosteng\u00fcnstige L\u00f6sung<\/h3>\n<p>Der Einsatz von industrieller Schrumpffolie ist eine <strong>kosteng\u00fcnstige L\u00f6sung<\/strong>. Die Verpackung nimmt wenig Platz ein und wiegt nur einen Bruchteil dessen, was andere h\u00e4ufig verwendete Materialien wiegen. Sie sparen auch bei den Einkaufskosten, da Schrumpffolie weniger kostet als viele andere Verpackungsmaterialien.<\/p>\n<h3>Feuerfestigkeit<\/h3>\n<p>Sch\u00fctzen Sie Ihre Objekte und Materialien vor Feuer, indem Sie eine <strong>feuerhemmende Schrumpffolie<\/strong> verwenden. Neben dem Schutz vor Witterungseinfl\u00fcssen bietet diese Verpackung auch Schutz vor Feuer. Die Folie selbst brennt nicht und wirkt daher feuerhemmend.<\/p>\n<h3>Alle Formen und Gr\u00f6\u00dfen<\/h3>\n<p>Schrumpffolie ist in <strong>verschiedenen Gr\u00f6\u00dfen<\/strong> erh\u00e4ltlich. Auf diese Weise ist es m\u00f6glich, viele verschiedene Objekte unabh\u00e4ngig von ihrer Form oder ihren Abmessungen zu verpacken. Neben rechteckigen Formen wie Ger\u00fcsten und Geb\u00e4uden k\u00f6nnen auch Objekte mit <strong>unregelm\u00e4\u00dfigen Formen<\/strong> wie zum Beispiel Boote mit Schrumpffolie verpackt werden.<\/p>\n<h3>Umweltfreundliche L\u00f6sung<\/h3>\n<p>Verisafe ist nicht einfach nur Plastik. Die verwendeten Materialien enthalten Kohlenstoff und Wasserstoff. Unsere Schrumpffolien sind <strong>chemisch inert<\/strong> und <strong>vollst\u00e4ndig recycelbar<\/strong>. Sie sind harmlos f\u00fcr die Umwelt. Die Folie setzt keine sch\u00e4dlichen Substanzen frei und schadet daher nicht der Umwelt.<\/p>\n<p>Anwendungsm\u00f6glichkeiten f\u00fcr Schrumpffolie<\/p>\n<p>Unsere Hochleistungs-Schrumpfverpackungen bieten eine L\u00f6sung zum Umwickeln und Sch\u00fctzen von Objekten in einer Vielzahl von Anwendungen. Verisafe ist in verschiedenen Branchen t\u00e4tig und hat <strong>die perfekte L\u00f6sung f\u00fcr jeden Job <\/strong>. Unsere Produkte erf\u00fcllen die <strong>h\u00f6chsten Sicherheits- und Qualit\u00e4tsstandards<\/strong>, was Verisafe-Schrumpffolie zur idealen Schutzabdeckung in diesen Anwendungen und mehr macht!<\/p>\n<h3>Industrielle Verpackungsl\u00f6sungen<\/h3>\n<p>F\u00fcr <a href=\"https:\/\/solicom-verisafe.com\/de\/applications\/industrial\">industrielle Anwendungen<\/a> ist die Verisafe-Schrumpffolie eine <strong>solide Hochleistungsl\u00f6sung <\/strong>. Die Umh\u00fcllung ist feuerhemmend, durchsto\u00dffest und bietet hochwertigen Schutz in industriellen Anwendungen.<\/p>\n<h3>Ger\u00fcsteinhausung<\/h3>\n<p><a href=\"https:\/\/solicom-verisafe.com\/en\/applications\/scaffolding\">Ger\u00fcsteinhausung<\/a> war eine der ersten Anwendungen, f\u00fcr die Schrumpffolien verwendet wurden. Und sie werden bis heute verwendet! Mit einer hochwertigen Schrumpffolie sch\u00fctzen Sie <strong>das Ger\u00fcst <\/strong> und Ihre Arbeiter vor Witterungseinfl\u00fcssen. Die Einhausungen halten Windgeschwindigkeiten von \u00fcber 100 km\/h stand.<\/p>\n<h3>Bootsabdeckung<\/h3>\n<p>Die unregelm\u00e4\u00dfigen Formen eines Bootes k\u00f6nnen ebenfalls mit Verisafe-Schrumpfverpackungen umwickelt werden. Insbesondere f\u00fcr die <strong>Lagerung von Booten<\/strong> im Winter bieten die Schutzeigenschaften einer <a href=\"https:\/\/solicom-verisafe.com\/de\/applications\/boat\">Bootsabdeckung<\/a> eine gute L\u00f6sung f\u00fcr <strong>Verpackungen in marinen Anwendungen<\/strong>.<\/p>\n<h3>Maritime Anwendungen<\/h3>\n<p>Anwendungen auf See gehen h\u00e4ufig mit einzigartigen Herausforderungen einher, bei denen flexible L\u00f6sungen gefunden werden m\u00fcssen. Mit den <a href=\"https:\/\/solicom-verisafe.com\/en\/applications\/marine\">marinen Schrumpfverpackungsl\u00f6sungen <\/a> Verisafe sch\u00fctzen Sie <strong>Ger\u00fcste<\/strong>, <strong>Plattformen<\/strong> und <strong>andere Objekte&lt;\/ strong&gt; auf dem Wasser gegen alle Witterungsbedingungen.<\/strong><\/p>\n<h3>Transportverpackungen<\/h3>\n<p>Sch\u00fctzen Sie eine Ladung beim Be- und Entladen, aber auch w\u00e4hrend des Transports. Wir k\u00f6nnen alle Arten von <strong>wertvoller Fracht<\/strong> mit <a href=\"https:\/\/solicom-verisafe.com\/en\/applications\/transport\">Transportschrumpffolie<\/a> umwickeln, um sicherzustellen, dass die Ladung unter <strong> optimalen Bedingungen<\/strong> ihren Bestimmungsort erreicht.<\/p>\n<h3>Andere Anwendungen von Vericom-Schrumpffolie<\/h3>\n<p>Verisafe ist <strong>weltweit f\u00fchrend in der Schrumpfverpackung<\/strong> in verschiedenen Branchen. Neben den oben genannten Anwendungen k\u00f6nnen Sie uns auch f\u00fcr <strong>andere Anwendungen<\/strong> kontaktieren. Mit der Verisafe-Verpackung arbeiten Sie mit der branchenweit besten Schrumpffolie. Sie genie\u00dfen alle <strong>Vorteile eines hochwertigen Produkts<\/strong>.<\/p>\n<h2>Finden Sie die beste Schrumpffolienl\u00f6sung f\u00fcr Ihr Unternehmen<\/h2>\n<p>Sie suchen eine <strong>geeignete L\u00f6sung<\/strong> zum Schutz eines Objekts, eines Geb\u00e4udes oder eines Werkzeugs mit Schrumpffolie? Sehen Sie sich unser Angebot an <strong>hochwertigen Schrumpffolienl\u00f6sungen<\/strong> f\u00fcr alle Branchen und Anwendungen an. Haben Sie Fragen zu den verschiedenen Produkten oder brauchen Sie eine Beratung zur Verwendung der richtigen Materialien? <a href=\"https:\/\/solicom-verisafe.com\/en\/contact\/\">Kontaktieren Sie uns<\/a>! Wir unterst\u00fctzen Sie gern mit unserem Expertenrat.<\/p>\n","protected":false},"excerpt":{"rendered":"<p>Schrumpffolie Schrumpffolie ist eine Hochleistungsschutzfolie, die zum Schutz einer Vielzahl von Anwendungen angewendet wird. Bei Solicom finden Sie beispielsweise Schrumpffolien&#8230;<\/p>\n","protected":false},"author":1,"featured_media":0,"parent":0,"menu_order":0,"comment_status":"closed","ping_status":"closed","template":"","meta":{"_acf_changed":false,"inline_featured_image":false,"footnotes":""},"class_list":["post-1707","page","type-page","status-publish","hentry"],"acf":[],"yoast_head":"<!-- This site is optimized with the Yoast SEO plugin v27.0 - https:\/\/yoast.com\/product\/yoast-seo-wordpress\/ -->\n<title>Schrumpffolie - Solicom Verisafe<\/title>\n<meta name=\"description\" content=\"W\u00e4hlen Sie eine Hochleistungs-Schrumpffolie von Verisafe, um Ihre Produkte und Anwendungen vor der Witterung zu sch\u00fctzen und die besten Ergebnisse zu erzielen.\" \/>\n<meta name=\"robots\" content=\"index, follow, max-snippet:-1, max-image-preview:large, max-video-preview:-1\" \/>\n<link rel=\"canonical\" href=\"https:\/\/solicom-verisafe.com\/de\/schrumpffolie\/\" \/>\n<meta property=\"og:locale\" content=\"de_DE\" \/>\n<meta property=\"og:type\" content=\"article\" \/>\n<meta property=\"og:title\" content=\"Schrumpffolie - Solicom Verisafe\" \/>\n<meta property=\"og:description\" content=\"W\u00e4hlen Sie eine Hochleistungs-Schrumpffolie von Verisafe, um Ihre Produkte und Anwendungen vor der Witterung zu sch\u00fctzen und die besten Ergebnisse zu erzielen.\" \/>\n<meta property=\"og:url\" content=\"https:\/\/solicom-verisafe.com\/de\/schrumpffolie\/\" \/>\n<meta property=\"og:site_name\" content=\"Solicom Verisafe\" \/>\n<meta property=\"article:publisher\" content=\"https:\/\/www.facebook.com\/solicomverisafe\/\" \/>\n<meta property=\"article:modified_time\" content=\"2021-03-23T09:26:57+00:00\" \/>\n<meta name=\"twitter:card\" content=\"summary_large_image\" \/>\n<meta name=\"twitter:label1\" content=\"Gesch\u00e4tzte Lesezeit\" \/>\n\t<meta name=\"twitter:data1\" content=\"4\u00a0Minuten\" \/>\n<script type=\"application\/ld+json\" class=\"yoast-schema-graph\">{\"@context\":\"https:\/\/schema.org\",\"@graph\":[{\"@type\":\"WebPage\",\"@id\":\"https:\/\/solicom-verisafe.com\/de\/schrumpffolie\/\",\"url\":\"https:\/\/solicom-verisafe.com\/de\/schrumpffolie\/\",\"name\":\"Schrumpffolie - Solicom Verisafe\",\"isPartOf\":{\"@id\":\"https:\/\/solicom-verisafe.com\/de\/#website\"},\"datePublished\":\"2021-03-04T08:23:09+00:00\",\"dateModified\":\"2021-03-23T09:26:57+00:00\",\"description\":\"W\u00e4hlen Sie eine Hochleistungs-Schrumpffolie von Verisafe, um Ihre Produkte und Anwendungen vor der Witterung zu sch\u00fctzen und die besten Ergebnisse zu erzielen.\",\"breadcrumb\":{\"@id\":\"https:\/\/solicom-verisafe.com\/de\/schrumpffolie\/#breadcrumb\"},\"inLanguage\":\"de\",\"potentialAction\":[{\"@type\":\"ReadAction\",\"target\":[\"https:\/\/solicom-verisafe.com\/de\/schrumpffolie\/\"]}]},{\"@type\":\"BreadcrumbList\",\"@id\":\"https:\/\/solicom-verisafe.com\/de\/schrumpffolie\/#breadcrumb\",\"itemListElement\":[{\"@type\":\"ListItem\",\"position\":1,\"name\":\"Home\",\"item\":\"https:\/\/solicom-verisafe.com\/de\/\"},{\"@type\":\"ListItem\",\"position\":2,\"name\":\"Schrumpffolie\"}]},{\"@type\":\"WebSite\",\"@id\":\"https:\/\/solicom-verisafe.com\/de\/#website\",\"url\":\"https:\/\/solicom-verisafe.com\/de\/\",\"name\":\"Solicom Verisafe\",\"description\":\"\",\"publisher\":{\"@id\":\"https:\/\/solicom-verisafe.com\/de\/#organization\"},\"potentialAction\":[{\"@type\":\"SearchAction\",\"target\":{\"@type\":\"EntryPoint\",\"urlTemplate\":\"https:\/\/solicom-verisafe.com\/de\/?s={search_term_string}\"},\"query-input\":{\"@type\":\"PropertyValueSpecification\",\"valueRequired\":true,\"valueName\":\"search_term_string\"}}],\"inLanguage\":\"de\"},{\"@type\":\"Organization\",\"@id\":\"https:\/\/solicom-verisafe.com\/de\/#organization\",\"name\":\"Solicom Verisafe\",\"url\":\"https:\/\/solicom-verisafe.com\/de\/\",\"logo\":{\"@type\":\"ImageObject\",\"inLanguage\":\"de\",\"@id\":\"https:\/\/solicom-verisafe.com\/de\/#\/schema\/logo\/image\/\",\"url\":\"https:\/\/solicom-verisafe.com\/wp-content\/uploads\/2020\/01\/home_banner.jpg\",\"contentUrl\":\"https:\/\/solicom-verisafe.com\/wp-content\/uploads\/2020\/01\/home_banner.jpg\",\"width\":1920,\"height\":832,\"caption\":\"Solicom Verisafe\"},\"image\":{\"@id\":\"https:\/\/solicom-verisafe.com\/de\/#\/schema\/logo\/image\/\"},\"sameAs\":[\"https:\/\/www.facebook.com\/solicomverisafe\/\"]}]}<\/script>\n<!-- \/ Yoast SEO plugin. -->","yoast_head_json":{"title":"Schrumpffolie - Solicom Verisafe","description":"W\u00e4hlen Sie eine Hochleistungs-Schrumpffolie von Verisafe, um Ihre Produkte und Anwendungen vor der Witterung zu sch\u00fctzen und die besten Ergebnisse zu erzielen.","robots":{"index":"index","follow":"follow","max-snippet":"max-snippet:-1","max-image-preview":"max-image-preview:large","max-video-preview":"max-video-preview:-1"},"canonical":"https:\/\/solicom-verisafe.com\/de\/schrumpffolie\/","og_locale":"de_DE","og_type":"article","og_title":"Schrumpffolie - Solicom Verisafe","og_description":"W\u00e4hlen Sie eine Hochleistungs-Schrumpffolie von Verisafe, um Ihre Produkte und Anwendungen vor der Witterung zu sch\u00fctzen und die besten Ergebnisse zu erzielen.","og_url":"https:\/\/solicom-verisafe.com\/de\/schrumpffolie\/","og_site_name":"Solicom Verisafe","article_publisher":"https:\/\/www.facebook.com\/solicomverisafe\/","article_modified_time":"2021-03-23T09:26:57+00:00","twitter_card":"summary_large_image","twitter_misc":{"Gesch\u00e4tzte Lesezeit":"4\u00a0Minuten"},"schema":{"@context":"https:\/\/schema.org","@graph":[{"@type":"WebPage","@id":"https:\/\/solicom-verisafe.com\/de\/schrumpffolie\/","url":"https:\/\/solicom-verisafe.com\/de\/schrumpffolie\/","name":"Schrumpffolie - Solicom Verisafe","isPartOf":{"@id":"https:\/\/solicom-verisafe.com\/de\/#website"},"datePublished":"2021-03-04T08:23:09+00:00","dateModified":"2021-03-23T09:26:57+00:00","description":"W\u00e4hlen Sie eine Hochleistungs-Schrumpffolie von Verisafe, um Ihre Produkte und Anwendungen vor der Witterung zu sch\u00fctzen und die besten Ergebnisse zu erzielen.","breadcrumb":{"@id":"https:\/\/solicom-verisafe.com\/de\/schrumpffolie\/#breadcrumb"},"inLanguage":"de","potentialAction":[{"@type":"ReadAction","target":["https:\/\/solicom-verisafe.com\/de\/schrumpffolie\/"]}]},{"@type":"BreadcrumbList","@id":"https:\/\/solicom-verisafe.com\/de\/schrumpffolie\/#breadcrumb","itemListElement":[{"@type":"ListItem","position":1,"name":"Home","item":"https:\/\/solicom-verisafe.com\/de\/"},{"@type":"ListItem","position":2,"name":"Schrumpffolie"}]},{"@type":"WebSite","@id":"https:\/\/solicom-verisafe.com\/de\/#website","url":"https:\/\/solicom-verisafe.com\/de\/","name":"Solicom Verisafe","description":"","publisher":{"@id":"https:\/\/solicom-verisafe.com\/de\/#organization"},"potentialAction":[{"@type":"SearchAction","target":{"@type":"EntryPoint","urlTemplate":"https:\/\/solicom-verisafe.com\/de\/?s={search_term_string}"},"query-input":{"@type":"PropertyValueSpecification","valueRequired":true,"valueName":"search_term_string"}}],"inLanguage":"de"},{"@type":"Organization","@id":"https:\/\/solicom-verisafe.com\/de\/#organization","name":"Solicom Verisafe","url":"https:\/\/solicom-verisafe.com\/de\/","logo":{"@type":"ImageObject","inLanguage":"de","@id":"https:\/\/solicom-verisafe.com\/de\/#\/schema\/logo\/image\/","url":"https:\/\/solicom-verisafe.com\/wp-content\/uploads\/2020\/01\/home_banner.jpg","contentUrl":"https:\/\/solicom-verisafe.com\/wp-content\/uploads\/2020\/01\/home_banner.jpg","width":1920,"height":832,"caption":"Solicom Verisafe"},"image":{"@id":"https:\/\/solicom-verisafe.com\/de\/#\/schema\/logo\/image\/"},"sameAs":["https:\/\/www.facebook.com\/solicomverisafe\/"]}]}},"_links":{"self":[{"href":"https:\/\/solicom-verisafe.com\/de\/wp-json\/wp\/v2\/pages\/1707","targetHints":{"allow":["GET"]}}],"collection":[{"href":"https:\/\/solicom-verisafe.com\/de\/wp-json\/wp\/v2\/pages"}],"about":[{"href":"https:\/\/solicom-verisafe.com\/de\/wp-json\/wp\/v2\/types\/page"}],"author":[{"embeddable":true,"href":"https:\/\/solicom-verisafe.com\/de\/wp-json\/wp\/v2\/users\/1"}],"replies":[{"embeddable":true,"href":"https:\/\/solicom-verisafe.com\/de\/wp-json\/wp\/v2\/comments?post=1707"}],"version-history":[{"count":0,"href":"https:\/\/solicom-verisafe.com\/de\/wp-json\/wp\/v2\/pages\/1707\/revisions"}],"wp:attachment":[{"href":"https:\/\/solicom-verisafe.com\/de\/wp-json\/wp\/v2\/media?parent=1707"}],"curies":[{"name":"wp","href":"https:\/\/api.w.org\/{rel}","templated":true}]}}