{"id":1706,"date":"2021-03-03T16:41:28","date_gmt":"2021-03-03T14:41:28","guid":{"rendered":"https:\/\/solicom-verisafe.com\/bootsabdeckung\/"},"modified":"2021-03-23T11:28:53","modified_gmt":"2021-03-23T09:28:53","slug":"bootsabdeckung","status":"publish","type":"page","link":"https:\/\/solicom-verisafe.com\/de\/bootsabdeckung\/","title":{"rendered":"Bootsabdeckung"},"content":{"rendered":"<h1>Bootsabdeckung<\/h1>\n<p>Sie suchen eine zuverl\u00e4ssige L\u00f6sung zum <strong>Schutz Ihres Bootes oder Ihrer Yacht<\/strong> vor der Witterung und vor Sch\u00e4den w\u00e4hrend der Wintermonate? Eine Ummantelung mit <strong>hochwertiger Schrumpffolie<\/strong> ist eine solide L\u00f6sung.<\/p>\n<p>Solicom ist auf den Schutz industrieller Anlagen spezialisiert. Die <strong>Verisafe-Schrumpffolie bietet optimalen Schutz<\/strong> vor Sonne, Wind, extremen Witterungsbedingungen, Staub und anderen sch\u00e4dlichen Einfl\u00fcssen. Auch unregelm\u00e4\u00dfig geformte Objekte k\u00f6nnen mit unserer leistungsstarken Schrumpffolie gesch\u00fctzt werden.<\/p>\n<h2>Sch\u00fctzen Sie Ihr Boot vor den Witterungseinfl\u00fcssen<\/h2>\n<p>In den Wintermonaten kann es schwierig sein, Ihr Boot in <strong>ausgezeichnetem Zustand<\/strong> zu halten. Sonne, Regen, Hagel und Sturm k\u00f6nnen Ihr Boot ernsthaft besch\u00e4digen. Die Farben des Bootes m\u00fcssen vor rauen Witterungsbedingungen gesch\u00fctzt werden, damit sie nicht verblassen.<\/p>\n<p>Eine Boots- oder Yachtabdeckung sorgt daf\u00fcr, dass Ihr Boot gut gesch\u00fctzt ist und l\u00e4nger wie neu aussieht. Unsere Bootsabdeckung bietet <strong>zuverl\u00e4ssigen Schutz<\/strong> f\u00fcr die Lagerung in Innenr\u00e4umen oder im Freien sowie f\u00fcr den Transport.<\/p>\n<h2>Eine Boots- oder Yachtabdeckung: die perfekte L\u00f6sung<\/h2>\n<p>Die Verwendung von Schrumpffolie zum Schutz Ihres Bootes ist die ideale L\u00f6sung f\u00fcr die <strong>Lagerung des Bootes<\/strong> in Ihrem Garten oder in Ihrer Garage. Immer mehr Boots- und Yachtbesitzer entscheiden sich f\u00fcr <strong>Schrumpffolie als Bootsabdeckung<\/strong>, da dies eine kosteng\u00fcnstige und umweltfreundliche L\u00f6sung darstellt.<\/p>\n<h2>Hochwertiger Schutz mit einer Bootsabdeckung<\/h2>\n<p>Bei Solicom arbeiten wir eng mit unseren globalen Partnern zusammen. Wir h\u00f6ren auf das Feedback unserer Kunden und Partner und sorgen f\u00fcr <strong>kontinuierliche Innovation<\/strong>. Unser Produkt erreicht daher die <strong>h\u00f6chsten Standards<\/strong> in Bezug auf Leistung und Qualit\u00e4t.<\/p>\n<p>Verisafe-Schrumpffolie ist ein Verpackungs- und Abdeckungsmaterial, das einen <strong>hervorragenden Hochleistungsschutz<\/strong> bietet. Diese hochwertige Boots- oder Yachtabdeckung l\u00e4sst sich leicht anbringen und wieder entfernen. Aufgrund dieser gro\u00dfen Vielseitigkeit ist damit der <strong>bestm\u00f6gliche Schutz Ihres Bootes<\/strong> w\u00e4hrend der Lagerzeit, w\u00e4hrend des Transports oder auch bei der Lagerung im Freien garantiert.<\/p>\n<p>Die Verisafe-Bootsabdeckung bietet viele wichtige Vorteile:<\/p>\n<ul>\n<li>Sehr hohe Durchsto\u00dffestigkeit<\/li>\n<li>UV-Schutz<\/li>\n<li>Perfekte Anpassung an die Form des Bootes<\/li>\n<li>Schutz vor rauen Witterungsbedingungen<\/li>\n<li>Staubschutz<\/li>\n<li>Feuerfestigkeit<\/li>\n<li>Umweltfreundlichkeit<\/li>\n<\/ul>\n<h2>Weitere Informationen \u00fcber die Schutzabdeckung f\u00fcr Boote<\/h2>\n<p>Kein Boot ist zu gro\u00df oder zu klein, um es mit Schrumpffolie zu verpacken. <strong>Sch\u00fctzen Sie Ihr Boot<\/strong> vor Witterungseinfl\u00fcssen, um es im besten Zustand zu erhalten.<\/p>\n<p>Haben Sie Fragen zu den M\u00f6glichkeiten und Anwendungen der Verisafe-Schrumpffolie? W\u00fcnschen Sie weitere Informationen dar\u00fcber, wie Sie Ihr Boot oder Ihre Yacht mit Schrumpffolie sch\u00fctzen k\u00f6nnen? Kontaktieren Sie uns. Unser Team hilft Ihnen gerne mit kompetenter Beratung.<\/p>\n","protected":false},"excerpt":{"rendered":"<p>Bootsabdeckung Sie suchen eine zuverl\u00e4ssige L\u00f6sung zum Schutz Ihres Bootes oder Ihrer Yacht vor der Witterung und vor Sch\u00e4den w\u00e4hrend&#8230;<\/p>\n","protected":false},"author":1,"featured_media":0,"parent":0,"menu_order":0,"comment_status":"closed","ping_status":"closed","template":"","meta":{"_acf_changed":false,"inline_featured_image":false,"footnotes":""},"class_list":["post-1706","page","type-page","status-publish","hentry"],"acf":[],"yoast_head":"<!-- This site is optimized with the Yoast SEO plugin v27.0 - https:\/\/yoast.com\/product\/yoast-seo-wordpress\/ -->\n<title>Bootsabdeckung - Solicom Verisafe<\/title>\n<meta name=\"description\" content=\"Sie suchen nach einer besseren M\u00f6glichkeit, Ihr Boot oder Ihre Yacht im Winter zu sch\u00fctzen? Sch\u00fctzen Sie es vor der Witterung mit einer leistungsstarken Solicom-Bootsabdeckung.\" \/>\n<meta name=\"robots\" content=\"index, follow, max-snippet:-1, max-image-preview:large, max-video-preview:-1\" \/>\n<link rel=\"canonical\" href=\"https:\/\/solicom-verisafe.com\/de\/bootsabdeckung\/\" \/>\n<meta property=\"og:locale\" content=\"de_DE\" \/>\n<meta property=\"og:type\" content=\"article\" \/>\n<meta property=\"og:title\" content=\"Bootsabdeckung - Solicom Verisafe\" \/>\n<meta property=\"og:description\" content=\"Sie suchen nach einer besseren M\u00f6glichkeit, Ihr Boot oder Ihre Yacht im Winter zu sch\u00fctzen? Sch\u00fctzen Sie es vor der Witterung mit einer leistungsstarken Solicom-Bootsabdeckung.\" \/>\n<meta property=\"og:url\" content=\"https:\/\/solicom-verisafe.com\/de\/bootsabdeckung\/\" \/>\n<meta property=\"og:site_name\" content=\"Solicom Verisafe\" \/>\n<meta property=\"article:publisher\" content=\"https:\/\/www.facebook.com\/solicomverisafe\/\" \/>\n<meta property=\"article:modified_time\" content=\"2021-03-23T09:28:53+00:00\" \/>\n<meta name=\"twitter:card\" content=\"summary_large_image\" \/>\n<meta name=\"twitter:label1\" content=\"Gesch\u00e4tzte Lesezeit\" \/>\n\t<meta name=\"twitter:data1\" content=\"2\u00a0Minuten\" \/>\n<script type=\"application\/ld+json\" class=\"yoast-schema-graph\">{\"@context\":\"https:\/\/schema.org\",\"@graph\":[{\"@type\":\"WebPage\",\"@id\":\"https:\/\/solicom-verisafe.com\/de\/bootsabdeckung\/\",\"url\":\"https:\/\/solicom-verisafe.com\/de\/bootsabdeckung\/\",\"name\":\"Bootsabdeckung - Solicom Verisafe\",\"isPartOf\":{\"@id\":\"https:\/\/solicom-verisafe.com\/de\/#website\"},\"datePublished\":\"2021-03-03T14:41:28+00:00\",\"dateModified\":\"2021-03-23T09:28:53+00:00\",\"description\":\"Sie suchen nach einer besseren M\u00f6glichkeit, Ihr Boot oder Ihre Yacht im Winter zu sch\u00fctzen? Sch\u00fctzen Sie es vor der Witterung mit einer leistungsstarken Solicom-Bootsabdeckung.\",\"breadcrumb\":{\"@id\":\"https:\/\/solicom-verisafe.com\/de\/bootsabdeckung\/#breadcrumb\"},\"inLanguage\":\"de\",\"potentialAction\":[{\"@type\":\"ReadAction\",\"target\":[\"https:\/\/solicom-verisafe.com\/de\/bootsabdeckung\/\"]}]},{\"@type\":\"BreadcrumbList\",\"@id\":\"https:\/\/solicom-verisafe.com\/de\/bootsabdeckung\/#breadcrumb\",\"itemListElement\":[{\"@type\":\"ListItem\",\"position\":1,\"name\":\"Home\",\"item\":\"https:\/\/solicom-verisafe.com\/de\/\"},{\"@type\":\"ListItem\",\"position\":2,\"name\":\"Bootsabdeckung\"}]},{\"@type\":\"WebSite\",\"@id\":\"https:\/\/solicom-verisafe.com\/de\/#website\",\"url\":\"https:\/\/solicom-verisafe.com\/de\/\",\"name\":\"Solicom Verisafe\",\"description\":\"\",\"publisher\":{\"@id\":\"https:\/\/solicom-verisafe.com\/de\/#organization\"},\"potentialAction\":[{\"@type\":\"SearchAction\",\"target\":{\"@type\":\"EntryPoint\",\"urlTemplate\":\"https:\/\/solicom-verisafe.com\/de\/?s={search_term_string}\"},\"query-input\":{\"@type\":\"PropertyValueSpecification\",\"valueRequired\":true,\"valueName\":\"search_term_string\"}}],\"inLanguage\":\"de\"},{\"@type\":\"Organization\",\"@id\":\"https:\/\/solicom-verisafe.com\/de\/#organization\",\"name\":\"Solicom Verisafe\",\"url\":\"https:\/\/solicom-verisafe.com\/de\/\",\"logo\":{\"@type\":\"ImageObject\",\"inLanguage\":\"de\",\"@id\":\"https:\/\/solicom-verisafe.com\/de\/#\/schema\/logo\/image\/\",\"url\":\"https:\/\/solicom-verisafe.com\/wp-content\/uploads\/2020\/01\/home_banner.jpg\",\"contentUrl\":\"https:\/\/solicom-verisafe.com\/wp-content\/uploads\/2020\/01\/home_banner.jpg\",\"width\":1920,\"height\":832,\"caption\":\"Solicom Verisafe\"},\"image\":{\"@id\":\"https:\/\/solicom-verisafe.com\/de\/#\/schema\/logo\/image\/\"},\"sameAs\":[\"https:\/\/www.facebook.com\/solicomverisafe\/\"]}]}<\/script>\n<!-- \/ Yoast SEO plugin. -->","yoast_head_json":{"title":"Bootsabdeckung - Solicom Verisafe","description":"Sie suchen nach einer besseren M\u00f6glichkeit, Ihr Boot oder Ihre Yacht im Winter zu sch\u00fctzen? Sch\u00fctzen Sie es vor der Witterung mit einer leistungsstarken Solicom-Bootsabdeckung.","robots":{"index":"index","follow":"follow","max-snippet":"max-snippet:-1","max-image-preview":"max-image-preview:large","max-video-preview":"max-video-preview:-1"},"canonical":"https:\/\/solicom-verisafe.com\/de\/bootsabdeckung\/","og_locale":"de_DE","og_type":"article","og_title":"Bootsabdeckung - Solicom Verisafe","og_description":"Sie suchen nach einer besseren M\u00f6glichkeit, Ihr Boot oder Ihre Yacht im Winter zu sch\u00fctzen? Sch\u00fctzen Sie es vor der Witterung mit einer leistungsstarken Solicom-Bootsabdeckung.","og_url":"https:\/\/solicom-verisafe.com\/de\/bootsabdeckung\/","og_site_name":"Solicom Verisafe","article_publisher":"https:\/\/www.facebook.com\/solicomverisafe\/","article_modified_time":"2021-03-23T09:28:53+00:00","twitter_card":"summary_large_image","twitter_misc":{"Gesch\u00e4tzte Lesezeit":"2\u00a0Minuten"},"schema":{"@context":"https:\/\/schema.org","@graph":[{"@type":"WebPage","@id":"https:\/\/solicom-verisafe.com\/de\/bootsabdeckung\/","url":"https:\/\/solicom-verisafe.com\/de\/bootsabdeckung\/","name":"Bootsabdeckung - Solicom Verisafe","isPartOf":{"@id":"https:\/\/solicom-verisafe.com\/de\/#website"},"datePublished":"2021-03-03T14:41:28+00:00","dateModified":"2021-03-23T09:28:53+00:00","description":"Sie suchen nach einer besseren M\u00f6glichkeit, Ihr Boot oder Ihre Yacht im Winter zu sch\u00fctzen? Sch\u00fctzen Sie es vor der Witterung mit einer leistungsstarken Solicom-Bootsabdeckung.","breadcrumb":{"@id":"https:\/\/solicom-verisafe.com\/de\/bootsabdeckung\/#breadcrumb"},"inLanguage":"de","potentialAction":[{"@type":"ReadAction","target":["https:\/\/solicom-verisafe.com\/de\/bootsabdeckung\/"]}]},{"@type":"BreadcrumbList","@id":"https:\/\/solicom-verisafe.com\/de\/bootsabdeckung\/#breadcrumb","itemListElement":[{"@type":"ListItem","position":1,"name":"Home","item":"https:\/\/solicom-verisafe.com\/de\/"},{"@type":"ListItem","position":2,"name":"Bootsabdeckung"}]},{"@type":"WebSite","@id":"https:\/\/solicom-verisafe.com\/de\/#website","url":"https:\/\/solicom-verisafe.com\/de\/","name":"Solicom Verisafe","description":"","publisher":{"@id":"https:\/\/solicom-verisafe.com\/de\/#organization"},"potentialAction":[{"@type":"SearchAction","target":{"@type":"EntryPoint","urlTemplate":"https:\/\/solicom-verisafe.com\/de\/?s={search_term_string}"},"query-input":{"@type":"PropertyValueSpecification","valueRequired":true,"valueName":"search_term_string"}}],"inLanguage":"de"},{"@type":"Organization","@id":"https:\/\/solicom-verisafe.com\/de\/#organization","name":"Solicom Verisafe","url":"https:\/\/solicom-verisafe.com\/de\/","logo":{"@type":"ImageObject","inLanguage":"de","@id":"https:\/\/solicom-verisafe.com\/de\/#\/schema\/logo\/image\/","url":"https:\/\/solicom-verisafe.com\/wp-content\/uploads\/2020\/01\/home_banner.jpg","contentUrl":"https:\/\/solicom-verisafe.com\/wp-content\/uploads\/2020\/01\/home_banner.jpg","width":1920,"height":832,"caption":"Solicom Verisafe"},"image":{"@id":"https:\/\/solicom-verisafe.com\/de\/#\/schema\/logo\/image\/"},"sameAs":["https:\/\/www.facebook.com\/solicomverisafe\/"]}]}},"_links":{"self":[{"href":"https:\/\/solicom-verisafe.com\/de\/wp-json\/wp\/v2\/pages\/1706","targetHints":{"allow":["GET"]}}],"collection":[{"href":"https:\/\/solicom-verisafe.com\/de\/wp-json\/wp\/v2\/pages"}],"about":[{"href":"https:\/\/solicom-verisafe.com\/de\/wp-json\/wp\/v2\/types\/page"}],"author":[{"embeddable":true,"href":"https:\/\/solicom-verisafe.com\/de\/wp-json\/wp\/v2\/users\/1"}],"replies":[{"embeddable":true,"href":"https:\/\/solicom-verisafe.com\/de\/wp-json\/wp\/v2\/comments?post=1706"}],"version-history":[{"count":0,"href":"https:\/\/solicom-verisafe.com\/de\/wp-json\/wp\/v2\/pages\/1706\/revisions"}],"wp:attachment":[{"href":"https:\/\/solicom-verisafe.com\/de\/wp-json\/wp\/v2\/media?parent=1706"}],"curies":[{"name":"wp","href":"https:\/\/api.w.org\/{rel}","templated":true}]}}