{"id":1069,"date":"2021-03-15T15:01:43","date_gmt":"2021-03-15T13:01:43","guid":{"rendered":"https:\/\/solicom-verisafe.com\/?page_id=1069"},"modified":"2025-05-15T16:50:11","modified_gmt":"2025-05-15T14:50:11","slug":"zertifizierungen-und-qualitaetskontrolle","status":"publish","type":"page","link":"https:\/\/solicom-verisafe.com\/de\/technologie\/zertifizierungen-und-qualitaetskontrolle\/","title":{"rendered":"Zertifizierungen und Qualit\u00e4tskontrolle"},"content":{"rendered":"<h1 class=\"p1\"><span class=\"s1\"><b>Zertifizierungen, die den Anforderungen unserer Kunden entsprechen<\/b><\/span><\/h1>\n<h2><strong>Ein nach ISO 9001:2015 zertifiziertes Qualit\u00e4tsmanagementsystem<\/strong><\/h2>\n<p><img loading=\"lazy\" decoding=\"async\" class=\" wp-image-1076 alignleft\" src=\"https:\/\/solicom-verisafe.com\/wp-content\/uploads\/2020\/04\/Logo-LNE.jpeg\" alt=\"\" width=\"208\" height=\"176\">Exzellenz ist das Schl\u00fcsselwort in unserem Design- und Herstellungsprozess f\u00fcr unsere Verisafe-Produkte.<\/p>\n<p>Um die Qualit\u00e4t unserer Produktion zu gew\u00e4hrleisten, werden regelm\u00e4\u00dfig Kontrollen durchgef\u00fchrt, um die Herstellungsparameter und die Eigenschaften des Endprodukts zu \u00fcberpr\u00fcfen.<\/p>\n<p>Eine Auswahl unserer Verisafe-Folien ist jetzt nach ISO 9001:2015 zertifiziert und wird j\u00e4hrlich von der LPCB gepr\u00fcft. Diese Zertifizierung ist die Garantie f\u00fcr eine zuverl\u00e4ssige Nachverfolgung und Strenge vom Produktionsprozess bis zur Auslieferung unserer Produkte. Dank dieses Ansatzes der Exzellenz ist unsere Qualit\u00e4t in Europa und weltweit anerkannt.  <\/p>\n<h2 class=\"p1\"><span class=\"s1\"><b>Zertifizierte Filme, die internationale Standards erf\u00fcllen<\/b><\/span><\/h2>\n<p class=\"p1\"><span class=\"s1\">Die Zertifizierung von Verisafe-Folien ist ein wichtiger Prozess, um die Qualit\u00e4t unserer Produkte zu gew\u00e4hrleisten und die Anforderungen unserer Kunden zu erf\u00fcllen, einschlie\u00dflich der Reduzierung von Brandrisiken.<\/span><\/p>\n<p class=\"p1\"><span class=\"s1\">Unsere Folien sind nach den h\u00f6chsten Standards zertifiziert. Unsere Produkte sind daher auf dem Weltmarkt und f\u00fcr alle Gesch\u00e4ftsbereiche erh\u00e4ltlich. (Siehe: Zertifizierungslogos unserer VERISAFE-Folie, Tabelle oder Bild mit LPS-, M1-Zertifizierungen, usw.).  <\/span><\/p>\n<p class=\"p1\"><span class=\"s1\">Eine Auswahl unserer Verisafe-Folien ist jetzt nach ISO 9001:2015 zertifiziert und wird j\u00e4hrlich von der LPCB gepr\u00fcft. Diese Zertifizierung garantiert eine zuverl\u00e4ssige \u00dcberwachung und Pr\u00e4zision vom Produktionsprozess bis zur Auslieferung unserer Produkte. Dank dieses Qualit\u00e4tsansatzes ist unsere Marke in Europa und auf der ganzen Welt anerkannt.  <\/span><\/p>\n<h2>LPCB-Zertifizierung (Ref. 789a und 789b) f\u00fcr das Brandrisiko &#8211; LPCB<\/h2>\n<p><strong><img loading=\"lazy\" decoding=\"async\" class=\" wp-image-1077 alignleft\" src=\"https:\/\/solicom-verisafe.com\/wp-content\/uploads\/2020\/04\/Logo-LPCB.jpg\" alt=\"\" width=\"127\" height=\"127\" srcset=\"https:\/\/solicom-verisafe.com\/wp-content\/uploads\/2020\/04\/Logo-LPCB.jpg 300w, https:\/\/solicom-verisafe.com\/wp-content\/uploads\/2020\/04\/Logo-LPCB-24x24.jpg 24w, https:\/\/solicom-verisafe.com\/wp-content\/uploads\/2020\/04\/Logo-LPCB-48x48.jpg 48w, https:\/\/solicom-verisafe.com\/wp-content\/uploads\/2020\/04\/Logo-LPCB-96x96.jpg 96w, https:\/\/solicom-verisafe.com\/wp-content\/uploads\/2020\/04\/Logo-LPCB-150x150.jpg 150w\" sizes=\"auto, (max-width: 127px) 100vw, 127px\" \/>LPS 1207<\/strong>: Schutzmaterialien<\/p>\n<p>Zertifikat 789a f\u00fcr unsere Folien Verisafe 200\u03bcm (wei\u00df) und Verisafe b1 280\u03bcm (wei\u00df)<\/p>\n<p><strong>LPS 1215<\/strong>: Ger\u00fcstverkleidungsmaterialien<\/p>\n<p>789b Zertifikat f\u00fcr unsere Verisafe b1 280\u03bcm (wei\u00df) und Verisafe 320\u03bcm (wei\u00df) Folien<\/p>\n<h2><strong>Zertifizierung EN 13501-1 &#8211; b, s1, d0<\/strong><\/h2>\n<p><img loading=\"lazy\" decoding=\"async\" class=\"size-full wp-image-1078 alignleft\" src=\"https:\/\/solicom-verisafe.com\/wp-content\/uploads\/2020\/04\/Logo-Warrington-Fire.png\" alt=\"\" width=\"300\" height=\"49\">EN 13501-1 ist eine europ\u00e4ische Klassifizierungsnorm f\u00fcr das Brandverhalten.<\/p>\n<p>Die Baustoffe werden in verschiedene Kategorien A1, A2, B, C, D, E oder F eingeteilt. Die Bildung von gl\u00fchenden Tropfen (Klassen d0, d1 und d2) sowie die Rauchentwicklung (s1, s2 und s3) werden ebenfalls ber\u00fccksichtigt<\/p>\n","protected":false},"excerpt":{"rendered":"<p>Zertifizierungen, die den Anforderungen unserer Kunden entsprechen Ein nach ISO 9001:2015 zertifiziertes Qualit\u00e4tsmanagementsystem Exzellenz ist das Schl\u00fcsselwort in unserem Design-&#8230;<\/p>\n","protected":false},"author":1,"featured_media":0,"parent":910,"menu_order":0,"comment_status":"closed","ping_status":"closed","template":"","meta":{"_acf_changed":false,"inline_featured_image":false,"footnotes":""},"class_list":["post-1069","page","type-page","status-publish","hentry"],"acf":[],"yoast_head":"<!-- This site is optimized with the Yoast SEO plugin v27.0 - https:\/\/yoast.com\/product\/yoast-seo-wordpress\/ -->\n<title>Zertifizierungen und Qualit\u00e4tskontrolle - Solicom Verisafe<\/title>\n<meta name=\"description\" content=\"Solicom ist weltweit bekannt f\u00fcr seine qualitativ hochwertigen Dienstleistungen, die internationalen Standards, Umwelt- und Sicherheitsvorschriften entsprechen.\" \/>\n<meta name=\"robots\" content=\"index, follow, max-snippet:-1, max-image-preview:large, max-video-preview:-1\" \/>\n<link rel=\"canonical\" href=\"https:\/\/solicom-verisafe.com\/de\/technologie\/zertifizierungen-und-qualitaetskontrolle\/\" \/>\n<meta property=\"og:locale\" content=\"de_DE\" \/>\n<meta property=\"og:type\" content=\"article\" \/>\n<meta property=\"og:title\" content=\"Zertifizierungen und Qualit\u00e4tskontrolle - Solicom Verisafe\" \/>\n<meta property=\"og:description\" content=\"Solicom ist weltweit bekannt f\u00fcr seine qualitativ hochwertigen Dienstleistungen, die internationalen Standards, Umwelt- und Sicherheitsvorschriften entsprechen.\" \/>\n<meta property=\"og:url\" content=\"https:\/\/solicom-verisafe.com\/de\/technologie\/zertifizierungen-und-qualitaetskontrolle\/\" \/>\n<meta property=\"og:site_name\" content=\"Solicom Verisafe\" \/>\n<meta property=\"article:publisher\" content=\"https:\/\/www.facebook.com\/solicomverisafe\/\" \/>\n<meta property=\"article:modified_time\" content=\"2025-05-15T14:50:11+00:00\" \/>\n<meta property=\"og:image\" content=\"https:\/\/solicom-verisafe.com\/wp-content\/uploads\/2020\/04\/Logo-LNE.jpeg\" \/>\n<meta name=\"twitter:card\" content=\"summary_large_image\" \/>\n<meta name=\"twitter:label1\" content=\"Gesch\u00e4tzte Lesezeit\" \/>\n\t<meta name=\"twitter:data1\" content=\"2\u00a0Minuten\" \/>\n<script type=\"application\/ld+json\" class=\"yoast-schema-graph\">{\"@context\":\"https:\/\/schema.org\",\"@graph\":[{\"@type\":\"WebPage\",\"@id\":\"https:\/\/solicom-verisafe.com\/de\/technologie\/zertifizierungen-und-qualitaetskontrolle\/\",\"url\":\"https:\/\/solicom-verisafe.com\/de\/technologie\/zertifizierungen-und-qualitaetskontrolle\/\",\"name\":\"Zertifizierungen und Qualit\u00e4tskontrolle - Solicom Verisafe\",\"isPartOf\":{\"@id\":\"https:\/\/solicom-verisafe.com\/de\/#website\"},\"primaryImageOfPage\":{\"@id\":\"https:\/\/solicom-verisafe.com\/de\/technologie\/zertifizierungen-und-qualitaetskontrolle\/#primaryimage\"},\"image\":{\"@id\":\"https:\/\/solicom-verisafe.com\/de\/technologie\/zertifizierungen-und-qualitaetskontrolle\/#primaryimage\"},\"thumbnailUrl\":\"https:\/\/solicom-verisafe.com\/wp-content\/uploads\/2020\/04\/Logo-LNE.jpeg\",\"datePublished\":\"2021-03-15T13:01:43+00:00\",\"dateModified\":\"2025-05-15T14:50:11+00:00\",\"description\":\"Solicom ist weltweit bekannt f\u00fcr seine qualitativ hochwertigen Dienstleistungen, die internationalen Standards, Umwelt- und Sicherheitsvorschriften entsprechen.\",\"breadcrumb\":{\"@id\":\"https:\/\/solicom-verisafe.com\/de\/technologie\/zertifizierungen-und-qualitaetskontrolle\/#breadcrumb\"},\"inLanguage\":\"de\",\"potentialAction\":[{\"@type\":\"ReadAction\",\"target\":[\"https:\/\/solicom-verisafe.com\/de\/technologie\/zertifizierungen-und-qualitaetskontrolle\/\"]}]},{\"@type\":\"ImageObject\",\"inLanguage\":\"de\",\"@id\":\"https:\/\/solicom-verisafe.com\/de\/technologie\/zertifizierungen-und-qualitaetskontrolle\/#primaryimage\",\"url\":\"https:\/\/solicom-verisafe.com\/wp-content\/uploads\/2020\/04\/Logo-LNE.jpeg\",\"contentUrl\":\"https:\/\/solicom-verisafe.com\/wp-content\/uploads\/2020\/04\/Logo-LNE.jpeg\"},{\"@type\":\"BreadcrumbList\",\"@id\":\"https:\/\/solicom-verisafe.com\/de\/technologie\/zertifizierungen-und-qualitaetskontrolle\/#breadcrumb\",\"itemListElement\":[{\"@type\":\"ListItem\",\"position\":1,\"name\":\"Home\",\"item\":\"https:\/\/solicom-verisafe.com\/de\/\"},{\"@type\":\"ListItem\",\"position\":2,\"name\":\"Technologie\",\"item\":\"https:\/\/solicom-verisafe.com\/de\/technologie\/\"},{\"@type\":\"ListItem\",\"position\":3,\"name\":\"Zertifizierungen und Qualit\u00e4tskontrolle\"}]},{\"@type\":\"WebSite\",\"@id\":\"https:\/\/solicom-verisafe.com\/de\/#website\",\"url\":\"https:\/\/solicom-verisafe.com\/de\/\",\"name\":\"Solicom Verisafe\",\"description\":\"\",\"publisher\":{\"@id\":\"https:\/\/solicom-verisafe.com\/de\/#organization\"},\"potentialAction\":[{\"@type\":\"SearchAction\",\"target\":{\"@type\":\"EntryPoint\",\"urlTemplate\":\"https:\/\/solicom-verisafe.com\/de\/?s={search_term_string}\"},\"query-input\":{\"@type\":\"PropertyValueSpecification\",\"valueRequired\":true,\"valueName\":\"search_term_string\"}}],\"inLanguage\":\"de\"},{\"@type\":\"Organization\",\"@id\":\"https:\/\/solicom-verisafe.com\/de\/#organization\",\"name\":\"Solicom Verisafe\",\"url\":\"https:\/\/solicom-verisafe.com\/de\/\",\"logo\":{\"@type\":\"ImageObject\",\"inLanguage\":\"de\",\"@id\":\"https:\/\/solicom-verisafe.com\/de\/#\/schema\/logo\/image\/\",\"url\":\"https:\/\/solicom-verisafe.com\/wp-content\/uploads\/2020\/01\/home_banner.jpg\",\"contentUrl\":\"https:\/\/solicom-verisafe.com\/wp-content\/uploads\/2020\/01\/home_banner.jpg\",\"width\":1920,\"height\":832,\"caption\":\"Solicom Verisafe\"},\"image\":{\"@id\":\"https:\/\/solicom-verisafe.com\/de\/#\/schema\/logo\/image\/\"},\"sameAs\":[\"https:\/\/www.facebook.com\/solicomverisafe\/\"]}]}<\/script>\n<!-- \/ Yoast SEO plugin. -->","yoast_head_json":{"title":"Zertifizierungen und Qualit\u00e4tskontrolle - Solicom Verisafe","description":"Solicom ist weltweit bekannt f\u00fcr seine qualitativ hochwertigen Dienstleistungen, die internationalen Standards, Umwelt- und Sicherheitsvorschriften entsprechen.","robots":{"index":"index","follow":"follow","max-snippet":"max-snippet:-1","max-image-preview":"max-image-preview:large","max-video-preview":"max-video-preview:-1"},"canonical":"https:\/\/solicom-verisafe.com\/de\/technologie\/zertifizierungen-und-qualitaetskontrolle\/","og_locale":"de_DE","og_type":"article","og_title":"Zertifizierungen und Qualit\u00e4tskontrolle - Solicom Verisafe","og_description":"Solicom ist weltweit bekannt f\u00fcr seine qualitativ hochwertigen Dienstleistungen, die internationalen Standards, Umwelt- und Sicherheitsvorschriften entsprechen.","og_url":"https:\/\/solicom-verisafe.com\/de\/technologie\/zertifizierungen-und-qualitaetskontrolle\/","og_site_name":"Solicom Verisafe","article_publisher":"https:\/\/www.facebook.com\/solicomverisafe\/","article_modified_time":"2025-05-15T14:50:11+00:00","og_image":[{"url":"https:\/\/solicom-verisafe.com\/wp-content\/uploads\/2020\/04\/Logo-LNE.jpeg","type":"","width":"","height":""}],"twitter_card":"summary_large_image","twitter_misc":{"Gesch\u00e4tzte Lesezeit":"2\u00a0Minuten"},"schema":{"@context":"https:\/\/schema.org","@graph":[{"@type":"WebPage","@id":"https:\/\/solicom-verisafe.com\/de\/technologie\/zertifizierungen-und-qualitaetskontrolle\/","url":"https:\/\/solicom-verisafe.com\/de\/technologie\/zertifizierungen-und-qualitaetskontrolle\/","name":"Zertifizierungen und Qualit\u00e4tskontrolle - Solicom Verisafe","isPartOf":{"@id":"https:\/\/solicom-verisafe.com\/de\/#website"},"primaryImageOfPage":{"@id":"https:\/\/solicom-verisafe.com\/de\/technologie\/zertifizierungen-und-qualitaetskontrolle\/#primaryimage"},"image":{"@id":"https:\/\/solicom-verisafe.com\/de\/technologie\/zertifizierungen-und-qualitaetskontrolle\/#primaryimage"},"thumbnailUrl":"https:\/\/solicom-verisafe.com\/wp-content\/uploads\/2020\/04\/Logo-LNE.jpeg","datePublished":"2021-03-15T13:01:43+00:00","dateModified":"2025-05-15T14:50:11+00:00","description":"Solicom ist weltweit bekannt f\u00fcr seine qualitativ hochwertigen Dienstleistungen, die internationalen Standards, Umwelt- und Sicherheitsvorschriften entsprechen.","breadcrumb":{"@id":"https:\/\/solicom-verisafe.com\/de\/technologie\/zertifizierungen-und-qualitaetskontrolle\/#breadcrumb"},"inLanguage":"de","potentialAction":[{"@type":"ReadAction","target":["https:\/\/solicom-verisafe.com\/de\/technologie\/zertifizierungen-und-qualitaetskontrolle\/"]}]},{"@type":"ImageObject","inLanguage":"de","@id":"https:\/\/solicom-verisafe.com\/de\/technologie\/zertifizierungen-und-qualitaetskontrolle\/#primaryimage","url":"https:\/\/solicom-verisafe.com\/wp-content\/uploads\/2020\/04\/Logo-LNE.jpeg","contentUrl":"https:\/\/solicom-verisafe.com\/wp-content\/uploads\/2020\/04\/Logo-LNE.jpeg"},{"@type":"BreadcrumbList","@id":"https:\/\/solicom-verisafe.com\/de\/technologie\/zertifizierungen-und-qualitaetskontrolle\/#breadcrumb","itemListElement":[{"@type":"ListItem","position":1,"name":"Home","item":"https:\/\/solicom-verisafe.com\/de\/"},{"@type":"ListItem","position":2,"name":"Technologie","item":"https:\/\/solicom-verisafe.com\/de\/technologie\/"},{"@type":"ListItem","position":3,"name":"Zertifizierungen und Qualit\u00e4tskontrolle"}]},{"@type":"WebSite","@id":"https:\/\/solicom-verisafe.com\/de\/#website","url":"https:\/\/solicom-verisafe.com\/de\/","name":"Solicom Verisafe","description":"","publisher":{"@id":"https:\/\/solicom-verisafe.com\/de\/#organization"},"potentialAction":[{"@type":"SearchAction","target":{"@type":"EntryPoint","urlTemplate":"https:\/\/solicom-verisafe.com\/de\/?s={search_term_string}"},"query-input":{"@type":"PropertyValueSpecification","valueRequired":true,"valueName":"search_term_string"}}],"inLanguage":"de"},{"@type":"Organization","@id":"https:\/\/solicom-verisafe.com\/de\/#organization","name":"Solicom Verisafe","url":"https:\/\/solicom-verisafe.com\/de\/","logo":{"@type":"ImageObject","inLanguage":"de","@id":"https:\/\/solicom-verisafe.com\/de\/#\/schema\/logo\/image\/","url":"https:\/\/solicom-verisafe.com\/wp-content\/uploads\/2020\/01\/home_banner.jpg","contentUrl":"https:\/\/solicom-verisafe.com\/wp-content\/uploads\/2020\/01\/home_banner.jpg","width":1920,"height":832,"caption":"Solicom Verisafe"},"image":{"@id":"https:\/\/solicom-verisafe.com\/de\/#\/schema\/logo\/image\/"},"sameAs":["https:\/\/www.facebook.com\/solicomverisafe\/"]}]}},"_links":{"self":[{"href":"https:\/\/solicom-verisafe.com\/de\/wp-json\/wp\/v2\/pages\/1069","targetHints":{"allow":["GET"]}}],"collection":[{"href":"https:\/\/solicom-verisafe.com\/de\/wp-json\/wp\/v2\/pages"}],"about":[{"href":"https:\/\/solicom-verisafe.com\/de\/wp-json\/wp\/v2\/types\/page"}],"author":[{"embeddable":true,"href":"https:\/\/solicom-verisafe.com\/de\/wp-json\/wp\/v2\/users\/1"}],"replies":[{"embeddable":true,"href":"https:\/\/solicom-verisafe.com\/de\/wp-json\/wp\/v2\/comments?post=1069"}],"version-history":[{"count":1,"href":"https:\/\/solicom-verisafe.com\/de\/wp-json\/wp\/v2\/pages\/1069\/revisions"}],"predecessor-version":[{"id":2745,"href":"https:\/\/solicom-verisafe.com\/de\/wp-json\/wp\/v2\/pages\/1069\/revisions\/2745"}],"up":[{"embeddable":true,"href":"https:\/\/solicom-verisafe.com\/de\/wp-json\/wp\/v2\/pages\/910"}],"wp:attachment":[{"href":"https:\/\/solicom-verisafe.com\/de\/wp-json\/wp\/v2\/media?parent=1069"}],"curies":[{"name":"wp","href":"https:\/\/api.w.org\/{rel}","templated":true}]}}